{"id":10,"date":"2016-03-04T14:20:56","date_gmt":"2016-03-04T13:20:56","guid":{"rendered":"http:\/\/mall1.vikab.com\/?page_id=10"},"modified":"2026-04-17T11:59:44","modified_gmt":"2026-04-17T09:59:44","slug":"startsida","status":"publish","type":"page","link":"https:\/\/www.mkab.eu\/de\/","title":{"rendered":"Start Seite"},"content":{"rendered":"<div id='full_slider_1'  class='avia-fullwidth-slider main_color avia-shadow   avia-builder-el-0  el_before_av_two_third  avia-builder-el-first   container_wrap fullsize'  ><div  class='avia-slideshow av-1ta32-8a27b12e58deccf69714901a842a627f avia-slideshow-no scaling av_slideshow_full avia-fade-slider av-slideshow-ui av-control-hidden av-no-slider-navigation av-hide-nav-arrows av-slideshow-autoplay av-loop-endless av-loop-manual-endless av-default-height-applied   avia-slideshow-1' data-slideshow-options=\"{&quot;animation&quot;:&quot;fade&quot;,&quot;autoplay&quot;:true,&quot;loop_autoplay&quot;:&quot;endless&quot;,&quot;interval&quot;:4,&quot;loop_manual&quot;:&quot;manual-endless&quot;,&quot;autoplay_stopper&quot;:false,&quot;noNavigation&quot;:true,&quot;bg_slider&quot;:false,&quot;keep_padding&quot;:false,&quot;hoverpause&quot;:false,&quot;show_slide_delay&quot;:0}\"  itemprop=\"image\" itemscope=\"itemscope\" itemtype=\"https:\/\/schema.org\/ImageObject\" ><ul class='avia-slideshow-inner' style='padding-bottom: 35%;'><li  class='avia-slideshow-slide av-1ta32-8a27b12e58deccf69714901a842a627f__0  av-single-slide slide-1 slide-odd'><div data-rel='slideshow-1' class='avia-slide-wrap'   ><img data-recalc-dims=\"1\" decoding=\"async\" fetchpriority=\"high\" class=\"wp-image-7960 avia-img-lazy-loading-not-7960\"  src=\"https:\/\/i0.wp.com\/www.mkab.eu\/wp-content\/uploads\/2026\/03\/mkab_start_mareno_mrs26-scaled.webp?resize=1500%2C525&#038;ssl=1\" width=\"1500\" height=\"525\" title='mkab_start_mareno_mrs26' alt='Nahaufnahme einer K\u00fcche in einem Restaurant'  itemprop=\"thumbnailUrl\" srcset=\"https:\/\/i0.wp.com\/www.mkab.eu\/wp-content\/uploads\/2026\/03\/mkab_start_mareno_mrs26-scaled.webp?w=2560&amp;ssl=1 2560w, https:\/\/i0.wp.com\/www.mkab.eu\/wp-content\/uploads\/2026\/03\/mkab_start_mareno_mrs26-scaled.webp?resize=300%2C105&amp;ssl=1 300w, https:\/\/i0.wp.com\/www.mkab.eu\/wp-content\/uploads\/2026\/03\/mkab_start_mareno_mrs26-scaled.webp?resize=1030%2C360&amp;ssl=1 1030w, https:\/\/i0.wp.com\/www.mkab.eu\/wp-content\/uploads\/2026\/03\/mkab_start_mareno_mrs26-scaled.webp?resize=768%2C269&amp;ssl=1 768w, https:\/\/i0.wp.com\/www.mkab.eu\/wp-content\/uploads\/2026\/03\/mkab_start_mareno_mrs26-scaled.webp?resize=1536%2C537&amp;ssl=1 1536w, https:\/\/i0.wp.com\/www.mkab.eu\/wp-content\/uploads\/2026\/03\/mkab_start_mareno_mrs26-scaled.webp?resize=2048%2C716&amp;ssl=1 2048w, https:\/\/i0.wp.com\/www.mkab.eu\/wp-content\/uploads\/2026\/03\/mkab_start_mareno_mrs26-scaled.webp?resize=18%2C6&amp;ssl=1 18w, https:\/\/i0.wp.com\/www.mkab.eu\/wp-content\/uploads\/2026\/03\/mkab_start_mareno_mrs26-scaled.webp?resize=1500%2C525&amp;ssl=1 1500w, https:\/\/i0.wp.com\/www.mkab.eu\/wp-content\/uploads\/2026\/03\/mkab_start_mareno_mrs26-scaled.webp?resize=705%2C247&amp;ssl=1 705w, https:\/\/i0.wp.com\/www.mkab.eu\/wp-content\/uploads\/2026\/03\/mkab_start_mareno_mrs26-scaled.webp?resize=1210%2C423&amp;ssl=1 1210w\" sizes=\"(max-width: 1500px) 100vw, 1500px\" \/><\/div><\/li><\/ul><\/div><\/div><div id='after_full_slider_1'  class='main_color av_default_container_wrap container_wrap fullsize'  ><div class='container av-section-cont-open' ><div class='template-page content  av-content-full alpha units'><div class='post-entry post-entry-type-page post-entry-10'><div class='entry-content-wrapper clearfix'>\n\n<style type=\"text\/css\" data-created_by=\"avia_inline_auto\" id=\"style-css-av-b0d7y-7d4dd18eb35e3c8569770bfb7c0db782\">\n.flex_column.av-b0d7y-7d4dd18eb35e3c8569770bfb7c0db782{\nborder-radius:0px 0px 0px 0px;\npadding:0px 0px 0px 0px;\n}\n<\/style>\n<div  class='flex_column av-b0d7y-7d4dd18eb35e3c8569770bfb7c0db782 av_two_third  avia-builder-el-1  el_after_av_slideshow_full  el_before_av_one_third  avia-builder-el-first  first flex_column_div av-animated-generic left-to-right av-zero-column-padding'     ><section  class='av_textblock_section av-akzo6-41645edb0c7eb39416ae72ac75af661f'   itemscope=\"itemscope\" itemtype=\"https:\/\/schema.org\/CreativeWork\" ><div class='avia_textblock'  itemprop=\"text\" ><h1 data-start=\"170\" data-end=\"259\"><strong data-start=\"170\" data-end=\"259\">Hochwertige Restaurantausstattung<\/strong><\/h1>\n<p data-start=\"321\" data-end=\"660\">Wir importieren und vertreiben professionelle K\u00fcchenausstattung f\u00fcr den schwedischen Markt, wobei wir uns auf den gesamten HoReCa-Sektor sowie Gro\u00dfk\u00fcchen konzentrieren. Wir arbeiten mit f\u00fchrenden europ\u00e4ischen Herstellern zusammen und bieten ein gro\u00dfes Sortiment an Ger\u00e4ten f\u00fcr die Zubereitung von Speisen in kleinen und gro\u00dfen Restaurantk\u00fcchen. Um den Anforderungen unserer Kunden nach schneller Lieferung gerecht zu werden, lagern wir einen Gro\u00dfteil unseres Sortiments hier in Schweden. Die Produkte werden \u00fcber ein Netzwerk von professionellen H\u00e4ndlern verkauft, die auf Ger\u00e4te f\u00fcr Restaurantk\u00fcchen spezialisiert sind. Gemeinsam stellen wir sicher, dass unsere Kunden Zugang zu effizienten, nachhaltigen und zuverl\u00e4ssigen K\u00fcchenger\u00e4ten haben.<\/p>\n<\/div><\/section><\/div>\n\n<style type=\"text\/css\" data-created_by=\"avia_inline_auto\" id=\"style-css-av-9w3wy-1ffdf89223be027c1eb322f0e004543e\">\n.flex_column.av-9w3wy-1ffdf89223be027c1eb322f0e004543e{\nborder-radius:0px 0px 0px 0px;\npadding:0px 0px 0px 0px;\n}\n<\/style>\n<div  class='flex_column av-9w3wy-1ffdf89223be027c1eb322f0e004543e av_one_third  avia-builder-el-3  el_after_av_two_third  el_before_av_hr  flex_column_div av-animated-generic right-to-left av-zero-column-padding'     ><p><div  class='avia-button-wrap avia-button-center  avia-builder-el-4  el_before_av_button_big  avia-builder-el-first  storknapp'>\n<style type=\"text\/css\" data-created_by=\"avia_inline_auto\" id=\"style-css-av-97na6-3a4499d6547bf0a825ce28b07c8818d1\">\n#top #wrap_all .avia-button.av-97na6-3a4499d6547bf0a825ce28b07c8818d1{\nmargin:10px 10px 10px 10px;\npadding:10px 10px 10px 10px;\n}\n#top #wrap_all .avia-button.av-97na6-3a4499d6547bf0a825ce28b07c8818d1:hover{\nbackground-color:#212528;\ncolor:white;\ntransition:all 0.4s ease-in-out;\n}\n#top #wrap_all .avia-button.av-97na6-3a4499d6547bf0a825ce28b07c8818d1:hover .avia-svg-icon svg:first-child{\nfill:white;\nstroke:white;\n}\n<\/style>\n<a href='https:\/\/www.mkab.eu\/de\/kontakt\/' class='avia-color-theme-color avia-font-color-theme-color avia-button avia-button-fullwidth av-97na6-3a4499d6547bf0a825ce28b07c8818d1 avia-icon_select-yes-right-icon avia-color-theme-color'   aria-label=\"Kontaktieren Sie uns unter\"><span class='avia_iconbox_title' >Kontaktieren Sie uns unter<\/span><span class='avia_button_icon avia_button_icon_right avia-iconfont avia-font-entypo-fontello' data-av_icon='\ue87d' data-av_iconfont='entypo-fontello' ><\/span><\/a><\/div><br \/>\n<div  class='avia-button-wrap avia-button-center  avia-builder-el-5  el_after_av_button_big  avia-builder-el-last  storknapp'>\n<style type=\"text\/css\" data-created_by=\"avia_inline_auto\" id=\"style-css-av-mbrn8m0n-b8c4ab3b27f10e103ad7518790f4ad4e\">\n#top #wrap_all .avia-button.av-mbrn8m0n-b8c4ab3b27f10e103ad7518790f4ad4e{\nmargin:10px 10px 10px 10px;\npadding:10px 10px 10px 10px;\n}\n#top #wrap_all .avia-button.av-mbrn8m0n-b8c4ab3b27f10e103ad7518790f4ad4e:hover{\nbackground-color:#212528;\ncolor:white;\ntransition:all 0.4s ease-in-out;\n}\n#top #wrap_all .avia-button.av-mbrn8m0n-b8c4ab3b27f10e103ad7518790f4ad4e:hover .avia-svg-icon svg:first-child{\nfill:white;\nstroke:white;\n}\n<\/style>\n<a href='https:\/\/www.mkab.eu\/de\/aktuell\/' class='avia-color-theme-color avia-font-color-theme-color avia-button avia-button-fullwidth av-mbrn8m0n-b8c4ab3b27f10e103ad7518790f4ad4e avia-icon_select-yes-right-icon avia-color-theme-color'   aria-label=\"Neueste Nachrichten\"><span class='avia_iconbox_title' >Neueste Nachrichten<\/span><span class='avia_button_icon avia_button_icon_right avia-iconfont avia-font-entypo-fontello' data-av_icon='\ue87d' data-av_iconfont='entypo-fontello' ><\/span><\/a><\/div><\/p><\/div>\n\n<style type=\"text\/css\" data-created_by=\"avia_inline_auto\" id=\"style-css-av-8h97e-73692ef809ff2246d381667d6fe5a9a6\">\n#top .hr.hr-invisible.av-8h97e-73692ef809ff2246d381667d6fe5a9a6{\nheight:40px;\n}\n<\/style>\n<div  class='hr av-8h97e-73692ef809ff2246d381667d6fe5a9a6 hr-invisible  avia-builder-el-6  el_after_av_one_third  el_before_av_one_full'><span class='hr-inner'><span class=\"hr-inner-style\"><\/span><\/span><\/div>\n\n<style type=\"text\/css\" data-created_by=\"avia_inline_auto\" id=\"style-css-av-82m76-128f90e57cd10b4b17c31fdc818c05ca\">\n.flex_column.av-82m76-128f90e57cd10b4b17c31fdc818c05ca{\nborder-radius:0px 0px 0px 0px;\npadding:0px 0px 0px 0px;\n}\n<\/style>\n<div  class='flex_column av-82m76-128f90e57cd10b4b17c31fdc818c05ca av_one_full  avia-builder-el-7  el_after_av_hr  avia-builder-el-last  first flex_column_div av-animated-generic bottom-to-top av-zero-column-padding'     ><style type=\"text\/css\" data-created_by=\"avia_inline_auto\" id=\"style-css-av-7dek6-bb30d42c2756ed723ede06b3bab7d369\">\n.avia-logo-element-container.av-7dek6-bb30d42c2756ed723ede06b3bab7d369 .av-partner-fake-img{\nbackground-size:cover;\n}\n<\/style>\n<div  class='avia-logo-element-container av-7dek6-bb30d42c2756ed723ede06b3bab7d369 avia-logo-grid avia-content-slider avia-smallarrow-slider avia-content-grid-active noHover avia-content-slider-odd  avia-builder-el-8  avia-builder-el-no-sibling  avia-content-slider1' ><div class='avia-smallarrow-slider-heading  no-logo-slider-heading'><div class='new-special-heading'>&nbsp;<\/div><\/div><div class=\"avia-content-slider-inner\"><div class=\"slide-entry-wrap\"><div  class='slide-entry av-6vbxy-8cbbbbe317581bb7865a4b96692e5e42 flex_column no_margin av_one_seventh real-thumbnail post-entry slide-entry-overview slide-loop-1 slide-parity-odd  first'><a href=\"https:\/\/www.mkab.eu\/de\/varugrupper\/alphatech\/\" data-rel='slide-1' class='slide-image' title='' ><span class='av-partner-fake-img' style='padding-bottom:80%; background-image:url(https:\/\/www.mkab.eu\/wp-content\/uploads\/2017\/03\/Alphatech.png);'><\/span><\/a><\/div><div  class='slide-entry av-zeme-a509d574d83da2b19e15d6cb6a8c9e2e flex_column no_margin av_one_seventh real-thumbnail post-entry slide-entry-overview slide-loop-2 slide-parity-even'><a href=\"https:\/\/www.mkab.eu\/de\/varugrupper\/convotherm-kombiugnar\/\" data-rel='slide-1' class='slide-image' title='' ><span class='av-partner-fake-img' style='padding-bottom:80%; background-image:url(https:\/\/www.mkab.eu\/wp-content\/uploads\/2023\/06\/convotherm-logo.webp);'><\/span><\/a><\/div><div  class='slide-entry av-mbrkhk07-aa193548e197b8b54c7d70ad9739e9a0 flex_column no_margin av_one_seventh real-thumbnail post-entry slide-entry-overview slide-loop-3 slide-parity-odd'><a href=\"https:\/\/www.mkab.eu\/de\/produktgruppen\/frxsh-fur-perfektes-sorbet-und-speiseeis\/\" data-rel='slide-1' class='slide-image' title='' ><span class='av-partner-fake-img' style='padding-bottom:80%; background-image:url(https:\/\/www.mkab.eu\/wp-content\/uploads\/2025\/06\/frxsh_logotyp11.jpg);'><\/span><\/a><\/div><div  class='slide-entry av-mo2qjf8b-8dc305bfc1f972cf5e61bb4e14f2a9ac flex_column no_margin av_one_seventh real-thumbnail post-entry slide-entry-overview slide-loop-4 slide-parity-even'><a href=\"https:\/\/www.mkab.eu\/de\/produktgruppen\/hamilton-beach-mixer-mixer\/\" data-rel='slide-1' class='slide-image' title='' ><span class='av-partner-fake-img' style='padding-bottom:80%; background-image:url(https:\/\/www.mkab.eu\/wp-content\/uploads\/2026\/04\/Hamilton-Beach-Logo.webp);'><\/span><\/a><\/div><div  class='slide-entry av-5t812-48ea88637a3608b43a2e51f81c59e559 flex_column no_margin av_one_seventh real-thumbnail post-entry slide-entry-overview slide-loop-5 slide-parity-odd'><a href=\"https:\/\/www.mkab.eu\/de\/varugrupper\/hiber\/\" data-rel='slide-1' class='slide-image' title='' ><span class='av-partner-fake-img' style='padding-bottom:80%; background-image:url(https:\/\/www.mkab.eu\/wp-content\/uploads\/2023\/06\/hiber-logo.webp);'><\/span><\/a><\/div><div  class='slide-entry av-lmqd5557-82883dbd7991b7c3952ac2f011b69cdf flex_column no_margin av_one_seventh real-thumbnail post-entry slide-entry-overview slide-loop-6 slide-parity-even'><a href=\"https:\/\/www.mkab.eu\/de\/varugrupper\/inducs\/\" data-rel='slide-1' class='slide-image' title='' ><span class='av-partner-fake-img' style='padding-bottom:80%; background-image:url(https:\/\/www.mkab.eu\/wp-content\/uploads\/2023\/09\/Inducs-logo.webp);'><\/span><\/a><\/div><div  class='slide-entry av-5ajf6-c18c7f8b383e03baf5aae5c49a036b1b flex_column no_margin av_one_seventh real-thumbnail post-entry slide-entry-overview slide-loop-7 slide-parity-odd'><a href=\"https:\/\/www.mkab.eu\/de\/varugrupper\/mareno\/\" data-rel='slide-1' class='slide-image' title='' ><span class='av-partner-fake-img' style='padding-bottom:80%; background-image:url(https:\/\/www.mkab.eu\/wp-content\/uploads\/2023\/06\/mareno-logo.webp);'><\/span><\/a><\/div><\/div><div class=\"slide-entry-wrap\"><div  class='slide-entry av-422sy-04b7879cd297554f0d1a45e031c9e332 flex_column no_margin av_one_seventh real-thumbnail post-entry slide-entry-overview slide-loop-8 slide-parity-odd  first'><a href=\"https:\/\/www.mkab.eu\/de\/varugrupper\/milan-toast\/\" data-rel='slide-1' class='slide-image' title='' ><span class='av-partner-fake-img' style='padding-bottom:80%; background-image:url(https:\/\/www.mkab.eu\/wp-content\/uploads\/2016\/03\/Milan_Toast.png);'><\/span><\/a><\/div><div  class='slide-entry av-3c0zu-1a13da0cef84f1ccb47c247335a3b45b flex_column no_margin av_one_seventh real-thumbnail post-entry slide-entry-overview slide-loop-9 slide-parity-even'><a href=\"https:\/\/www.mkab.eu\/de\/varugrupper\/panasonic\/\" data-rel='slide-1' class='slide-image' title='' ><span class='av-partner-fake-img' style='padding-bottom:80%; background-image:url(https:\/\/www.mkab.eu\/wp-content\/uploads\/2016\/03\/Panasonic.png);'><\/span><\/a><\/div><div  class='slide-entry av-lbdobtfa-67ad6d55d0b2792da7ff9cc42add4f1c flex_column no_margin av_one_seventh real-thumbnail post-entry slide-entry-overview slide-loop-10 slide-parity-odd'><a href=\"https:\/\/www.mkab.eu\/de\/varugrupper\/primax\/\" data-rel='slide-1' class='slide-image' title='' ><span class='av-partner-fake-img' style='padding-bottom:80%; background-image:url(https:\/\/www.mkab.eu\/wp-content\/uploads\/2022\/12\/primax.jpg);'><\/span><\/a><\/div><div  class='slide-entry av-m7alu95s-1ba6e52674dce2c851547c13b0b79f09 flex_column no_margin av_one_seventh real-thumbnail post-entry slide-entry-overview slide-loop-11 slide-parity-even'><a href=\"https:\/\/www.mkab.eu\/de\/produktgruppen\/spidocook\/\" data-rel='slide-1' class='slide-image' title='' ><span class='av-partner-fake-img' style='padding-bottom:80%; background-image:url(https:\/\/www.mkab.eu\/wp-content\/uploads\/2025\/02\/Spidocook.png);'><\/span><\/a><\/div><div  class='slide-entry av-23whq-63f6fcf4fc26fd4b1cefcdf5c771e562 flex_column no_margin av_one_seventh real-thumbnail post-entry slide-entry-overview slide-loop-12 slide-parity-odd'><a href=\"https:\/\/www.mkab.eu\/de\/varugrupper\/tecnoinox\/\" data-rel='slide-1' class='slide-image' title='' ><span class='av-partner-fake-img' style='padding-bottom:80%; background-image:url(https:\/\/www.mkab.eu\/wp-content\/uploads\/2016\/09\/Tecnoinox.png);'><\/span><\/a><\/div><div  class='slide-entry av-1mxay-90bda9881b136cc7a94beb869bd0bbe5 flex_column no_margin av_one_seventh real-thumbnail post-entry slide-entry-overview slide-loop-13 slide-parity-even'><a href=\"https:\/\/www.mkab.eu\/de\/varugrupper\/valentine\/\" data-rel='slide-1' class='slide-image' title='' ><span class='av-partner-fake-img' style='padding-bottom:80%; background-image:url(https:\/\/www.mkab.eu\/wp-content\/uploads\/2025\/10\/Valentine.webp);'><\/span><\/a><\/div><div  class='slide-entry av-w062-43ce83bd4fafe5390ea3a263473a864f flex_column no_margin av_one_seventh real-thumbnail post-entry slide-entry-overview slide-loop-14 slide-parity-odd post-entry-last'><a href=\"https:\/\/www.mkab.eu\/de\/varugrupper\/wery\/\" data-rel='slide-1' class='slide-image' title='' ><span class='av-partner-fake-img' style='padding-bottom:80%; background-image:url(https:\/\/www.mkab.eu\/wp-content\/uploads\/2016\/03\/Wery.png);'><\/span><\/a><\/div><\/div><\/div><\/div><\/div>","protected":false},"excerpt":{"rendered":"","protected":false},"author":2,"featured_media":0,"parent":0,"menu_order":0,"comment_status":"closed","ping_status":"closed","template":"","meta":{"_monsterinsights_skip_tracking":false,"_monsterinsights_sitenote_active":false,"_monsterinsights_sitenote_note":"","_monsterinsights_sitenote_category":0,"footnotes":""},"class_list":["post-10","page","type-page","status-publish","hentry"],"_links":{"self":[{"href":"https:\/\/www.mkab.eu\/de\/wp-json\/wp\/v2\/pages\/10","targetHints":{"allow":["GET"]}}],"collection":[{"href":"https:\/\/www.mkab.eu\/de\/wp-json\/wp\/v2\/pages"}],"about":[{"href":"https:\/\/www.mkab.eu\/de\/wp-json\/wp\/v2\/types\/page"}],"author":[{"embeddable":true,"href":"https:\/\/www.mkab.eu\/de\/wp-json\/wp\/v2\/users\/2"}],"replies":[{"embeddable":true,"href":"https:\/\/www.mkab.eu\/de\/wp-json\/wp\/v2\/comments?post=10"}],"version-history":[{"count":321,"href":"https:\/\/www.mkab.eu\/de\/wp-json\/wp\/v2\/pages\/10\/revisions"}],"predecessor-version":[{"id":7993,"href":"https:\/\/www.mkab.eu\/de\/wp-json\/wp\/v2\/pages\/10\/revisions\/7993"}],"wp:attachment":[{"href":"https:\/\/www.mkab.eu\/de\/wp-json\/wp\/v2\/media?parent=10"}],"curies":[{"name":"wp","href":"https:\/\/api.w.org\/{rel}","templated":true}]}}