{"id":276,"date":"2016-09-26T16:19:21","date_gmt":"2016-09-26T14:19:21","guid":{"rendered":"http:\/\/ny.mkab.nu\/?page_id=276"},"modified":"2025-05-22T16:09:43","modified_gmt":"2025-05-22T14:09:43","slug":"alphatech","status":"publish","type":"page","link":"https:\/\/www.mkab.eu\/de\/varugrupper\/alphatech\/","title":{"rendered":"Alphatech"},"content":{"rendered":"<div id='full_slider_1'  class='avia-fullwidth-slider main_color avia-shadow   avia-builder-el-0  el_before_av_one_full  avia-builder-el-first   container_wrap fullsize'  ><div  class='avia-slideshow av-i3xck-e6c26afa497701c46154881edf9d9fb9 avia-slideshow-no scaling av_slideshow_full avia-fade-slider av-slideshow-ui av-control-hidden av-no-slider-navigation av-hide-nav-arrows av-slideshow-autoplay av-loop-endless av-loop-manual-endless av-default-height-applied   avia-slideshow-1' data-slideshow-options=\"{&quot;animation&quot;:&quot;fade&quot;,&quot;autoplay&quot;:true,&quot;loop_autoplay&quot;:&quot;endless&quot;,&quot;interval&quot;:4,&quot;loop_manual&quot;:&quot;manual-endless&quot;,&quot;autoplay_stopper&quot;:false,&quot;noNavigation&quot;:true,&quot;bg_slider&quot;:false,&quot;keep_padding&quot;:false,&quot;hoverpause&quot;:false,&quot;show_slide_delay&quot;:0}\"  itemprop=\"image\" itemscope=\"itemscope\" itemtype=\"https:\/\/schema.org\/ImageObject\" ><ul class='avia-slideshow-inner' style='padding-bottom: 35%;'><li  class='avia-slideshow-slide av-i3xck-e6c26afa497701c46154881edf9d9fb9__0  av-single-slide slide-1 slide-odd'><div data-rel='slideshow-1' class='avia-slide-wrap'   ><img data-recalc-dims=\"1\" decoding=\"async\" fetchpriority=\"high\" class=\"wp-image-7206 avia-img-lazy-loading-not-7206\"  src=\"https:\/\/i0.wp.com\/www.mkab.eu\/wp-content\/uploads\/2025\/05\/low-header-pics13-scaled.jpg?resize=1500%2C525&#038;ssl=1\" width=\"1500\" height=\"525\" title='low-header-pics13' alt='Ein Alphatech Umluftofen und eine Nahaufnahme von Keksen'  itemprop=\"thumbnailUrl\" srcset=\"https:\/\/i0.wp.com\/www.mkab.eu\/wp-content\/uploads\/2025\/05\/low-header-pics13-scaled.jpg?w=2560&amp;ssl=1 2560w, https:\/\/i0.wp.com\/www.mkab.eu\/wp-content\/uploads\/2025\/05\/low-header-pics13-scaled.jpg?resize=300%2C105&amp;ssl=1 300w, https:\/\/i0.wp.com\/www.mkab.eu\/wp-content\/uploads\/2025\/05\/low-header-pics13-scaled.jpg?resize=1030%2C360&amp;ssl=1 1030w, https:\/\/i0.wp.com\/www.mkab.eu\/wp-content\/uploads\/2025\/05\/low-header-pics13-scaled.jpg?resize=768%2C269&amp;ssl=1 768w, https:\/\/i0.wp.com\/www.mkab.eu\/wp-content\/uploads\/2025\/05\/low-header-pics13-scaled.jpg?resize=1536%2C537&amp;ssl=1 1536w, https:\/\/i0.wp.com\/www.mkab.eu\/wp-content\/uploads\/2025\/05\/low-header-pics13-scaled.jpg?resize=2048%2C717&amp;ssl=1 2048w, https:\/\/i0.wp.com\/www.mkab.eu\/wp-content\/uploads\/2025\/05\/low-header-pics13-scaled.jpg?resize=1500%2C525&amp;ssl=1 1500w, https:\/\/i0.wp.com\/www.mkab.eu\/wp-content\/uploads\/2025\/05\/low-header-pics13-scaled.jpg?resize=705%2C247&amp;ssl=1 705w, https:\/\/i0.wp.com\/www.mkab.eu\/wp-content\/uploads\/2025\/05\/low-header-pics13-scaled.jpg?resize=1210%2C423&amp;ssl=1 1210w\" sizes=\"(max-width: 1500px) 100vw, 1500px\" \/><\/div><\/li><\/ul><\/div><\/div><div id='after_full_slider_1'  class='main_color av_default_container_wrap container_wrap fullsize'  ><div class='container av-section-cont-open' ><div class='template-page content  av-content-full alpha units'><div class='post-entry post-entry-type-page post-entry-276'><div class='entry-content-wrapper clearfix'>\n\n<style type=\"text\/css\" data-created_by=\"avia_inline_auto\" id=\"style-css-av-4nodmk-fd3316308130ab2aa284a4b6a344e902\">\n.flex_column.av-4nodmk-fd3316308130ab2aa284a4b6a344e902{\nborder-radius:0px 0px 0px 0px;\npadding:0px 0px 0px 0px;\n}\n<\/style>\n<div  class='flex_column av-4nodmk-fd3316308130ab2aa284a4b6a344e902 av_one_full  avia-builder-el-1  el_after_av_slideshow_full  el_before_av_one_full  avia-builder-el-first  first flex_column_div av-zero-column-padding'     ><section  class='av_textblock_section av-4jgl4c-535ca405ce2fc9abda477e8ea730b054'   itemscope=\"itemscope\" itemtype=\"https:\/\/schema.org\/CreativeWork\" ><div class='avia_textblock'  itemprop=\"text\" ><h1>Alphatech-\u00d6fen<\/h1>\n<\/div><\/section><br \/>\n\n<style type=\"text\/css\" data-created_by=\"avia_inline_auto\" id=\"style-css-av-4fe9dg-6d0d9df77f95c71213ddb5bbd0ac29fd\">\n#top .hr.av-4fe9dg-6d0d9df77f95c71213ddb5bbd0ac29fd{\nmargin-top:0px;\nmargin-bottom:0px;\n}\n.hr.av-4fe9dg-6d0d9df77f95c71213ddb5bbd0ac29fd .hr-inner{\nwidth:100%;\n}\n<\/style>\n<div  class='hr av-4fe9dg-6d0d9df77f95c71213ddb5bbd0ac29fd hr-custom  avia-builder-el-3  el_after_av_textblock  avia-builder-el-last  hr-center hr-icon-no'><span class='hr-inner inner-border-av-border-thin'><span class=\"hr-inner-style\"><\/span><\/span><\/div><\/p><\/div>\n\n<style type=\"text\/css\" data-created_by=\"avia_inline_auto\" id=\"style-css-av-48eni4-f689eb4f9b0430e7c453a472d0a27955\">\n#top .flex_column.av-48eni4-f689eb4f9b0430e7c453a472d0a27955{\nmargin-top:0px;\nmargin-bottom:0px;\n}\n.flex_column.av-48eni4-f689eb4f9b0430e7c453a472d0a27955{\nborder-radius:0px 0px 0px 0px;\npadding:0px 0px 0px 0px;\n}\n.responsive #top #wrap_all .flex_column.av-48eni4-f689eb4f9b0430e7c453a472d0a27955{\nmargin-top:0px;\nmargin-bottom:0px;\n}\n<\/style>\n<div  class='flex_column av-48eni4-f689eb4f9b0430e7c453a472d0a27955 av_one_full  avia-builder-el-4  el_after_av_one_full  el_before_av_tab_section  avia-builder-el-last  first flex_column_div av-zero-column-padding  column-top-margin'     ><section  class='av_textblock_section av-41zr04-833b9ade61419d4001cad14511cff2ad'   itemscope=\"itemscope\" itemtype=\"https:\/\/schema.org\/CreativeWork\" ><div class='avia_textblock'  itemprop=\"text\" ><p><a href=\"https:\/\/www.alphatech-ali.it\/\" target=\"_blank\" rel=\"noopener\">Alphatech<\/a> bietet Back\u00f6fen an, die eine perfekte Kombination aus guter Leistung, Benutzerfreundlichkeit und einem g\u00fcnstigen Preis darstellen. Das Sortiment besteht aus einfachen Konvektions\u00f6fen, bei denen alle Modelle \u00fcber manuelle Dampfzufuhr, mechanische Kn\u00f6pfe und automatische Umkehrung verf\u00fcgen. Jeder in der K\u00fcche kann ihn benutzen!<\/p>\n<p>Die \u00d6fen k\u00f6nnen auf einem speziellen St\u00e4nder oder auf einem vorhandenen Tisch aufgestellt werden.<\/p>\n<\/div><\/section><\/div>\n\n<style type=\"text\/css\" data-created_by=\"avia_inline_auto\" id=\"style-css-av-3k6wsc-d62cc326bf3213172a8d7baaa95384a5\">\n.av-tab-section-outer-container.av-3k6wsc-d62cc326bf3213172a8d7baaa95384a5 .av-tab-section-tab-title-container{\nbackground-color:#16181a;\n}\n<\/style>\n<\/div><\/div><\/div><!-- close content main div --><\/div><\/div><div id='av-tab-section-1'  class='av-tab-section-container entry-content-wrapper main_color av-tab-no-transition   av-tab-above-content  avia-builder-el-6  el_after_av_one_full  avia-builder-el-last  tablink tab-section-not-first container_wrap fullsize'  ><div class='av-tab-section-outer-container av-3k6wsc-d62cc326bf3213172a8d7baaa95384a5'><div class='av-tab-section-tab-title-container avia-tab-title-padding-default' role='tablist'><a href='#broschyr' data-av-tab-section-title='1' class='av-section-tab-title av-active-tab-title no-scroll av-3c2wfw-df8ca39412795e9f8cf8e18283811a3b av-tab-with-icon av-tab-no-image' role='tab' tabindex='0' aria-controls='av-tab-section-1-1'><span class='av-tab-section-icon avia-iconfont avia-font-entypo-fontello' data-av_icon='\ue84e' data-av_iconfont='entypo-fontello' ><\/span><span class='av-outer-tab-title'><span class='av-inner-tab-title'>Brosch\u00fcre<\/span><\/span><span class=\"av-tab-arrow-container\"><span><\/span><\/span><\/a><a href='#produktblad' data-av-tab-section-title='2' class='av-section-tab-title  av-2yg5rw-487e31584c175386c32ab18c80f17f91 av-tab-with-icon av-tab-no-image' role='tab' tabindex='0' aria-controls='av-tab-section-1-2'><span class='av-tab-section-icon avia-iconfont avia-font-entypo-fontello' data-av_icon='\ue84d' data-av_iconfont='entypo-fontello' ><\/span><span class='av-outer-tab-title'><span class='av-inner-tab-title'>Produktblatt<\/span><\/span><span class=\"av-tab-arrow-container\"><span><\/span><\/span><\/a><a href='#teknik-support' data-av-tab-section-title='3' class='av-section-tab-title  av-2d15lo-860b2de0f3d9b127218e0e01a896b297 av-tab-with-icon av-tab-no-image' role='tab' tabindex='0' aria-controls='av-tab-section-1-3'><span class='av-tab-section-icon avia-iconfont avia-font-entypo-fontello' data-av_icon='\ue855' data-av_iconfont='entypo-fontello' ><\/span><span class='av-outer-tab-title'><span class='av-inner-tab-title'>Technologie und Unterst\u00fctzung<\/span><\/span><span class=\"av-tab-arrow-container\"><span><\/span><\/span><\/a><a href='#dwg-ritning' data-av-tab-section-title='4' class='av-section-tab-title  av-370n8-6b556f9d9869bbd1cb0b9380bea9a4c4 av-tab-with-icon av-tab-no-image' role='tab' tabindex='0' aria-controls='av-tab-section-1-4'><span class='av-tab-section-icon avia-iconfont avia-font-entypo-fontello' data-av_icon='\ue836' data-av_iconfont='entypo-fontello' ><\/span><span class='av-outer-tab-title'><span class='av-inner-tab-title'>DWG-Zeichnung<\/span><\/span><span class=\"av-tab-arrow-container\"><span><\/span><\/span><\/a><\/div><div class='avia-slideshow-arrows av-tabsection-arrow' ><a href='#prev' class='prev-slide av_prev_tab_section av-tab-section-slide avia-svg-icon avia-font-svg_entypo-fontello' data-av_svg_icon='left-open-big' data-av_iconset='svg_entypo-fontello' tabindex='-1' title=\"Zur\u00fcck zu\"><svg version=\"1.1\" xmlns=\"http:\/\/www.w3.org\/2000\/svg\" width=\"15\" height=\"32\" viewbox=\"0 0 15 32\" preserveaspectratio=\"xMidYMid meet\" aria-labelledby='av-svg-title-1' aria-describedby='av-svg-desc-1' role=\"graphics-symbol\" aria-hidden=\"true\">\n<title id='av-svg-title-1'>Zur\u00fcck zu<\/title>\n<desc id='av-svg-desc-1'>Zur\u00fcck zu<\/desc>\n<path d=\"M14.464 27.84q0.832 0.832 0 1.536-0.832 0.832-1.536 0l-12.544-12.608q-0.768-0.768 0-1.6l12.544-12.608q0.704-0.832 1.536 0 0.832 0.704 0 1.536l-11.456 11.904z\"><\/path>\n<\/svg><span class='avia_hidden_link_text'>Zur\u00fcck zu<\/span><\/a><a href='#next' class='next-slide av_next_tab_section av-tab-section-slide avia-svg-icon avia-font-svg_entypo-fontello' data-av_svg_icon='right-open-big' data-av_iconset='svg_entypo-fontello' tabindex='-1' title=\"Mehr\"><svg version=\"1.1\" xmlns=\"http:\/\/www.w3.org\/2000\/svg\" width=\"15\" height=\"32\" viewbox=\"0 0 15 32\" preserveaspectratio=\"xMidYMid meet\" aria-labelledby='av-svg-title-2' aria-describedby='av-svg-desc-2' role=\"graphics-symbol\" aria-hidden=\"true\">\n<title id='av-svg-title-2'>Mehr<\/title>\n<desc id='av-svg-desc-2'>Mehr<\/desc>\n<path d=\"M0.416 27.84l11.456-11.84-11.456-11.904q-0.832-0.832 0-1.536 0.832-0.832 1.536 0l12.544 12.608q0.768 0.832 0 1.6l-12.544 12.608q-0.704 0.832-1.536 0-0.832-0.704 0-1.536z\"><\/path>\n<\/svg><span class='avia_hidden_link_text'>Mehr<\/span><\/a><\/div><div class='av-tab-section-inner-container avia-section-default' style='width:400vw; left:0%;'><span class=\"av_prev_tab_section av_tab_navigation\"><\/span><span class=\"av_next_tab_section av_tab_navigation\"><\/span>\n\n<style type=\"text\/css\" data-created_by=\"avia_inline_auto\" id=\"style-css-av-3c2wfw-df8ca39412795e9f8cf8e18283811a3b\">\n.av-layout-tab.av-3c2wfw-df8ca39412795e9f8cf8e18283811a3b{\nvertical-align:top;\nbackground-color:#1f2326;\n}\n#top .av-tab-section-outer-container.av-3k6wsc-d62cc326bf3213172a8d7baaa95384a5 .av-active-tab-title.av-section-tab-title.av-3c2wfw-df8ca39412795e9f8cf8e18283811a3b .av-tab-arrow-container span{\nbackground-color:#1f2326;\n}\n<\/style>\n<div id='av-tab-section-1-1' class='av-layout-tab av-3c2wfw-df8ca39412795e9f8cf8e18283811a3b av-animation-delay-container  avia-builder-el-7  el_before_av_tab_sub_section  avia-builder-el-first  av-active-tab-content __av_init_open' data-av-deeplink-tabs=\"\" data-av-tab-section-content=\"1\" data-tab-section-id=\"broschyr\"><div class=\"av-layout-tab-inner\"><div class=\"container\">\n<style type=\"text\/css\" data-created_by=\"avia_inline_auto\" id=\"style-css-av-35t4cs-ed952401d8ace3b19e5b192b3dc6fdea\">\n.flex_column.av-35t4cs-ed952401d8ace3b19e5b192b3dc6fdea{\nborder-radius:0px 0px 0px 0px;\npadding:0px 0px 0px 0px;\n}\n<\/style>\n<div  class='flex_column av-35t4cs-ed952401d8ace3b19e5b192b3dc6fdea av_one_full  avia-builder-el-8  avia-builder-el-no-sibling  first flex_column_div av-zero-column-padding'     ><section  class='av_textblock_section av-30dflo-f85c58aa931252562b39b6c30c32eeb8'   itemscope=\"itemscope\" itemtype=\"https:\/\/schema.org\/CreativeWork\" ><div class='avia_textblock'  itemprop=\"text\" ><p><strong>Alphatech - Brosch\u00fcre<\/strong><\/p>\n<hr \/>\n<p><a href=\"https:\/\/www.mkab.eu\/wp-content\/uploads\/2024\/03\/19_Alphatech_konvektion.pdf\" target=\"_blank\" rel=\"noopener\">Alphatech<\/a><\/p>\n<\/div><\/section><\/div>\n<\/div><\/div><\/div>\n<style type=\"text\/css\" data-created_by=\"avia_inline_auto\" id=\"style-css-av-2yg5rw-487e31584c175386c32ab18c80f17f91\">\n.av-layout-tab.av-2yg5rw-487e31584c175386c32ab18c80f17f91{\nvertical-align:top;\nbackground-color:#1f2326;\n}\n#top .av-tab-section-outer-container.av-3k6wsc-d62cc326bf3213172a8d7baaa95384a5 .av-active-tab-title.av-section-tab-title.av-2yg5rw-487e31584c175386c32ab18c80f17f91 .av-tab-arrow-container span{\nbackground-color:#1f2326;\n}\n<\/style>\n<div id='av-tab-section-1-2' class='av-layout-tab av-2yg5rw-487e31584c175386c32ab18c80f17f91 av-animation-delay-container  avia-builder-el-10  el_after_av_tab_sub_section  el_before_av_tab_sub_section' data-av-deeplink-tabs=\"\" data-av-tab-section-content=\"2\" data-tab-section-id=\"produktblad\"><div class=\"av-layout-tab-inner\"><div class=\"container\">\n<style type=\"text\/css\" data-created_by=\"avia_inline_auto\" id=\"style-css-av-2qwd1w-66671188e1e74742d180bc7474392b09\">\n.flex_column.av-2qwd1w-66671188e1e74742d180bc7474392b09{\nborder-radius:0px 0px 0px 0px;\npadding:0px 0px 0px 0px;\n}\n<\/style>\n<div  class='flex_column av-2qwd1w-66671188e1e74742d180bc7474392b09 av_one_full  avia-builder-el-11  avia-builder-el-no-sibling  first flex_column_div av-zero-column-padding'     ><section  class='av_textblock_section av-2mm31g-69f7e75fa88f849ee0b3a7c21dbff6ed'   itemscope=\"itemscope\" itemtype=\"https:\/\/schema.org\/CreativeWork\" ><div class='avia_textblock'  itemprop=\"text\" ><p><strong>Alphatech - Produktinformation<\/strong><\/p>\n<hr \/>\n<p><a href=\"\/wp-content\/uploads\/2017\/10\/alphatech_rapid_swe_rec023-051-071-101m1-1.pdf\" target=\"_blank\" rel=\"noopener\">Alphatech Rapid REC<\/a><\/p>\n<\/div><\/section><\/div>\n<\/div><\/div><\/div>\n<style type=\"text\/css\" data-created_by=\"avia_inline_auto\" id=\"style-css-av-2d15lo-860b2de0f3d9b127218e0e01a896b297\">\n.av-layout-tab.av-2d15lo-860b2de0f3d9b127218e0e01a896b297{\nvertical-align:top;\nbackground-color:#1f2326;\n}\n#top .av-tab-section-outer-container.av-3k6wsc-d62cc326bf3213172a8d7baaa95384a5 .av-active-tab-title.av-section-tab-title.av-2d15lo-860b2de0f3d9b127218e0e01a896b297 .av-tab-arrow-container span{\nbackground-color:#1f2326;\n}\n<\/style>\n<div id='av-tab-section-1-3' class='av-layout-tab av-2d15lo-860b2de0f3d9b127218e0e01a896b297 av-animation-delay-container  avia-builder-el-13  el_after_av_tab_sub_section  el_before_av_tab_sub_section' data-av-deeplink-tabs=\"\" data-av-tab-section-content=\"3\" data-tab-section-id=\"teknik-support\"><div class=\"av-layout-tab-inner\"><div class=\"container\"><p>\n<style type=\"text\/css\" data-created_by=\"avia_inline_auto\" id=\"style-css-av-29yzjw-22967c1f9e40997575305b3ee39b4405\">\n.flex_column.av-29yzjw-22967c1f9e40997575305b3ee39b4405{\nborder-radius:0px 0px 0px 0px;\npadding:0px 0px 0px 0px;\n}\n<\/style>\n<div  class='flex_column av-29yzjw-22967c1f9e40997575305b3ee39b4405 av_one_fourth  avia-builder-el-14  el_before_av_one_fourth  avia-builder-el-first  first flex_column_div av-zero-column-padding'     ><section  class='av_textblock_section av-23ojjo-058527a4ddd288d79fa14fd4e37a9da8'   itemscope=\"itemscope\" itemtype=\"https:\/\/schema.org\/CreativeWork\" ><div class='avia_textblock'  itemprop=\"text\" ><p><strong>Rapid REC, REV, REB, REP (nach 2012-04)<\/strong><\/p>\n<hr \/>\n<p><a href=\"\/wp-content\/uploads\/2017\/10\/1.rec023m.pdf\" target=\"_blank\" rel=\"noopener\">1.REC023M<\/a><\/p>\n<p><a href=\"\/wp-content\/uploads\/2017\/10\/2.rec051m.pdf\" target=\"_blank\" rel=\"noopener\">2.REC051M<\/a><\/p>\n<p><a href=\"\/wp-content\/uploads\/2017\/10\/3.rec071m.pdf\" target=\"_blank\" rel=\"noopener\">3.REC071M<\/a><\/p>\n<p><a href=\"\/wp-content\/uploads\/2017\/10\/4.rec101m.pdf\" target=\"_blank\" rel=\"noopener\">4.REC101M<\/a><\/p>\n<p><a href=\"\/wp-content\/uploads\/2017\/10\/8.rep054s.pdf\" target=\"_blank\" rel=\"noopener\">8.REP054S<\/a><\/p>\n<p><a href=\"\/wp-content\/uploads\/2017\/10\/9.rep074s.pdf\" target=\"_blank\" rel=\"noopener\">9.REP074S<\/a><\/p>\n<p><a href=\"\/wp-content\/uploads\/2017\/10\/10.rep104s.pdf\" target=\"_blank\" rel=\"noopener\">10.REP104S<\/a><\/p>\n<p><a href=\"\/wp-content\/uploads\/2017\/10\/11.rev051s.pdf\" target=\"_blank\" rel=\"noopener\">11.REV051S<\/a><\/p>\n<p><a href=\"\/wp-content\/uploads\/2017\/10\/12.rev071s.pdf\" target=\"_blank\" rel=\"noopener\">12.REV071S<\/a><\/p>\n<p><a href=\"\/wp-content\/uploads\/2017\/10\/13.rev101s.pdf\" target=\"_blank\" rel=\"noopener\">13.REV101S<\/a><\/p>\n<p><a href=\"\/wp-content\/uploads\/2017\/10\/5.reb044m.pdf\" target=\"_blank\" rel=\"noopener\">14.REB044M<\/a><\/p>\n<p><a href=\"\/wp-content\/uploads\/2017\/10\/6.reb064m.pdf\" target=\"_blank\" rel=\"noopener\">15.REB064M<\/a><\/p>\n<p><a href=\"\/wp-content\/uploads\/2017\/10\/7.reb084.pdf\" target=\"_blank\" rel=\"noopener\">16.REB084M<\/a><\/p>\n<\/div><\/section><\/div>\n<style type=\"text\/css\" data-created_by=\"avia_inline_auto\" id=\"style-css-av-1w3iuc-60fb0b04292cfe38c5063997eea29b16\">\n.flex_column.av-1w3iuc-60fb0b04292cfe38c5063997eea29b16{\nborder-radius:0px 0px 0px 0px;\npadding:0px 0px 0px 0px;\n}\n<\/style>\n<div  class='flex_column av-1w3iuc-60fb0b04292cfe38c5063997eea29b16 av_one_fourth  avia-builder-el-16  el_after_av_one_fourth  el_before_av_one_fourth  flex_column_div av-zero-column-padding'     ><section  class='av_textblock_section av-1ppe4c-15578353dfbe751915f027bf0aa4f1af'   itemscope=\"itemscope\" itemtype=\"https:\/\/schema.org\/CreativeWork\" ><div class='avia_textblock'  itemprop=\"text\" ><p><strong>Rapid REC, REP (2010-2012_04)<\/strong><\/p>\n<hr \/>\n<p><a href=\"\/wp-content\/uploads\/2017\/10\/1.rec023m-1.pdf\" target=\"_blank\" rel=\"noopener\">1.REC023M<\/a><\/p>\n<p><a href=\"\/wp-content\/uploads\/2017\/10\/2.rec051m-1.pdf\" target=\"_blank\" rel=\"noopener\">2.REC051M<\/a><\/p>\n<p><a href=\"\/wp-content\/uploads\/2017\/10\/3.rec071m_rec101m.pdf\" target=\"_blank\" rel=\"noopener\">3.REC071M_REC101M<\/a><\/p>\n<p><a href=\"\/wp-content\/uploads\/2017\/10\/4.rep054m.pdf\" target=\"_blank\" rel=\"noopener\">4.REP054M<\/a><\/p>\n<p><a href=\"\/wp-content\/uploads\/2017\/10\/5.rep074m_rep101m.pdf\" target=\"_blank\" rel=\"noopener\">5.REP074M_REP101M<\/a><\/p>\n<p><a href=\"\/wp-content\/uploads\/2017\/10\/6.rev051m.pdf\" target=\"_blank\" rel=\"noopener\">6.REV051M<\/a><\/p>\n<p><a href=\"\/wp-content\/uploads\/2017\/10\/7.rev071m.pdf\" target=\"_blank\" rel=\"noopener\">7.REV071M<\/a><\/p>\n<p><a href=\"\/wp-content\/uploads\/2017\/10\/8.rev101m.pdf\" target=\"_blank\" rel=\"noopener\">8.REV101M<\/a><\/p>\n<\/div><\/section><\/div>\n<style type=\"text\/css\" data-created_by=\"avia_inline_auto\" id=\"style-css-av-1n8xpg-70426400d1725ae1285913355d09bfb5\">\n.flex_column.av-1n8xpg-70426400d1725ae1285913355d09bfb5{\nborder-radius:0px 0px 0px 0px;\npadding:0px 0px 0px 0px;\n}\n<\/style>\n<div  class='flex_column av-1n8xpg-70426400d1725ae1285913355d09bfb5 av_one_fourth  avia-builder-el-18  el_after_av_one_fourth  el_before_av_one_fourth  flex_column_div av-zero-column-padding'     ><section  class='av_textblock_section av-4weis-d47447f9b829997d6d049d4a0762f759'   itemscope=\"itemscope\" itemtype=\"https:\/\/schema.org\/CreativeWork\" ><div class='avia_textblock'  itemprop=\"text\" ><p><strong>Entwicklung (vor 2012-04)<\/strong><\/p>\n<hr \/>\n<p><a href=\"\/wp-content\/uploads\/2017\/10\/1.ece071m.pdf\" target=\"_blank\" rel=\"noopener\">1.ECE071M<\/a><\/p>\n<p><a href=\"\/wp-content\/uploads\/2017\/10\/2.ece101m.pdf\" target=\"_blank\" rel=\"noopener\">2.ECE101M<\/a><\/p>\n<p><a href=\"\/wp-content\/uploads\/2017\/10\/3.ebe044m.pdf\" target=\"_blank\" rel=\"noopener\">3.EBE044M<\/a><\/p>\n<p><a href=\"\/wp-content\/uploads\/2017\/10\/4.ebe044s.pdf\" target=\"_blank\" rel=\"noopener\">4.EBE044S<\/a><\/p>\n<p><a href=\"\/wp-content\/uploads\/2017\/10\/5.ebe064m.pdf\" target=\"_blank\" rel=\"noopener\">5.EBE064M<\/a><\/p>\n<p><a href=\"\/wp-content\/uploads\/2017\/10\/6.ebe064s.pdf\" target=\"_blank\" rel=\"noopener\">6.EBE064S<\/a><\/p>\n<p><a href=\"\/wp-content\/uploads\/2017\/10\/7.ebe084m.pdf\" target=\"_blank\" rel=\"noopener\">7.EBE084M<\/a><\/p>\n<p><a href=\"\/wp-content\/uploads\/2017\/10\/8.ebe084s.pdf\" target=\"_blank\" rel=\"noopener\">8.EBE084S<\/a><\/p>\n<p><a href=\"\/wp-content\/uploads\/2017\/10\/9.eve071s.pdf\" target=\"_blank\" rel=\"noopener\">9.EVE071S<\/a><\/p>\n<p><a href=\"\/wp-content\/uploads\/2017\/10\/10.eve101s.pdf\" target=\"_blank\" rel=\"noopener\">10.EVE101S<\/a><\/p>\n<\/div><\/section><\/div>\n<style type=\"text\/css\" data-created_by=\"avia_inline_auto\" id=\"style-css-av-4mh9o-7eccb719aa4caddd4a52225691b9a183\">\n.flex_column.av-4mh9o-7eccb719aa4caddd4a52225691b9a183{\nborder-radius:0px 0px 0px 0px;\npadding:0px 0px 0px 0px;\n}\n<\/style>\n<div  class='flex_column av-4mh9o-7eccb719aa4caddd4a52225691b9a183 av_one_fourth  avia-builder-el-20  el_after_av_one_fourth  avia-builder-el-last  flex_column_div av-zero-column-padding'     ><section  class='av_textblock_section av-12nw8k-798b1942feea7f8691b0fc0616159883'   itemscope=\"itemscope\" itemtype=\"https:\/\/schema.org\/CreativeWork\" ><div class='avia_textblock'  itemprop=\"text\" ><p><strong>Rapid RES, PES (vor 2010)<\/strong><\/p>\n<hr \/>\n<p><a href=\"\/wp-content\/uploads\/2017\/10\/a23res.pdf\" target=\"_blank\" rel=\"noopener\">1.A23RES<\/a><\/p>\n<p><a href=\"\/wp-content\/uploads\/2017\/10\/a05res.pdf\" target=\"_blank\" rel=\"noopener\">2.A05RES<\/a><\/p>\n<p><a href=\"\/wp-content\/uploads\/2017\/10\/a10res.pdf\" target=\"_blank\" rel=\"noopener\">3.A10RES<\/a><\/p>\n<p><a href=\"\/wp-content\/uploads\/2017\/10\/a05pes.pdf\" target=\"_blank\" rel=\"noopener\">4.A05PES<\/a><\/p>\n<p><a href=\"\/wp-content\/uploads\/2017\/10\/a10pes.pdf\" target=\"_blank\" rel=\"noopener\">5.A10PES<\/a><\/p>\n<\/div><\/section><\/div><\/p>\n<\/div><\/div><\/div>\n<style type=\"text\/css\" data-created_by=\"avia_inline_auto\" id=\"style-css-av-370n8-6b556f9d9869bbd1cb0b9380bea9a4c4\">\n.av-layout-tab.av-370n8-6b556f9d9869bbd1cb0b9380bea9a4c4{\nvertical-align:top;\nbackground-color:#1f2326;\n}\n#top .av-tab-section-outer-container.av-3k6wsc-d62cc326bf3213172a8d7baaa95384a5 .av-active-tab-title.av-section-tab-title.av-370n8-6b556f9d9869bbd1cb0b9380bea9a4c4 .av-tab-arrow-container span{\nbackground-color:#1f2326;\n}\n<\/style>\n<div id='av-tab-section-1-4' class='av-layout-tab av-370n8-6b556f9d9869bbd1cb0b9380bea9a4c4 av-animation-delay-container  avia-builder-el-22  el_after_av_tab_sub_section  avia-builder-el-last' data-av-deeplink-tabs=\"\" data-av-tab-section-content=\"4\" data-tab-section-id=\"dwg-ritning\"><div class=\"av-layout-tab-inner\"><div class=\"container\"><p>\n<style type=\"text\/css\" data-created_by=\"avia_inline_auto\" id=\"style-css-av-rk3ho-e85e9fd8f80811a95273f689dbf309db\">\n.flex_column.av-rk3ho-e85e9fd8f80811a95273f689dbf309db{\nborder-radius:0px 0px 0px 0px;\npadding:0px 0px 0px 0px;\n}\n<\/style>\n<div  class='flex_column av-rk3ho-e85e9fd8f80811a95273f689dbf309db av_one_half  avia-builder-el-23  el_before_av_one_half  avia-builder-el-first  first flex_column_div av-zero-column-padding'     ><section  class='av_textblock_section av-m8zv0-5c7ad36b1c4f21e38a5e58e86ff6d96f'   itemscope=\"itemscope\" itemtype=\"https:\/\/schema.org\/CreativeWork\" ><div class='avia_textblock'  itemprop=\"text\" ><p><strong>2D<\/strong><\/p>\n<hr \/>\n<p><a href=\"\/wp-content\/uploads\/alphatech\/dwg\/2d\/rec_023_2012.dwg\" target=\"_blank\" rel=\"noopener\">REC 023M<\/a><\/p>\n<p><a href=\"\/wp-content\/uploads\/alphatech\/dwg\/2d\/rec_051_2012.dwg\" target=\"_blank\" rel=\"noopener\">REC 051M<\/a><\/p>\n<p><a href=\"\/wp-content\/uploads\/alphatech\/dwg\/2d\/rec_071_2012.dwg\" target=\"_blank\" rel=\"noopener\">REC 071M<\/a><\/p>\n<p><a href=\"\/wp-content\/uploads\/alphatech\/dwg\/2d\/rec_101_2012.dwg\" target=\"_blank\" rel=\"noopener\">REC 101M<\/a><\/p>\n<\/div><\/section><\/div>\n<style type=\"text\/css\" data-created_by=\"avia_inline_auto\" id=\"style-css-av-d2x58-bf69afa57ef7f83f9cf373ac7751c110\">\n.flex_column.av-d2x58-bf69afa57ef7f83f9cf373ac7751c110{\nborder-radius:0px 0px 0px 0px;\npadding:0px 0px 0px 0px;\n}\n<\/style>\n<div  class='flex_column av-d2x58-bf69afa57ef7f83f9cf373ac7751c110 av_one_half  avia-builder-el-25  el_after_av_one_half  avia-builder-el-last  flex_column_div av-zero-column-padding'     ><section  class='av_textblock_section av-btybg-a948db7a937294a5a514a5b5519264d3'   itemscope=\"itemscope\" itemtype=\"https:\/\/schema.org\/CreativeWork\" ><div class='avia_textblock'  itemprop=\"text\" ><p><strong>3D<\/strong><\/p>\n<hr \/>\n<p><a href=\"\/wp-content\/uploads\/alphatech\/dwg\/3d\/rec_023_m_3d.dwg\" target=\"_blank\" rel=\"noopener\">REC 023M<\/a><\/p>\n<p><a href=\"\/wp-content\/uploads\/alphatech\/dwg\/3d\/rec_051_m_3d.dwg\" target=\"_blank\" rel=\"noopener\">REC 051M<\/a><\/p>\n<p><a href=\"\/wp-content\/uploads\/alphatech\/dwg\/3d\/rec_071_m_3d.dwg\" target=\"_blank\" rel=\"noopener\">REC 071M<\/a><\/p>\n<p><a href=\"\/wp-content\/uploads\/alphatech\/dwg\/3d\/rec_101_m_3d.dwg\" target=\"_blank\" rel=\"noopener\">REC 101M<\/a><\/p>\n<\/div><\/section><\/div><\/p>\n<\/div><\/div><\/div>\n<\/div><\/div><\/div>","protected":false},"excerpt":{"rendered":"","protected":false},"author":2,"featured_media":0,"parent":273,"menu_order":0,"comment_status":"closed","ping_status":"closed","template":"","meta":{"_monsterinsights_skip_tracking":false,"_monsterinsights_sitenote_active":false,"_monsterinsights_sitenote_note":"","_monsterinsights_sitenote_category":0,"footnotes":""},"class_list":["post-276","page","type-page","status-publish","hentry"],"_links":{"self":[{"href":"https:\/\/www.mkab.eu\/de\/wp-json\/wp\/v2\/pages\/276","targetHints":{"allow":["GET"]}}],"collection":[{"href":"https:\/\/www.mkab.eu\/de\/wp-json\/wp\/v2\/pages"}],"about":[{"href":"https:\/\/www.mkab.eu\/de\/wp-json\/wp\/v2\/types\/page"}],"author":[{"embeddable":true,"href":"https:\/\/www.mkab.eu\/de\/wp-json\/wp\/v2\/users\/2"}],"replies":[{"embeddable":true,"href":"https:\/\/www.mkab.eu\/de\/wp-json\/wp\/v2\/comments?post=276"}],"version-history":[{"count":41,"href":"https:\/\/www.mkab.eu\/de\/wp-json\/wp\/v2\/pages\/276\/revisions"}],"predecessor-version":[{"id":7290,"href":"https:\/\/www.mkab.eu\/de\/wp-json\/wp\/v2\/pages\/276\/revisions\/7290"}],"up":[{"embeddable":true,"href":"https:\/\/www.mkab.eu\/de\/wp-json\/wp\/v2\/pages\/273"}],"wp:attachment":[{"href":"https:\/\/www.mkab.eu\/de\/wp-json\/wp\/v2\/media?parent=276"}],"curies":[{"name":"wp","href":"https:\/\/api.w.org\/{rel}","templated":true}]}}