{"id":296,"date":"2016-09-26T16:22:33","date_gmt":"2016-09-26T14:22:33","guid":{"rendered":"http:\/\/ny.mkab.nu\/?page_id=296"},"modified":"2025-05-22T16:36:55","modified_gmt":"2025-05-22T14:36:55","slug":"tecnoinox","status":"publish","type":"page","link":"https:\/\/www.mkab.eu\/de\/varugrupper\/tecnoinox\/","title":{"rendered":"Tecnoinox"},"content":{"rendered":"<div id='full_slider_1'  class='avia-fullwidth-slider main_color avia-shadow   avia-builder-el-0  el_before_av_one_full  avia-builder-el-first   container_wrap fullsize'  ><div  class='avia-slideshow av-aukew-0ba70f779b28c371b19f6839610301eb avia-slideshow-no scaling av_slideshow_full avia-fade-slider av-slideshow-ui av-control-hidden av-no-slider-navigation av-hide-nav-arrows av-slideshow-autoplay av-loop-endless av-loop-manual-endless av-default-height-applied   avia-slideshow-1' data-slideshow-options=\"{&quot;animation&quot;:&quot;fade&quot;,&quot;autoplay&quot;:true,&quot;loop_autoplay&quot;:&quot;endless&quot;,&quot;interval&quot;:4,&quot;loop_manual&quot;:&quot;manual-endless&quot;,&quot;autoplay_stopper&quot;:false,&quot;noNavigation&quot;:true,&quot;bg_slider&quot;:false,&quot;keep_padding&quot;:false,&quot;hoverpause&quot;:false,&quot;show_slide_delay&quot;:0}\"  itemprop=\"image\" itemscope=\"itemscope\" itemtype=\"https:\/\/schema.org\/ImageObject\" ><ul class='avia-slideshow-inner' style='padding-bottom: 35%;'><li  class='avia-slideshow-slide av-aukew-0ba70f779b28c371b19f6839610301eb__0  av-single-slide slide-1 slide-odd'><div data-rel='slideshow-1' class='avia-slide-wrap'   ><img data-recalc-dims=\"1\" decoding=\"async\" fetchpriority=\"high\" class=\"wp-image-7200 avia-img-lazy-loading-not-7200\"  src=\"https:\/\/i0.wp.com\/www.mkab.eu\/wp-content\/uploads\/2025\/05\/technoinox-scaled.jpg?resize=1500%2C525&#038;ssl=1\" width=\"1500\" height=\"525\" title='technoinox' alt='Ein Salamander, der in Restaurantk\u00fcchen verwendet wird, und ein Tablett mit Lebensmitteln'  itemprop=\"thumbnailUrl\" srcset=\"https:\/\/i0.wp.com\/www.mkab.eu\/wp-content\/uploads\/2025\/05\/technoinox-scaled.jpg?w=2560&amp;ssl=1 2560w, https:\/\/i0.wp.com\/www.mkab.eu\/wp-content\/uploads\/2025\/05\/technoinox-scaled.jpg?resize=300%2C105&amp;ssl=1 300w, https:\/\/i0.wp.com\/www.mkab.eu\/wp-content\/uploads\/2025\/05\/technoinox-scaled.jpg?resize=1030%2C360&amp;ssl=1 1030w, https:\/\/i0.wp.com\/www.mkab.eu\/wp-content\/uploads\/2025\/05\/technoinox-scaled.jpg?resize=768%2C269&amp;ssl=1 768w, https:\/\/i0.wp.com\/www.mkab.eu\/wp-content\/uploads\/2025\/05\/technoinox-scaled.jpg?resize=1536%2C537&amp;ssl=1 1536w, https:\/\/i0.wp.com\/www.mkab.eu\/wp-content\/uploads\/2025\/05\/technoinox-scaled.jpg?resize=2048%2C717&amp;ssl=1 2048w, https:\/\/i0.wp.com\/www.mkab.eu\/wp-content\/uploads\/2025\/05\/technoinox-scaled.jpg?resize=1500%2C525&amp;ssl=1 1500w, https:\/\/i0.wp.com\/www.mkab.eu\/wp-content\/uploads\/2025\/05\/technoinox-scaled.jpg?resize=705%2C247&amp;ssl=1 705w, https:\/\/i0.wp.com\/www.mkab.eu\/wp-content\/uploads\/2025\/05\/technoinox-scaled.jpg?resize=1210%2C423&amp;ssl=1 1210w\" sizes=\"(max-width: 1500px) 100vw, 1500px\" \/><\/div><\/li><\/ul><\/div><\/div><div id='after_full_slider_1'  class='main_color av_default_container_wrap container_wrap fullsize'  ><div class='container av-section-cont-open' ><div class='template-page content  av-content-full alpha units'><div class='post-entry post-entry-type-page post-entry-296'><div class='entry-content-wrapper clearfix'>\n\n<style type=\"text\/css\" data-created_by=\"avia_inline_auto\" id=\"style-css-av-2ovao0-1b8f7a33f6b41fadfcabc1f61585eb55\">\n.flex_column.av-2ovao0-1b8f7a33f6b41fadfcabc1f61585eb55{\nborder-radius:0px 0px 0px 0px;\npadding:0px 0px 0px 0px;\n}\n<\/style>\n<div  class='flex_column av-2ovao0-1b8f7a33f6b41fadfcabc1f61585eb55 av_one_full  avia-builder-el-1  el_after_av_slideshow_full  el_before_av_one_half  avia-builder-el-first  first flex_column_div av-zero-column-padding'     ><section  class='av_textblock_section av-2j4gog-1924c5ae6bc969783009f7cf251e6305'   itemscope=\"itemscope\" itemtype=\"https:\/\/schema.org\/CreativeWork\" ><div class='avia_textblock'  itemprop=\"text\" ><h1>Tecnoinox - Schnelle und sehr n\u00fctzliche Salamander f\u00fcr Restaurants und Caf\u00e9s<\/h1>\n<\/div><\/section><br \/>\n\n<style type=\"text\/css\" data-created_by=\"avia_inline_auto\" id=\"style-css-av-2cz6mo-d0c492ff51e2603d7b9b4217e0110245\">\n#top .hr.av-2cz6mo-d0c492ff51e2603d7b9b4217e0110245{\nmargin-top:0px;\nmargin-bottom:0px;\n}\n.hr.av-2cz6mo-d0c492ff51e2603d7b9b4217e0110245 .hr-inner{\nwidth:100%;\n}\n<\/style>\n<div  class='hr av-2cz6mo-d0c492ff51e2603d7b9b4217e0110245 hr-custom  avia-builder-el-3  el_after_av_textblock  avia-builder-el-last  hr-center hr-icon-no'><span class='hr-inner inner-border-av-border-thin'><span class=\"hr-inner-style\"><\/span><\/span><\/div><\/p><\/div>\n\n<style type=\"text\/css\" data-created_by=\"avia_inline_auto\" id=\"style-css-av-260ge8-828e49be5cc86232b8d57a9800158bc6\">\n#top .flex_column.av-260ge8-828e49be5cc86232b8d57a9800158bc6{\nmargin-top:0px;\nmargin-bottom:0px;\n}\n.flex_column.av-260ge8-828e49be5cc86232b8d57a9800158bc6{\nborder-radius:0px 0px 0px 0px;\npadding:0px 0px 0px 0px;\n}\n.responsive #top #wrap_all .flex_column.av-260ge8-828e49be5cc86232b8d57a9800158bc6{\nmargin-top:0px;\nmargin-bottom:0px;\n}\n<\/style>\n<div  class='flex_column av-260ge8-828e49be5cc86232b8d57a9800158bc6 av_one_half  avia-builder-el-4  el_after_av_one_full  el_before_av_one_half  first flex_column_div av-zero-column-padding  column-top-margin'     ><section  class='av_textblock_section av-20jtow-3251872fb73f3ab113c5c139c5f7eeb8'   itemscope=\"itemscope\" itemtype=\"https:\/\/schema.org\/CreativeWork\" ><div class='avia_textblock'  itemprop=\"text\" ><p><a href=\"https:\/\/www.tecnoinox.it\/\" target=\"_blank\" rel=\"noopener\">Tecnoinox<\/a> entwirft und produziert eine gro\u00dfe und vielf\u00e4ltige Palette von Salamandern, die zum Gratinieren, Kochen, Aufw\u00e4rmen und Warmhalten von Speisen geeignet sind. Die Salamander sind an drei Seiten offen und haben einen h\u00f6henverstellbaren Deckel.<\/p>\n<p>Das Sortiment umfasst Modelle mit Edelstahlelementen, Quick-Salamander mit Infrarotelementen und ein Gasmodell.<\/p>\n<p>Der raffinierte Salamander Tecnoinox ist \u00e4u\u00dferst n\u00fctzlich in Bars, die Snacks anbieten, in Caf\u00e9s, die leichte Mittagsgerichte anbieten, in Schnellrestaurants sowie in den K\u00fcchen der anspruchsvollsten K\u00f6che.<\/p>\n<\/div><\/section><\/div>\n\n<style type=\"text\/css\" data-created_by=\"avia_inline_auto\" id=\"style-css-av-1wptbs-56ccd50e11b3aa152e35ccc18e48aa66\">\n#top .flex_column.av-1wptbs-56ccd50e11b3aa152e35ccc18e48aa66{\nmargin-top:0px;\nmargin-bottom:0px;\n}\n.flex_column.av-1wptbs-56ccd50e11b3aa152e35ccc18e48aa66{\nborder-radius:0px 0px 0px 0px;\npadding:0px 0px 0px 0px;\n}\n.responsive #top #wrap_all .flex_column.av-1wptbs-56ccd50e11b3aa152e35ccc18e48aa66{\nmargin-top:0px;\nmargin-bottom:0px;\n}\n<\/style>\n<div  class='flex_column av-1wptbs-56ccd50e11b3aa152e35ccc18e48aa66 av_one_half  avia-builder-el-6  el_after_av_one_half  el_before_av_tab_section  avia-builder-el-last  flex_column_div av-zero-column-padding  column-top-margin'     ><section  class='av_textblock_section av-lh7gx661-88b29cc1825443ffaf0642e741bdae0d'   itemscope=\"itemscope\" itemtype=\"https:\/\/schema.org\/CreativeWork\" ><div class='avia_textblock'  itemprop=\"text\" ><p>F\u00fcr einen minimalen Energieverbrauch und eine m\u00f6glichst intelligente Nutzung ist der Quick-Salamander auch mit Tellerstart erh\u00e4ltlich. Erst wenn Sie den Teller oder die Feldflasche auf den Aktivierungsstreifen des Ger\u00e4ts stellen, startet der Salamander. Der Quick Salamander erreicht die gew\u00fcnschte Temperatur in maximal 20 Sekunden. Der Salamander schaltet sich sofort ab, wenn der Teller oder die Feldflasche von der Aktivierungsleiste entfernt wird. Die ultraschnelle Aktivierungsgeschwindigkeit erm\u00f6glicht es Ihnen, das Ger\u00e4t auszuschalten, wenn es nicht in Gebrauch ist, und hilft Ihnen, im Vergleich zu einem herk\u00f6mmlichen Salamander tags\u00fcber eine betr\u00e4chtliche Menge Energie zu sparen.<\/p>\n<p>Der Quick-Salamander ist nicht nur energiesparend, sondern auch ein Traum f\u00fcr K\u00fcchen, in denen Heizung und L\u00fcftung ein st\u00e4ndiges Problem darstellen.<\/p>\n<\/div><\/section><\/div>\n\n<style type=\"text\/css\" data-created_by=\"avia_inline_auto\" id=\"style-css-av-1r3l8g-5a7fc0f949a9f68af68644254f265b75\">\n.av-tab-section-outer-container.av-1r3l8g-5a7fc0f949a9f68af68644254f265b75 .av-tab-section-tab-title-container{\nbackground-color:#16181a;\n}\n<\/style>\n<\/div><\/div><\/div><!-- close content main div --><\/div><\/div><div id='av-tab-section-1'  class='av-tab-section-container entry-content-wrapper main_color av-tab-no-transition   av-tab-above-content  avia-builder-el-8  el_after_av_one_half  avia-builder-el-last  tablink tab-section-not-first container_wrap fullsize'  ><div class='av-tab-section-outer-container av-1r3l8g-5a7fc0f949a9f68af68644254f265b75'><div class='av-tab-section-tab-title-container avia-tab-title-padding-default' role='tablist'><a href='#broschyr' data-av-tab-section-title='1' class='av-section-tab-title av-active-tab-title no-scroll av-1lsykw-8c6ecd6248a4ddeda9055ed8ed75ab93 av-tab-with-icon av-tab-no-image' role='tab' tabindex='0' aria-controls='av-tab-section-1-1'><span class='av-tab-section-icon avia-iconfont avia-font-entypo-fontello' data-av_icon='\ue84e' data-av_iconfont='entypo-fontello' ><\/span><span class='av-outer-tab-title'><span class='av-inner-tab-title'>Brosch\u00fcre<\/span><\/span><span class=\"av-tab-arrow-container\"><span><\/span><\/span><\/a><a href='#produktblad' data-av-tab-section-title='2' class='av-section-tab-title  av-12zyo0-bd4185d7d5a91e27bbff1c12ed29dd93 av-tab-with-icon av-tab-no-image' role='tab' tabindex='0' aria-controls='av-tab-section-1-2'><span class='av-tab-section-icon avia-iconfont avia-font-entypo-fontello' data-av_icon='\ue84d' data-av_iconfont='entypo-fontello' ><\/span><span class='av-outer-tab-title'><span class='av-inner-tab-title'>Produktblatt<\/span><\/span><span class=\"av-tab-arrow-container\"><span><\/span><\/span><\/a><a href='#teknik-support' data-av-tab-section-title='3' class='av-section-tab-title  av-n3in4-dff272aba5bb5ce9c4d3449301278a84 av-tab-with-icon av-tab-no-image' role='tab' tabindex='0' aria-controls='av-tab-section-1-3'><span class='av-tab-section-icon avia-iconfont avia-font-entypo-fontello' data-av_icon='\ue855' data-av_iconfont='entypo-fontello' ><\/span><span class='av-outer-tab-title'><span class='av-inner-tab-title'>Technologie und Unterst\u00fctzung<\/span><\/span><span class=\"av-tab-arrow-container\"><span><\/span><\/span><\/a><a href='#dwg-ritning' data-av-tab-section-title='4' class='av-section-tab-title  av-n3in4-3-3767dcc7892558b4064bd3a65eee9ca4 av-tab-with-icon av-tab-no-image' role='tab' tabindex='0' aria-controls='av-tab-section-1-4'><span class='av-tab-section-icon avia-iconfont avia-font-entypo-fontello' data-av_icon='\ue836' data-av_iconfont='entypo-fontello' ><\/span><span class='av-outer-tab-title'><span class='av-inner-tab-title'>DWG-Zeichnung<\/span><\/span><span class=\"av-tab-arrow-container\"><span><\/span><\/span><\/a><\/div><div class='avia-slideshow-arrows av-tabsection-arrow' ><a href='#prev' class='prev-slide av_prev_tab_section av-tab-section-slide avia-svg-icon avia-font-svg_entypo-fontello' data-av_svg_icon='left-open-big' data-av_iconset='svg_entypo-fontello' tabindex='-1' title=\"Zur\u00fcck zu\"><svg version=\"1.1\" xmlns=\"http:\/\/www.w3.org\/2000\/svg\" width=\"15\" height=\"32\" viewbox=\"0 0 15 32\" preserveaspectratio=\"xMidYMid meet\" aria-labelledby='av-svg-title-1' aria-describedby='av-svg-desc-1' role=\"graphics-symbol\" aria-hidden=\"true\">\n<title id='av-svg-title-1'>Zur\u00fcck zu<\/title>\n<desc id='av-svg-desc-1'>Zur\u00fcck zu<\/desc>\n<path d=\"M14.464 27.84q0.832 0.832 0 1.536-0.832 0.832-1.536 0l-12.544-12.608q-0.768-0.768 0-1.6l12.544-12.608q0.704-0.832 1.536 0 0.832 0.704 0 1.536l-11.456 11.904z\"><\/path>\n<\/svg><span class='avia_hidden_link_text'>Zur\u00fcck zu<\/span><\/a><a href='#next' class='next-slide av_next_tab_section av-tab-section-slide avia-svg-icon avia-font-svg_entypo-fontello' data-av_svg_icon='right-open-big' data-av_iconset='svg_entypo-fontello' tabindex='-1' title=\"Mehr\"><svg version=\"1.1\" xmlns=\"http:\/\/www.w3.org\/2000\/svg\" width=\"15\" height=\"32\" viewbox=\"0 0 15 32\" preserveaspectratio=\"xMidYMid meet\" aria-labelledby='av-svg-title-2' aria-describedby='av-svg-desc-2' role=\"graphics-symbol\" aria-hidden=\"true\">\n<title id='av-svg-title-2'>Mehr<\/title>\n<desc id='av-svg-desc-2'>Mehr<\/desc>\n<path d=\"M0.416 27.84l11.456-11.84-11.456-11.904q-0.832-0.832 0-1.536 0.832-0.832 1.536 0l12.544 12.608q0.768 0.832 0 1.6l-12.544 12.608q-0.704 0.832-1.536 0-0.832-0.704 0-1.536z\"><\/path>\n<\/svg><span class='avia_hidden_link_text'>Mehr<\/span><\/a><\/div><div class='av-tab-section-inner-container avia-section-default' style='width:400vw; left:0%;'><span class=\"av_prev_tab_section av_tab_navigation\"><\/span><span class=\"av_next_tab_section av_tab_navigation\"><\/span>\n\n<style type=\"text\/css\" data-created_by=\"avia_inline_auto\" id=\"style-css-av-1lsykw-8c6ecd6248a4ddeda9055ed8ed75ab93\">\n.av-layout-tab.av-1lsykw-8c6ecd6248a4ddeda9055ed8ed75ab93{\nvertical-align:top;\nbackground-color:#1f2326;\n}\n#top .av-tab-section-outer-container.av-1r3l8g-5a7fc0f949a9f68af68644254f265b75 .av-active-tab-title.av-section-tab-title.av-1lsykw-8c6ecd6248a4ddeda9055ed8ed75ab93 .av-tab-arrow-container span{\nbackground-color:#1f2326;\n}\n<\/style>\n<div id='av-tab-section-1-1' class='av-layout-tab av-1lsykw-8c6ecd6248a4ddeda9055ed8ed75ab93 av-animation-delay-container  avia-builder-el-9  el_before_av_tab_sub_section  avia-builder-el-first  av-active-tab-content __av_init_open' data-av-deeplink-tabs=\"\" data-av-tab-section-content=\"1\" data-tab-section-id=\"broschyr\"><div class=\"av-layout-tab-inner\"><div class=\"container\">\n<style type=\"text\/css\" data-created_by=\"avia_inline_auto\" id=\"style-css-av-1fuznc-d5f56402bbed2a9dcb9a203359582297\">\n.flex_column.av-1fuznc-d5f56402bbed2a9dcb9a203359582297{\nborder-radius:0px 0px 0px 0px;\npadding:0px 0px 0px 0px;\n}\n<\/style>\n<div  class='flex_column av-1fuznc-d5f56402bbed2a9dcb9a203359582297 av_one_full  avia-builder-el-10  avia-builder-el-no-sibling  first flex_column_div av-zero-column-padding'     ><section  class='av_textblock_section av-16dg4g-2b9d3178c0b4c2b38a46ccd5e6952488'   itemscope=\"itemscope\" itemtype=\"https:\/\/schema.org\/CreativeWork\" ><div class='avia_textblock'  itemprop=\"text\" ><p><strong>Brosch\u00fcre<\/strong><\/p>\n<p><a href=\"https:\/\/www.mkab.eu\/wp-content\/uploads\/2023\/03\/20-Tecnoinox-broschyr.pdf\">Tecnoinox Salamander<\/a><\/p>\n<\/div><\/section><\/div>\n<\/div><\/div><\/div>\n<style type=\"text\/css\" data-created_by=\"avia_inline_auto\" id=\"style-css-av-12zyo0-bd4185d7d5a91e27bbff1c12ed29dd93\">\n.av-layout-tab.av-12zyo0-bd4185d7d5a91e27bbff1c12ed29dd93{\nvertical-align:top;\nbackground-color:#1f2326;\n}\n#top .av-tab-section-outer-container.av-1r3l8g-5a7fc0f949a9f68af68644254f265b75 .av-active-tab-title.av-section-tab-title.av-12zyo0-bd4185d7d5a91e27bbff1c12ed29dd93 .av-tab-arrow-container span{\nbackground-color:#1f2326;\n}\n<\/style>\n<div id='av-tab-section-1-2' class='av-layout-tab av-12zyo0-bd4185d7d5a91e27bbff1c12ed29dd93 av-animation-delay-container  avia-builder-el-12  el_after_av_tab_sub_section  el_before_av_tab_sub_section' data-av-deeplink-tabs=\"\" data-av-tab-section-content=\"2\" data-tab-section-id=\"produktblad\"><div class=\"av-layout-tab-inner\"><div class=\"container\">\n<style type=\"text\/css\" data-created_by=\"avia_inline_auto\" id=\"style-css-av-yp3tk-e053a79ed7a6aa94e068ed227f03ebe8\">\n.flex_column.av-yp3tk-e053a79ed7a6aa94e068ed227f03ebe8{\nborder-radius:0px 0px 0px 0px;\npadding:0px 0px 0px 0px;\n}\n<\/style>\n<div  class='flex_column av-yp3tk-e053a79ed7a6aa94e068ed227f03ebe8 av_one_full  avia-builder-el-13  avia-builder-el-no-sibling  first flex_column_div av-zero-column-padding'     ><section  class='av_textblock_section av-r07gg-4d6201301a619fdffd5dda365f000770'   itemscope=\"itemscope\" itemtype=\"https:\/\/schema.org\/CreativeWork\" ><div class='avia_textblock'  itemprop=\"text\" ><p><a href=\"https:\/\/www.mkab.eu\/wp-content\/uploads\/2023\/03\/PI_Salamander-SE40.pdf\">Tecnoinox Salamander SE40<\/a><\/p>\n<p><a href=\"https:\/\/www.mkab.eu\/wp-content\/uploads\/2023\/03\/PI_Salamander-QSE40.pdf\">Tecnoinox Salamander QSE40<\/a><\/p>\n<p><a href=\"https:\/\/www.mkab.eu\/wp-content\/uploads\/2023\/03\/PI_Salamander-QSET40.pdf\">Tecnoinox Salamander QSET40<\/a><\/p>\n<p><a href=\"https:\/\/www.mkab.eu\/wp-content\/uploads\/2023\/03\/PI_Salamander-SE60.pdf\">Tecnoinox Salamander SE60<\/a><\/p>\n<p><a href=\"https:\/\/www.mkab.eu\/wp-content\/uploads\/2023\/03\/PI_Salamander-QSE60.pdf\">Tecnoinox Salamander QSE60<\/a><\/p>\n<p><a href=\"https:\/\/www.mkab.eu\/wp-content\/uploads\/2023\/03\/PI_Salamander-QSET60.pdf\">Tecnoinox Salamander QSET60<\/a><\/p>\n<p><a href=\"https:\/\/www.mkab.eu\/wp-content\/uploads\/2023\/03\/PI_Salamander-SE80.pdf\">Tecnoinox Salamander SE80<\/a><\/p>\n<p><a href=\"https:\/\/www.mkab.eu\/wp-content\/uploads\/2023\/03\/PI_Salamander-SG.pdf\">Tecnoinox Salamander SG<\/a><\/p>\n<\/div><\/section><\/div>\n<\/div><\/div><\/div>\n<style type=\"text\/css\" data-created_by=\"avia_inline_auto\" id=\"style-css-av-n3in4-dff272aba5bb5ce9c4d3449301278a84\">\n.av-layout-tab.av-n3in4-dff272aba5bb5ce9c4d3449301278a84{\nvertical-align:top;\nbackground-color:#1f2326;\n}\n#top .av-tab-section-outer-container.av-1r3l8g-5a7fc0f949a9f68af68644254f265b75 .av-active-tab-title.av-section-tab-title.av-n3in4-dff272aba5bb5ce9c4d3449301278a84 .av-tab-arrow-container span{\nbackground-color:#1f2326;\n}\n<\/style>\n<div id='av-tab-section-1-3' class='av-layout-tab av-n3in4-dff272aba5bb5ce9c4d3449301278a84 av-animation-delay-container  avia-builder-el-15  el_after_av_tab_sub_section  el_before_av_tab_sub_section' data-av-deeplink-tabs=\"\" data-av-tab-section-content=\"3\" data-tab-section-id=\"teknik-support\"><div class=\"av-layout-tab-inner\"><div class=\"container\">\n<style type=\"text\/css\" data-created_by=\"avia_inline_auto\" id=\"style-css-av-gmffs-98a2173b8c83717b146debf863e18329\">\n.flex_column.av-gmffs-98a2173b8c83717b146debf863e18329{\nborder-radius:0px 0px 0px 0px;\npadding:0px 0px 0px 0px;\n}\n<\/style>\n<div  class='flex_column av-gmffs-98a2173b8c83717b146debf863e18329 av_one_full  avia-builder-el-16  avia-builder-el-no-sibling  first flex_column_div av-zero-column-padding'     ><section  class='av_textblock_section av-basio-8cb6a860faa526f6f2925a215ecee3ac'   itemscope=\"itemscope\" itemtype=\"https:\/\/schema.org\/CreativeWork\" ><div class='avia_textblock'  itemprop=\"text\" ><p><strong>Salamander Explosionszeichnung<\/strong><\/p>\n<hr \/>\n<p><a href=\"https:\/\/www.mkab.eu\/wp-content\/uploads\/2023\/07\/Tecnoinox_SE80.pdf\" target=\"_blank\" rel=\"noopener\">Tecnoinox_SE80<\/a><\/p>\n<p><a href=\"https:\/\/www.mkab.eu\/wp-content\/uploads\/2023\/07\/Tecnoinox_SE60.pdf\" target=\"_blank\" rel=\"noopener\">Tecnoinox_SE60<\/a><\/p>\n<p><a href=\"https:\/\/www.mkab.eu\/wp-content\/uploads\/2023\/07\/Tecnoinox_SE40.pdf\" target=\"_blank\" rel=\"noopener\">Tecnoinox_SE40<\/a><\/p>\n<p><a href=\"https:\/\/www.mkab.eu\/wp-content\/uploads\/2023\/07\/Tecnoinox_QSET60.pdf\" target=\"_blank\" rel=\"noopener\">Tecnoinox_QSET60<\/a><\/p>\n<p><a href=\"https:\/\/www.mkab.eu\/wp-content\/uploads\/2023\/07\/Tecnoinox_QSET40.pdf\" target=\"_blank\" rel=\"noopener\">Tecnoinox_QSET40<\/a><\/p>\n<p><a href=\"https:\/\/www.mkab.eu\/wp-content\/uploads\/2023\/07\/Tecnoinox_QSE60.pdf\" target=\"_blank\" rel=\"noopener\">Tecnoinox_QSE60<\/a><\/p>\n<p><a href=\"https:\/\/www.mkab.eu\/wp-content\/uploads\/2023\/07\/Tecnoinox_QSE40.pdf\" target=\"_blank\" rel=\"noopener\">Tecnoinox_QSE40<\/a><\/p>\n<\/div><\/section><\/div>\n<\/div><\/div><\/div>\n<style type=\"text\/css\" data-created_by=\"avia_inline_auto\" id=\"style-css-av-n3in4-3-3767dcc7892558b4064bd3a65eee9ca4\">\n.av-layout-tab.av-n3in4-3-3767dcc7892558b4064bd3a65eee9ca4{\nvertical-align:top;\nbackground-color:#1f2326;\n}\n#top .av-tab-section-outer-container.av-1r3l8g-5a7fc0f949a9f68af68644254f265b75 .av-active-tab-title.av-section-tab-title.av-n3in4-3-3767dcc7892558b4064bd3a65eee9ca4 .av-tab-arrow-container span{\nbackground-color:#1f2326;\n}\n<\/style>\n<div id='av-tab-section-1-4' class='av-layout-tab av-n3in4-3-3767dcc7892558b4064bd3a65eee9ca4 av-animation-delay-container  avia-builder-el-18  el_after_av_tab_sub_section  avia-builder-el-last' data-av-deeplink-tabs=\"\" data-av-tab-section-content=\"4\" data-tab-section-id=\"dwg-ritning\"><div class=\"av-layout-tab-inner\"><div class=\"container\">\n<style type=\"text\/css\" data-created_by=\"avia_inline_auto\" id=\"style-css-av-gmffs-2-8748ada26fb1aaeea8ac4100e5f3761e\">\n.flex_column.av-gmffs-2-8748ada26fb1aaeea8ac4100e5f3761e{\nborder-radius:0px 0px 0px 0px;\npadding:0px 0px 0px 0px;\n}\n<\/style>\n<div  class='flex_column av-gmffs-2-8748ada26fb1aaeea8ac4100e5f3761e av_one_full  avia-builder-el-19  avia-builder-el-no-sibling  first flex_column_div av-zero-column-padding'     ><section  class='av_textblock_section av-basio-1-e074a0fdf517545831a4ac6f084096f0'   itemscope=\"itemscope\" itemtype=\"https:\/\/schema.org\/CreativeWork\" ><div class='avia_textblock'  itemprop=\"text\" ><p><strong>Salamander DWG-Zeichnungen<\/strong><\/p>\n<hr \/>\n<p><a href=\"https:\/\/www.mkab.eu\/wp-content\/uploads\/2023\/06\/SE40-216041.dwg\" target=\"_blank\" rel=\"noopener\">SE40<\/a><\/p>\n<p><a href=\"https:\/\/www.mkab.eu\/wp-content\/uploads\/2023\/06\/QSE40-216035.dwg\">QSE40 <\/a><\/p>\n<p><a href=\"https:\/\/www.mkab.eu\/wp-content\/uploads\/2023\/06\/QSET40-216036.dwg\">QSET40<\/a><\/p>\n<p><a href=\"https:\/\/www.mkab.eu\/wp-content\/uploads\/2023\/06\/SE60-216043.dwg\">SE60<\/a><\/p>\n<p><a href=\"https:\/\/www.mkab.eu\/wp-content\/uploads\/2023\/06\/QSE60-216038.dwg\">QSE60<\/a><\/p>\n<p><a href=\"https:\/\/www.mkab.eu\/wp-content\/uploads\/2023\/06\/QSET60-216040.dwg\">QSET60<\/a><\/p>\n<p><a href=\"https:\/\/www.mkab.eu\/wp-content\/uploads\/2023\/06\/SG-213001.dwg\">SG<\/a><\/p>\n<\/div><\/section><\/div>\n<\/div><\/div><\/div>\n<\/div><\/div><\/div>","protected":false},"excerpt":{"rendered":"","protected":false},"author":2,"featured_media":0,"parent":273,"menu_order":0,"comment_status":"closed","ping_status":"closed","template":"","meta":{"_monsterinsights_skip_tracking":false,"_monsterinsights_sitenote_active":false,"_monsterinsights_sitenote_note":"","_monsterinsights_sitenote_category":0,"footnotes":""},"class_list":["post-296","page","type-page","status-publish","hentry"],"_links":{"self":[{"href":"https:\/\/www.mkab.eu\/de\/wp-json\/wp\/v2\/pages\/296","targetHints":{"allow":["GET"]}}],"collection":[{"href":"https:\/\/www.mkab.eu\/de\/wp-json\/wp\/v2\/pages"}],"about":[{"href":"https:\/\/www.mkab.eu\/de\/wp-json\/wp\/v2\/types\/page"}],"author":[{"embeddable":true,"href":"https:\/\/www.mkab.eu\/de\/wp-json\/wp\/v2\/users\/2"}],"replies":[{"embeddable":true,"href":"https:\/\/www.mkab.eu\/de\/wp-json\/wp\/v2\/comments?post=296"}],"version-history":[{"count":41,"href":"https:\/\/www.mkab.eu\/de\/wp-json\/wp\/v2\/pages\/296\/revisions"}],"predecessor-version":[{"id":7226,"href":"https:\/\/www.mkab.eu\/de\/wp-json\/wp\/v2\/pages\/296\/revisions\/7226"}],"up":[{"embeddable":true,"href":"https:\/\/www.mkab.eu\/de\/wp-json\/wp\/v2\/pages\/273"}],"wp:attachment":[{"href":"https:\/\/www.mkab.eu\/de\/wp-json\/wp\/v2\/media?parent=296"}],"curies":[{"name":"wp","href":"https:\/\/api.w.org\/{rel}","templated":true}]}}