{"id":3061,"date":"2022-05-24T08:41:57","date_gmt":"2022-05-24T06:41:57","guid":{"rendered":"https:\/\/www.mkab.eu\/?page_id=3061"},"modified":"2023-04-11T09:19:47","modified_gmt":"2023-04-11T07:19:47","slug":"datenschutzbestimmungen","status":"publish","type":"page","link":"https:\/\/www.mkab.eu\/de\/integritetspolicy\/","title":{"rendered":"Datenschutzbestimmungen"},"content":{"rendered":"<div  class='flex_column av-2be92d-8e8972434c143136ea93875663dc63e1 av_one_full  avia-builder-el-0  avia-builder-el-no-sibling  first flex_column_div'     ><section  class='av_textblock_section av-l3jsglab-c954609708ef5899c19f58ec3df83425'   itemscope=\"itemscope\" itemtype=\"https:\/\/schema.org\/CreativeWork\" ><div class='avia_textblock'  itemprop=\"text\" ><h1>Datenschutzbestimmungen<\/h1>\n<p>Diese Richtlinie beschreibt, wie mkab Ihre personenbezogenen Daten sammelt und verarbeitet, und legt Ihre Rechte dar. Ihre personenbezogenen Daten werden in \u00dcbereinstimmung mit der EU-Datenschutzgrundverordnung (GDPR) verarbeitet, <em>Allgemeine Datenschutzverordnung<\/em>).<\/p>\n<p>Die Verarbeitung personenbezogener Daten muss immer durch die Allgemeine Datenschutzverordnung, eine sogenannte Rechtsgrundlage, gest\u00fctzt werden, um zul\u00e4ssig zu sein. Fragen des Datenschutzes und des Schutzes der Privatsph\u00e4re liegen in der Verantwortung und daher kann diese Politik aktualisiert werden. In der Regel werden Ihre personenbezogenen Daten mit Ihrer Zustimmung verarbeitet, nachdem Sie \u00fcber die Verarbeitung Ihrer personenbezogenen Daten informiert wurden.<\/p>\n<p>Durch die Nutzung der mkab Dienste akzeptieren Sie diese Datenschutzrichtlinie und die Verarbeitung Ihrer pers\u00f6nlichen Daten. Sie stimmen auch der Nutzung elektronischer Kommunikationskan\u00e4le wie Telefon und E-Mail zu, um mit Ihnen zu kommunizieren und Ihnen Informationen zu senden.<\/p>\n<h3>Cookies<\/h3>\n<p>mkab verwendet Cookies auf Mkab.eu, um Ihre Benutzererfahrung zu verbessern und die Anzahl der Besucher zu messen. Dazu geh\u00f6ren Analysetools, die von Dritten verwaltet werden, wie zum Beispiel Google. Das Programm speichert niemals pers\u00f6nliche Informationen \u00fcber Sie als Besucher, wenn Sie diese Website besuchen. Wenn Sie Cookies ausschalten m\u00f6chten, k\u00f6nnen Sie dies in Ihrem Browser tun.<\/p>\n<h3>Verarbeitung von personenbezogenen Daten<\/h3>\n<p>Diese Datenschutzrichtlinie gilt f\u00fcr alle Daten, die \u00fcber Sie gesammelt werden, zum Beispiel \u00fcber Websites, Formulare, soziale Medien, Telefonkontakt und E-Mail.<\/p>\n<p>E-Mails, SMS und andere elektronisch \u00fcbermittelte Mitteilungen fallen unter die Datenschutz-Grundverordnung. Dies liegt daran, dass sich Absender und Empf\u00e4nger durch eine solche Kommunikation bereits zu erkennen geben. Wenn Sie \u00fcber E-Mail oder eine andere Form der Kommunikation kommunizieren, werden diese und ihre Informationen verarbeitet, um Ihre Anfrage zu beantworten, Vereinbarungen oder \u00c4hnliches zu bearbeiten. Es besteht die M\u00f6glichkeit der R\u00fcckmeldung an Sie \u00fcber E-Mail und andere Kommunikation w\u00e4hrend unserer Zusammenarbeit und Leistungserbringung.<\/p>\n<h3>Wann und wie wir personenbezogene Daten mit anderen teilen<\/h3>\n<p>Ihre pers\u00f6nlichen Daten werden nicht an Dritte verkauft oder anderweitig weitergegeben, es sei denn, Sie haben uns die Erlaubnis dazu erteilt.<\/p>\n<p>Mkab kann Ihre pers\u00f6nlichen Daten wie unten beschrieben an ausgew\u00e4hlte Dritte weitergeben, um seine vertraglichen Verpflichtungen Ihnen gegen\u00fcber zu erf\u00fcllen. Um zu gew\u00e4hrleisten, dass Ihre Daten sicher behandelt werden, werden rechtliche, technische und organisatorische Anforderungen befolgt.<\/p>\n<h3>\u00dcbertragung an Dritte<\/h3>\n<p>Ihre personenbezogenen Daten werden von Partnern, Systemanbietern, Cloud-Service-Providern und \u00e4hnlichen Partnern gespeichert und verarbeitet. Dies geschieht, um die Verpflichtung Ihnen gegen\u00fcber zu erf\u00fcllen. Ihre Daten werden nicht an Dritte weitergegeben, die in irgendeiner Weise mit den genannten Zwecken oder Rechtsgr\u00fcnden in Konflikt stehen.<\/p>\n<h3>Beh\u00f6rden<\/h3>\n<p>Erforderliche Informationen k\u00f6nnen an Beh\u00f6rden weitergegeben werden, wenn eine gesetzliche Verpflichtung dazu besteht oder wenn Sie dies genehmigt haben.<\/p>\n<h3>Wenn Sie Fragen oder Bedenken haben, wenden Sie sich bitte an uns!<\/h3>\n<p>Sie haben das Recht, sich an mkab zu wenden, wenn Sie Zugang zu den gespeicherten Daten w\u00fcnschen, um deren Berichtigung oder \u00dcbertragung zu verlangen. Sie haben auch das Recht, die Einschr\u00e4nkung der Verarbeitung Ihrer personenbezogenen Daten zu verlangen, Widerspruch einzulegen oder die L\u00f6schung Ihrer Daten zu fordern. Wenn Sie sich \u00fcber die Verarbeitung Ihrer personenbezogenen Daten beschweren m\u00f6chten, haben Sie das Recht, sich an die Aufsichtsbeh\u00f6rde Datainspektionen zu wenden.<\/p>\n<p><strong>Kontaktinformationen des f\u00fcr die Datenverarbeitung Verantwortlichen<\/strong><\/p>\n<p>Herr Mats Persson<\/p>\n<p>Maskinkonstruktioner i G\u00f6teborg AB \/ 556064-1929<\/p>\n<p>mats@mkab.eu<\/p>\n<p>\u2014\u2013<\/p>\n<p>Letzte Aktualisierung: April 2023<\/p>\n<p>Urheberrecht \u00a9 2023 - Mkab - Mkab.eu<\/p>\n<\/div><\/section><\/div>","protected":false},"excerpt":{"rendered":"","protected":false},"author":3,"featured_media":0,"parent":0,"menu_order":0,"comment_status":"closed","ping_status":"closed","template":"","meta":{"_monsterinsights_skip_tracking":false,"_monsterinsights_sitenote_active":false,"_monsterinsights_sitenote_note":"","_monsterinsights_sitenote_category":0,"footnotes":""},"class_list":["post-3061","page","type-page","status-publish","hentry"],"_links":{"self":[{"href":"https:\/\/www.mkab.eu\/de\/wp-json\/wp\/v2\/pages\/3061","targetHints":{"allow":["GET"]}}],"collection":[{"href":"https:\/\/www.mkab.eu\/de\/wp-json\/wp\/v2\/pages"}],"about":[{"href":"https:\/\/www.mkab.eu\/de\/wp-json\/wp\/v2\/types\/page"}],"author":[{"embeddable":true,"href":"https:\/\/www.mkab.eu\/de\/wp-json\/wp\/v2\/users\/3"}],"replies":[{"embeddable":true,"href":"https:\/\/www.mkab.eu\/de\/wp-json\/wp\/v2\/comments?post=3061"}],"version-history":[{"count":5,"href":"https:\/\/www.mkab.eu\/de\/wp-json\/wp\/v2\/pages\/3061\/revisions"}],"predecessor-version":[{"id":3616,"href":"https:\/\/www.mkab.eu\/de\/wp-json\/wp\/v2\/pages\/3061\/revisions\/3616"}],"wp:attachment":[{"href":"https:\/\/www.mkab.eu\/de\/wp-json\/wp\/v2\/media?parent=3061"}],"curies":[{"name":"wp","href":"https:\/\/api.w.org\/{rel}","templated":true}]}}