{"id":317,"date":"2016-09-26T16:26:48","date_gmt":"2016-09-26T14:26:48","guid":{"rendered":"http:\/\/ny.mkab.nu\/?page_id=317"},"modified":"2025-10-17T13:49:20","modified_gmt":"2025-10-17T11:49:20","slug":"das-unternehmen","status":"publish","type":"page","link":"https:\/\/www.mkab.eu\/de\/foretaget\/","title":{"rendered":"Das Unternehmen"},"content":{"rendered":"<style type=\"text\/css\" data-created_by=\"avia_inline_auto\" id=\"style-css-av-6oyml-3ed3792f328b40056c88ab377dc50ae5\">\n.flex_column.av-6oyml-3ed3792f328b40056c88ab377dc50ae5{\nborder-radius:0px 0px 0px 0px;\npadding:0px 0px 0px 0px;\n}\n<\/style>\n<div  class='flex_column av-6oyml-3ed3792f328b40056c88ab377dc50ae5 av_one_full  avia-builder-el-0  el_before_av_one_half  avia-builder-el-first  first flex_column_div av-zero-column-padding'     ><section  class='av_textblock_section av-1o613h-355d38dd4afe4278bb23543076a9f230'   itemscope=\"itemscope\" itemtype=\"https:\/\/schema.org\/CreativeWork\" ><div class='avia_textblock'  itemprop=\"text\" ><h1>Zuverl\u00e4ssige Produkte f\u00fcr die Bed\u00fcrfnisse des Gastst\u00e4ttengewerbes<\/h1>\n<\/div><\/section><br \/>\n\n<style type=\"text\/css\" data-created_by=\"avia_inline_auto\" id=\"style-css-av-1m9mwl-544e68101bf7f8a294163e8029723081\">\n#top .hr.av-1m9mwl-544e68101bf7f8a294163e8029723081{\nmargin-top:0px;\nmargin-bottom:0px;\n}\n.hr.av-1m9mwl-544e68101bf7f8a294163e8029723081 .hr-inner{\nwidth:100%;\n}\n<\/style>\n<div  class='hr av-1m9mwl-544e68101bf7f8a294163e8029723081 hr-custom  avia-builder-el-2  el_after_av_textblock  avia-builder-el-last  hr-center hr-icon-no'><span class='hr-inner inner-border-av-border-thin'><span class=\"hr-inner-style\"><\/span><\/span><\/div><\/p><\/div>\n\n<style type=\"text\/css\" data-created_by=\"avia_inline_auto\" id=\"style-css-av-1dq0tx-93eb8cad4cda8ff46d2a2498971b78b9\">\n#top .flex_column.av-1dq0tx-93eb8cad4cda8ff46d2a2498971b78b9{\nmargin-top:0px;\nmargin-bottom:0px;\n}\n.flex_column.av-1dq0tx-93eb8cad4cda8ff46d2a2498971b78b9{\nborder-radius:0px 0px 0px 0px;\npadding:0px 0px 0px 0px;\n}\n.responsive #top #wrap_all .flex_column.av-1dq0tx-93eb8cad4cda8ff46d2a2498971b78b9{\nmargin-top:0px;\nmargin-bottom:0px;\n}\n<\/style>\n<div  class='flex_column av-1dq0tx-93eb8cad4cda8ff46d2a2498971b78b9 av_one_half  avia-builder-el-3  el_after_av_one_full  el_before_av_one_half  first flex_column_div av-zero-column-padding  column-top-margin'     ><section  class='av_textblock_section av-183zol-5dfc4c60bf657e64b81e4bccf09b2111'   itemscope=\"itemscope\" itemtype=\"https:\/\/schema.org\/CreativeWork\" ><div class='avia_textblock'  itemprop=\"text\" ><p data-start=\"389\" data-end=\"816\">Wir m\u00f6chten die erste Wahl f\u00fcr Restaurants und Gro\u00dfk\u00fcchen sein, die auf der Suche nach zuverl\u00e4ssigen und effizienten K\u00fcchenger\u00e4ten f\u00fcr die Lebensmittelzubereitung sind. Unser Ziel ist es, zu K\u00fcchenumgebungen beizutragen, in denen die Arbeit reibungslos verl\u00e4uft, die Ger\u00e4te lange halten und die Qualit\u00e4t der Speisen im Mittelpunkt steht.<\/p>\n<p data-start=\"818\" data-end=\"1341\">Unsere Produkte stammen von renommierten Herstellern aus dem Gastst\u00e4ttengewerbe, die f\u00fcr ihr technisches Know-how und ihren Fokus auf nachhaltige Entwicklung bekannt sind. Sie verbinden hohe Leistung und durchdachtes Design mit Energieeffizienz und wettbewerbsf\u00e4higen Preisen. Dank der engen Zusammenarbeit mit unseren Lieferanten k\u00f6nnen wir sicherstellen, dass jedes Produkt hohe Standards in Bezug auf Zuverl\u00e4ssigkeit, Hygiene und Benutzerfreundlichkeit erf\u00fcllt. Wir w\u00e4hlen nur Hersteller aus, die unsere Werte in Bezug auf Qualit\u00e4t, Funktionalit\u00e4t und Nachhaltigkeit teilen.<\/p>\n<p data-start=\"818\" data-end=\"1341\">Durch die kontinuierliche Aktualisierung unserer Produktpalette mit neuen Produkten und innovativen L\u00f6sungen k\u00f6nnen wir Ger\u00e4te anbieten, die den heutigen Anforderungen an Energieeffizienz, Umweltschutz und Leistung entsprechen. Auf diese Weise tragen wir zu einem nachhaltigeren und zukunftssicheren Betrieb f\u00fcr unsere Kunden bei.<\/p>\n<\/div><\/section><\/div>\n<style type=\"text\/css\" data-created_by=\"avia_inline_auto\" id=\"style-css-av-3ttnx-ae22b4c46c577f733c9e41d23f3cd6a0\">\n#top .flex_column.av-3ttnx-ae22b4c46c577f733c9e41d23f3cd6a0{\nmargin-top:0px;\nmargin-bottom:0px;\n}\n.flex_column.av-3ttnx-ae22b4c46c577f733c9e41d23f3cd6a0{\nborder-radius:0px 0px 0px 0px;\npadding:0px 0px 0px 0px;\n}\n.responsive #top #wrap_all .flex_column.av-3ttnx-ae22b4c46c577f733c9e41d23f3cd6a0{\nmargin-top:0px;\nmargin-bottom:0px;\n}\n<\/style>\n<div  class='flex_column av-3ttnx-ae22b4c46c577f733c9e41d23f3cd6a0 av_one_half  avia-builder-el-5  el_after_av_one_half  el_before_av_image  flex_column_div av-zero-column-padding  column-top-margin'     ><section  class='av_textblock_section av-vnlph-058f23755dc395402628670c3d3d5ba6'   itemscope=\"itemscope\" itemtype=\"https:\/\/schema.org\/CreativeWork\" ><div class='avia_textblock'  itemprop=\"text\" ><p data-start=\"1728\" data-end=\"2144\">Um eine schnelle Lieferung unserer Produkte zu gew\u00e4hrleisten, halten wir einen gro\u00dfen Teil unseres Sortiments im eigenen Land vor. Durch unser Zentrallager hier in Schweden k\u00f6nnen wir den Bedarf unserer Kunden schnell decken, egal ob es sich um eine neue Maschine, Ersatzteile oder Zubeh\u00f6r f\u00fcr bestehende Ger\u00e4te handelt. Unser Ziel ist es, die Ausfallzeiten in den K\u00fcchen zu minimieren und sicherzustellen, dass der Betrieb ohne Unterbrechung weiterlaufen kann.<\/p>\n<p data-start=\"1728\" data-end=\"2144\">Sie finden unsere Produkte bei professionellen H\u00e4ndlern, die auf Restaurant- und Catering-Ausr\u00fcstung spezialisiert sind. Unsere H\u00e4ndler sind erfahrene Berater, die sich mit der Installation, dem Service und der Produktauswahl auskennen und Sie w\u00e4hrend des gesamten Kaufprozesses beruhigen k\u00f6nnen. Gemeinsam sind wir bestrebt, moderne, langlebige und effiziente L\u00f6sungen f\u00fcr K\u00fcchen anzubieten, in denen Zuverl\u00e4ssigkeit und Qualit\u00e4t tagt\u00e4glich entscheidend sind.<\/p>\n<p>Seit 2022 sind wir Teil des <a href=\"https:\/\/www.molinsrostfria.se\/\" target=\"_blank\" rel=\"noopener\">Molins Rostfria AB<\/a>, <a href=\"https:\/\/elektrotermo.se\/\" target=\"_blank\" rel=\"noopener\">Elektrotermo AB <\/a>und\u00a0<a href=\"https:\/\/www.nordic-tech.se\/\" target=\"_blank\" rel=\"noopener\">Nordic Tech Industry AB <\/a>\u00a0i <a href=\"https:\/\/www.culinaproducts.se\/\" target=\"_blank\" rel=\"noopener\">Culina Produkte AB<\/a>eine Gruppe von Unternehmen im Besitz von <a href=\"https:\/\/www.idun.com\/sv\/\" target=\"_blank\" rel=\"noopener\">Idun Industrien<\/a> AB, das an der Nasdaq First North notiert ist.<\/p>\n<\/div><\/section><\/div>\n<style type=\"text\/css\" data-created_by=\"avia_inline_auto\" id=\"style-css-av-m8yeghqc-deb60aea3c6079442635ad1d94965ba3\">\n.avia-image-container.av-m8yeghqc-deb60aea3c6079442635ad1d94965ba3 img.avia_image{\nbox-shadow:none;\n}\n.avia-image-container.av-m8yeghqc-deb60aea3c6079442635ad1d94965ba3 .av-image-caption-overlay-center{\ncolor:#ffffff;\n}\n<\/style>\n<div  class='avia-image-container av-m8yeghqc-deb60aea3c6079442635ad1d94965ba3 av-styling- avia-align-center  avia-builder-el-7  el_after_av_one_half  el_before_av_one_full'   itemprop=\"image\" itemscope=\"itemscope\" itemtype=\"https:\/\/schema.org\/ImageObject\" ><div class=\"avia-image-container-inner\"><div class=\"avia-image-overlay-wrap\"><img decoding=\"async\" fetchpriority=\"high\" class='wp-image-6937 avia-img-lazy-loading-not-6937 avia_image' src=\"https:\/\/i0.wp.com\/www.mkab.eu\/wp-content\/uploads\/2025\/04\/culina_products_loggor1.jpg?fit=2398%2C543&ssl=1\" alt='' title='culina_erzeugnisse_loggor1'  height=\"543\" width=\"2398\"  itemprop=\"thumbnailUrl\" srcset=\"https:\/\/i0.wp.com\/www.mkab.eu\/wp-content\/uploads\/2025\/04\/culina_products_loggor1.jpg?w=2398&amp;ssl=1 2398w, https:\/\/i0.wp.com\/www.mkab.eu\/wp-content\/uploads\/2025\/04\/culina_products_loggor1.jpg?resize=300%2C68&amp;ssl=1 300w, https:\/\/i0.wp.com\/www.mkab.eu\/wp-content\/uploads\/2025\/04\/culina_products_loggor1.jpg?resize=1030%2C233&amp;ssl=1 1030w, https:\/\/i0.wp.com\/www.mkab.eu\/wp-content\/uploads\/2025\/04\/culina_products_loggor1.jpg?resize=768%2C174&amp;ssl=1 768w, https:\/\/i0.wp.com\/www.mkab.eu\/wp-content\/uploads\/2025\/04\/culina_products_loggor1.jpg?resize=1536%2C348&amp;ssl=1 1536w, https:\/\/i0.wp.com\/www.mkab.eu\/wp-content\/uploads\/2025\/04\/culina_products_loggor1.jpg?resize=2048%2C464&amp;ssl=1 2048w, https:\/\/i0.wp.com\/www.mkab.eu\/wp-content\/uploads\/2025\/04\/culina_products_loggor1.jpg?resize=1500%2C340&amp;ssl=1 1500w, https:\/\/i0.wp.com\/www.mkab.eu\/wp-content\/uploads\/2025\/04\/culina_products_loggor1.jpg?resize=705%2C160&amp;ssl=1 705w\" sizes=\"(max-width: 1500px) 100vw, 1500px\" \/><\/div><\/div><\/div><\/p>\n\n<style type=\"text\/css\" data-created_by=\"avia_inline_auto\" id=\"style-css-av-pjdgt-9d37a6b2c278871e0844153eefbf3dd8\">\n.flex_column.av-pjdgt-9d37a6b2c278871e0844153eefbf3dd8{\nborder-radius:0px 0px 0px 0px;\npadding:0px 0px 0px 0px;\n}\n<\/style>\n<div  class='flex_column av-pjdgt-9d37a6b2c278871e0844153eefbf3dd8 av_one_full  avia-builder-el-8  el_after_av_image  avia-builder-el-last  first flex_column_div av-zero-column-padding'     ><p>\n<style type=\"text\/css\" data-created_by=\"avia_inline_auto\" id=\"style-css-av-jr7n1-3af25b7ae63b5badcdba812d6639d8ea\">\n#top .hr.av-jr7n1-3af25b7ae63b5badcdba812d6639d8ea{\nmargin-top:0px;\nmargin-bottom:0px;\n}\n.hr.av-jr7n1-3af25b7ae63b5badcdba812d6639d8ea .hr-inner{\nwidth:100%;\n}\n<\/style>\n<div  class='hr av-jr7n1-3af25b7ae63b5badcdba812d6639d8ea hr-custom  avia-builder-el-9  el_before_av_iconlist  avia-builder-el-first  hr-center hr-icon-no'><span class='hr-inner inner-border-av-border-thin'><span class=\"hr-inner-style\"><\/span><\/span><\/div><br \/>\n<div  class='avia-icon-list-container av-e5hal-fb2ae48d7e6c064e535c5df541ed925a  avia-builder-el-10  el_after_av_hr  avia-builder-el-last'><ul class='avia-icon-list avia_animate_when_almost_visible avia-icon-list-left av-iconlist-big av-e5hal-fb2ae48d7e6c064e535c5df541ed925a avia-iconlist-animate'>\n<li><a href='mailto:info@mkab.eu' title='info@mkab.eu'  class='iconlist_icon av-8dbgt-4e94518a26a86ab640c927fa5dcc598b avia-font-entypo-fontello avia-iconfont avia-font-entypo-fontello'><span class='av-icon-char' data-av_icon='\ue805' data-av_iconfont='entypo-fontello' aria-hidden=\"true\"><\/span><\/a><article class=\"article-icon-entry av-iconlist-empty\"  itemscope=\"itemscope\" itemtype=\"https:\/\/schema.org\/CreativeWork\" ><div class=\"iconlist_content_wrap\"><header class=\"entry-content-header\" aria-label=\"Ikone: &lt;a href=&#039;mailto:info@mkab.eu&#039; title=&#039;info@mkab.eu&#039;&gt;info@mkab.eu&lt;\/a&gt;\"><h4 class='av_iconlist_title iconlist_title'  itemprop=\"headline\" ><a href='mailto:info@mkab.eu' title='info@mkab.eu'>info@mkab.eu<\/a><\/h4><\/header><div class='iconlist_content'  itemprop=\"text\" ><\/div><\/div><footer class=\"entry-footer\"><\/footer><\/article><div class=\"iconlist-timeline\"><\/div><\/li>\n<\/ul><\/div><\/p><\/div>","protected":false},"excerpt":{"rendered":"","protected":false},"author":2,"featured_media":0,"parent":0,"menu_order":0,"comment_status":"closed","ping_status":"closed","template":"","meta":{"_monsterinsights_skip_tracking":false,"_monsterinsights_sitenote_active":false,"_monsterinsights_sitenote_note":"","_monsterinsights_sitenote_category":0,"footnotes":""},"class_list":["post-317","page","type-page","status-publish","hentry"],"_links":{"self":[{"href":"https:\/\/www.mkab.eu\/de\/wp-json\/wp\/v2\/pages\/317","targetHints":{"allow":["GET"]}}],"collection":[{"href":"https:\/\/www.mkab.eu\/de\/wp-json\/wp\/v2\/pages"}],"about":[{"href":"https:\/\/www.mkab.eu\/de\/wp-json\/wp\/v2\/types\/page"}],"author":[{"embeddable":true,"href":"https:\/\/www.mkab.eu\/de\/wp-json\/wp\/v2\/users\/2"}],"replies":[{"embeddable":true,"href":"https:\/\/www.mkab.eu\/de\/wp-json\/wp\/v2\/comments?post=317"}],"version-history":[{"count":24,"href":"https:\/\/www.mkab.eu\/de\/wp-json\/wp\/v2\/pages\/317\/revisions"}],"predecessor-version":[{"id":7661,"href":"https:\/\/www.mkab.eu\/de\/wp-json\/wp\/v2\/pages\/317\/revisions\/7661"}],"wp:attachment":[{"href":"https:\/\/www.mkab.eu\/de\/wp-json\/wp\/v2\/media?parent=317"}],"curies":[{"name":"wp","href":"https:\/\/api.w.org\/{rel}","templated":true}]}}