{"id":323,"date":"2016-09-26T16:27:16","date_gmt":"2016-09-26T14:27:16","guid":{"rendered":"http:\/\/ny.mkab.nu\/?page_id=323"},"modified":"2025-06-11T09:56:10","modified_gmt":"2025-06-11T07:56:10","slug":"englisch","status":"publish","type":"page","link":"https:\/\/www.mkab.eu\/de\/english\/","title":{"rendered":"Englisch"},"content":{"rendered":"<style type=\"text\/css\" data-created_by=\"avia_inline_auto\" id=\"style-css-av-1w5h3f-47fd35807cecadaafbb4c27a342a1752\">\n.flex_column.av-1w5h3f-47fd35807cecadaafbb4c27a342a1752{\nborder-radius:0px 0px 0px 0px;\npadding:0px 0px 0px 0px;\n}\n<\/style>\n<div  class='flex_column av-1w5h3f-47fd35807cecadaafbb4c27a342a1752 av_one_full  avia-builder-el-0  el_before_av_one_half  avia-builder-el-first  first flex_column_div av-zero-column-padding'     ><section  class='av_textblock_section av-68bv7-ccfacb4ac719314d9b857f6e39873e51'   itemscope=\"itemscope\" itemtype=\"https:\/\/schema.org\/CreativeWork\" ><div class='avia_textblock'  itemprop=\"text\" ><h1>Willkommen bei MKAB - Ein vertrauensw\u00fcrdiger schwedischer Importeur von professionellen K\u00fcchenger\u00e4ten<\/h1>\n<\/div><\/section><br \/>\n\n<style type=\"text\/css\" data-created_by=\"avia_inline_auto\" id=\"style-css-av-1jdynn-e324dd9bddf4a57fe6778097df1e2a13\">\n#top .hr.av-1jdynn-e324dd9bddf4a57fe6778097df1e2a13{\nmargin-top:0px;\nmargin-bottom:0px;\n}\n.hr.av-1jdynn-e324dd9bddf4a57fe6778097df1e2a13 .hr-inner{\nwidth:100%;\n}\n<\/style>\n<div  class='hr av-1jdynn-e324dd9bddf4a57fe6778097df1e2a13 hr-custom  avia-builder-el-2  el_after_av_textblock  avia-builder-el-last  hr-center hr-icon-no'><span class='hr-inner inner-border-av-border-thin'><span class=\"hr-inner-style\"><\/span><\/span><\/div><\/p><\/div>\n<style type=\"text\/css\" data-created_by=\"avia_inline_auto\" id=\"style-css-av-1esxar-fb47bc07f619a1d439fb80b63d3dfbfc\">\n#top .flex_column.av-1esxar-fb47bc07f619a1d439fb80b63d3dfbfc{\nmargin-top:0px;\nmargin-bottom:0px;\n}\n.flex_column.av-1esxar-fb47bc07f619a1d439fb80b63d3dfbfc{\nborder-radius:0px 0px 0px 0px;\npadding:0px 0px 0px 0px;\n}\n.responsive #top #wrap_all .flex_column.av-1esxar-fb47bc07f619a1d439fb80b63d3dfbfc{\nmargin-top:0px;\nmargin-bottom:0px;\n}\n<\/style>\n<div  class='flex_column av-1esxar-fb47bc07f619a1d439fb80b63d3dfbfc av_one_half  avia-builder-el-3  el_after_av_one_full  el_before_av_one_half  first flex_column_div av-zero-column-padding  column-top-margin'     ><section  class='av_textblock_section av-19se2j-29c145ca66faa103e6a6dd7750f45047'   itemscope=\"itemscope\" itemtype=\"https:\/\/schema.org\/CreativeWork\" ><div class='avia_textblock'  itemprop=\"text\" ><p data-start=\"300\" data-end=\"679\">MKAB Stork\u00f6k ist ein technisch versierter und erfahrener Importeur und Vertreiber von professioneller Restaurantausr\u00fcstung f\u00fcr den schwedischen Markt. Wir wurden 1965 gegr\u00fcndet und verf\u00fcgen \u00fcber mehr als ein halbes Jahrhundert Erfahrung in der Lieferung von leistungsstarken L\u00f6sungen f\u00fcr Gro\u00dfk\u00fcchen. Unser Ziel ist es, der bevorzugte Partner f\u00fcr Hersteller zu sein, die eine zuverl\u00e4ssige und sachkundige Vertretung in Schweden suchen.<\/p>\n<p data-start=\"681\" data-end=\"997\">Wir sind spezialisiert auf hochwertige Foodservice-Ger\u00e4te von f\u00fchrenden europ\u00e4ischen und internationalen Herstellern. Unser Produktportfolio umfasst technisch fortschrittliche Ger\u00e4te, die den strengen Anforderungen moderner Gro\u00dfk\u00fcchen entsprechen. Alle Produkte werden sorgf\u00e4ltig nach ihrer Leistung, Haltbarkeit und ihrem Preis-Leistungs-Verh\u00e4ltnis ausgew\u00e4hlt.<\/p>\n<p data-start=\"999\" data-end=\"1291\">Um eine schnelle Lieferung und ein hohes Serviceniveau zu gew\u00e4hrleisten, halten wir eine gro\u00dfe Auswahl unseres Standardsortiments vor Ort auf Lager. Unser Vertriebsnetz besteht aus vertrauensw\u00fcrdigen Wiederverk\u00e4ufern in ganz Schweden - etablierte Unternehmen mit umfassenden Kenntnissen der Gro\u00dfk\u00fcchenausstattung und -installation.<\/p>\n<\/div><\/section><\/div>\n<style type=\"text\/css\" data-created_by=\"avia_inline_auto\" id=\"style-css-av-116odn-560efbb2036412c4098945e423eecb5d\">\n#top .flex_column.av-116odn-560efbb2036412c4098945e423eecb5d{\nmargin-top:0px;\nmargin-bottom:0px;\n}\n.flex_column.av-116odn-560efbb2036412c4098945e423eecb5d{\nborder-radius:0px 0px 0px 0px;\npadding:0px 0px 0px 0px;\n}\n.responsive #top #wrap_all .flex_column.av-116odn-560efbb2036412c4098945e423eecb5d{\nmargin-top:0px;\nmargin-bottom:0px;\n}\n<\/style>\n<div  class='flex_column av-116odn-560efbb2036412c4098945e423eecb5d av_one_half  avia-builder-el-5  el_after_av_one_half  el_before_av_one_full  flex_column_div av-zero-column-padding  column-top-margin'     ><section  class='av_textblock_section av-xqj8r-156bab23682ff0c3d429190e41088039'   itemscope=\"itemscope\" itemtype=\"https:\/\/schema.org\/CreativeWork\" ><div class='avia_textblock'  itemprop=\"text\" ><p data-start=\"1293\" data-end=\"1556\">Die technische Unterst\u00fctzung ist ein Eckpfeiler unseres Angebots. Wir bieten eine vollst\u00e4ndige Dokumentation mit Brosch\u00fcren, Produktbl\u00e4ttern, detaillierten technischen Spezifikationen, DWG-Dateien und Installationsanleitungen - alles leicht zug\u00e4nglich \u00fcber unsere Website unter jeder Produktkategorie.<\/p>\n<p data-start=\"1558\" data-end=\"1858\">Eine Zusammenarbeit mit MKAB bedeutet, dass Sie mit einem zuverl\u00e4ssigen, langfristigen Partner zusammenarbeiten. Wir bieten eine einj\u00e4hrige Garantie und eine volle einj\u00e4hrige Ersatzteilgarantie auf unsere Standardprodukte. Unser Kundendienst ist so strukturiert, dass er Wiederverk\u00e4ufer und Endbenutzer gleicherma\u00dfen unterst\u00fctzt und eine lange Produktlebensdauer und Kundenzufriedenheit gew\u00e4hrleistet.<\/p>\n<p data-start=\"1860\" data-end=\"2044\">Wenn Sie ein Hersteller von professionellen Restaurantmaschinen sind und ein starkes Standbein in Schweden suchen, ist MKAB Stork\u00f6k Ihr idealer lokaler Partner f\u00fcr Import, Marketing und Vertrieb.<\/p>\n<p data-sourcepos=\"19:1-19:215\">Seit 2022, zusammen mit <a href=\"https:\/\/www.molinsrostfria.se\/\" target=\"_blank\" rel=\"noopener\">Molins Rostfria AB<\/a>, <a href=\"https:\/\/elektrotermo.se\/\" target=\"_blank\" rel=\"noopener\">Elektrotermo AB<\/a>, <a href=\"https:\/\/www.nordic-tech.se\/\" target=\"_blank\" rel=\"noopener\">Nordic Tech Industry AB<\/a> und <a href=\"https:\/\/uvtech.se\/\" target=\"_blank\" rel=\"noopener\">UVtech AB<\/a>sind wir Teil von <a href=\"https:\/\/www.culinaproducts.se\/\" target=\"_blank\" rel=\"noopener\">Culina Produkte AB<\/a>eine Gruppe von Unternehmen im Besitz von <a href=\"https:\/\/www.idun.com\/sv\/\" target=\"_blank\" rel=\"noopener\">Idun Industrier AB<\/a> an der Nasdaq First North notiert.<\/p>\n<\/div><\/section><\/div>\n<style type=\"text\/css\" data-created_by=\"avia_inline_auto\" id=\"style-css-av-q27pn-511a287fc73427569f2274c2bf6b6b9c\">\n.flex_column.av-q27pn-511a287fc73427569f2274c2bf6b6b9c{\nborder-radius:0px 0px 0px 0px;\npadding:0px 0px 0px 0px;\n}\n<\/style>\n<div  class='flex_column av-q27pn-511a287fc73427569f2274c2bf6b6b9c av_one_full  avia-builder-el-7  el_after_av_one_half  avia-builder-el-last  first flex_column_div av-zero-column-padding  column-top-margin'     ><p>\n<style type=\"text\/css\" data-created_by=\"avia_inline_auto\" id=\"style-css-av-nsehv-9085af2b8aa6422d56ecb5d283a1c572\">\n#top .hr.av-nsehv-9085af2b8aa6422d56ecb5d283a1c572{\nmargin-top:0px;\nmargin-bottom:0px;\n}\n.hr.av-nsehv-9085af2b8aa6422d56ecb5d283a1c572 .hr-inner{\nwidth:100%;\n}\n<\/style>\n<div  class='hr av-nsehv-9085af2b8aa6422d56ecb5d283a1c572 hr-custom  avia-builder-el-8  el_before_av_iconlist  avia-builder-el-first  hr-center hr-icon-no'><span class='hr-inner inner-border-av-border-thin'><span class=\"hr-inner-style\"><\/span><\/span><\/div><br \/>\n<div  class='avia-icon-list-container av-dz2l7-210d4fb24defc12f0c5345e3f7c7ef09  avia-builder-el-9  el_after_av_hr  avia-builder-el-last'><ul class='avia-icon-list avia_animate_when_almost_visible avia-icon-list-left av-iconlist-big av-dz2l7-210d4fb24defc12f0c5345e3f7c7ef09 avia-iconlist-animate'>\n<li><a href='mailto:info@mkab.eu' title='info@mkab.eu'  class='iconlist_icon av-8apc3-956259dc0c6866c7085db8353e6c1570 avia-font-entypo-fontello avia-iconfont avia-font-entypo-fontello'><span class='av-icon-char' data-av_icon='\ue805' data-av_iconfont='entypo-fontello' aria-hidden=\"true\"><\/span><\/a><article class=\"article-icon-entry av-iconlist-empty\"  itemscope=\"itemscope\" itemtype=\"https:\/\/schema.org\/CreativeWork\" ><div class=\"iconlist_content_wrap\"><header class=\"entry-content-header\" aria-label=\"Ikone: &lt;a href=&#039;mailto:info@mkab.eu&#039; title=&#039;info@mkab.eu&#039;&gt;info@mkab.eu&lt;\/a&gt;\"><h4 class='av_iconlist_title iconlist_title'  itemprop=\"headline\" ><a href='mailto:info@mkab.eu' title='info@mkab.eu'>info@mkab.eu<\/a><\/h4><\/header><div class='iconlist_content'  itemprop=\"text\" ><\/div><\/div><footer class=\"entry-footer\"><\/footer><\/article><div class=\"iconlist-timeline\"><\/div><\/li>\n<\/ul><\/div><\/p><\/div><\/p>","protected":false},"excerpt":{"rendered":"","protected":false},"author":2,"featured_media":0,"parent":0,"menu_order":0,"comment_status":"closed","ping_status":"closed","template":"","meta":{"_monsterinsights_skip_tracking":false,"_monsterinsights_sitenote_active":false,"_monsterinsights_sitenote_note":"","_monsterinsights_sitenote_category":0,"footnotes":""},"class_list":["post-323","page","type-page","status-publish","hentry"],"_links":{"self":[{"href":"https:\/\/www.mkab.eu\/de\/wp-json\/wp\/v2\/pages\/323","targetHints":{"allow":["GET"]}}],"collection":[{"href":"https:\/\/www.mkab.eu\/de\/wp-json\/wp\/v2\/pages"}],"about":[{"href":"https:\/\/www.mkab.eu\/de\/wp-json\/wp\/v2\/types\/page"}],"author":[{"embeddable":true,"href":"https:\/\/www.mkab.eu\/de\/wp-json\/wp\/v2\/users\/2"}],"replies":[{"embeddable":true,"href":"https:\/\/www.mkab.eu\/de\/wp-json\/wp\/v2\/comments?post=323"}],"version-history":[{"count":7,"href":"https:\/\/www.mkab.eu\/de\/wp-json\/wp\/v2\/pages\/323\/revisions"}],"predecessor-version":[{"id":7369,"href":"https:\/\/www.mkab.eu\/de\/wp-json\/wp\/v2\/pages\/323\/revisions\/7369"}],"wp:attachment":[{"href":"https:\/\/www.mkab.eu\/de\/wp-json\/wp\/v2\/media?parent=323"}],"curies":[{"name":"wp","href":"https:\/\/api.w.org\/{rel}","templated":true}]}}