{"id":3281,"date":"2022-09-15T11:13:08","date_gmt":"2022-09-15T09:13:08","guid":{"rendered":"https:\/\/www.mkab.eu\/?page_id=3281"},"modified":"2025-06-11T09:01:54","modified_gmt":"2025-06-11T07:01:54","slug":"mailander-toast","status":"publish","type":"page","link":"https:\/\/www.mkab.eu\/de\/varugrupper\/milan-toast\/","title":{"rendered":"Milantoast"},"content":{"rendered":"<div id='full_slider_1'  class='avia-fullwidth-slider main_color avia-shadow   avia-builder-el-0  el_before_av_one_full  avia-builder-el-first   container_wrap fullsize'  ><div  class='avia-slideshow av-3ceotx-0ec92150c9bc5d22e78c8ab3dd815a0a avia-slideshow-no scaling av_slideshow_full avia-fade-slider av-slideshow-ui av-control-hidden av-no-slider-navigation av-hide-nav-arrows av-slideshow-autoplay av-loop-endless av-loop-manual-endless av-default-height-applied   avia-slideshow-1' data-slideshow-options=\"{&quot;animation&quot;:&quot;fade&quot;,&quot;autoplay&quot;:true,&quot;loop_autoplay&quot;:&quot;endless&quot;,&quot;interval&quot;:4,&quot;loop_manual&quot;:&quot;manual-endless&quot;,&quot;autoplay_stopper&quot;:false,&quot;noNavigation&quot;:true,&quot;bg_slider&quot;:false,&quot;keep_padding&quot;:false,&quot;hoverpause&quot;:false,&quot;show_slide_delay&quot;:0}\"  itemprop=\"image\" itemscope=\"itemscope\" itemtype=\"https:\/\/schema.org\/ImageObject\" ><ul class='avia-slideshow-inner' style='padding-bottom: 35%;'><li  class='avia-slideshow-slide av-3ceotx-0ec92150c9bc5d22e78c8ab3dd815a0a__0  av-single-slide slide-1 slide-odd'><div data-rel='slideshow-1' class='avia-slide-wrap'   ><img data-recalc-dims=\"1\" decoding=\"async\" fetchpriority=\"high\" class=\"wp-image-7195 avia-img-lazy-loading-not-7195\"  src=\"https:\/\/i0.wp.com\/www.mkab.eu\/wp-content\/uploads\/2025\/05\/milantoast-scaled.jpg?resize=1500%2C525&#038;ssl=1\" width=\"1500\" height=\"525\" title='milantoast' alt='Ein Milantoast-Klammergrill und eine Nahaufnahme eines Toastsandwiches'  itemprop=\"thumbnailUrl\" srcset=\"https:\/\/i0.wp.com\/www.mkab.eu\/wp-content\/uploads\/2025\/05\/milantoast-scaled.jpg?w=2560&amp;ssl=1 2560w, https:\/\/i0.wp.com\/www.mkab.eu\/wp-content\/uploads\/2025\/05\/milantoast-scaled.jpg?resize=300%2C105&amp;ssl=1 300w, https:\/\/i0.wp.com\/www.mkab.eu\/wp-content\/uploads\/2025\/05\/milantoast-scaled.jpg?resize=1030%2C360&amp;ssl=1 1030w, https:\/\/i0.wp.com\/www.mkab.eu\/wp-content\/uploads\/2025\/05\/milantoast-scaled.jpg?resize=768%2C269&amp;ssl=1 768w, https:\/\/i0.wp.com\/www.mkab.eu\/wp-content\/uploads\/2025\/05\/milantoast-scaled.jpg?resize=1536%2C537&amp;ssl=1 1536w, https:\/\/i0.wp.com\/www.mkab.eu\/wp-content\/uploads\/2025\/05\/milantoast-scaled.jpg?resize=2048%2C717&amp;ssl=1 2048w, https:\/\/i0.wp.com\/www.mkab.eu\/wp-content\/uploads\/2025\/05\/milantoast-scaled.jpg?resize=1500%2C525&amp;ssl=1 1500w, https:\/\/i0.wp.com\/www.mkab.eu\/wp-content\/uploads\/2025\/05\/milantoast-scaled.jpg?resize=705%2C247&amp;ssl=1 705w, https:\/\/i0.wp.com\/www.mkab.eu\/wp-content\/uploads\/2025\/05\/milantoast-scaled.jpg?resize=1210%2C423&amp;ssl=1 1210w\" sizes=\"(max-width: 1500px) 100vw, 1500px\" \/><\/div><\/li><\/ul><\/div><\/div><div id='after_full_slider_1'  class='main_color av_default_container_wrap container_wrap fullsize'  ><div class='container av-section-cont-open' ><div class='template-page content  av-content-full alpha units'><div class='post-entry post-entry-type-page post-entry-3281'><div class='entry-content-wrapper clearfix'>\n\n<style type=\"text\/css\" data-created_by=\"avia_inline_auto\" id=\"style-css-av-2ur0kl-566a9f2b859a919d0fd69c16a6bfb7c0\">\n.flex_column.av-2ur0kl-566a9f2b859a919d0fd69c16a6bfb7c0{\nborder-radius:0px 0px 0px 0px;\npadding:0px 0px 0px 0px;\n}\n<\/style>\n<div  class='flex_column av-2ur0kl-566a9f2b859a919d0fd69c16a6bfb7c0 av_one_full  avia-builder-el-1  el_after_av_slideshow_full  el_before_av_one_half  avia-builder-el-first  first flex_column_div av-zero-column-padding'     ><section  class='av_textblock_section av-2s77sd-89d8c9a37822197c829acf2c4045278e'   itemscope=\"itemscope\" itemtype=\"https:\/\/schema.org\/CreativeWork\" ><div class='avia_textblock'  itemprop=\"text\" ><h1 data-start=\"124\" data-end=\"214\"><strong data-start=\"124\" data-end=\"214\">Milantoast - Professionelle Klemmgrills und Toaster f\u00fcr Restaurants, Caf\u00e9s und Hotels<\/strong><\/h1>\n<\/div><\/section><br \/>\n\n<style type=\"text\/css\" data-created_by=\"avia_inline_auto\" id=\"style-css-av-2jhslx-a5241d355b8b2f4ed76b06d4f331ee7b\">\n#top .hr.av-2jhslx-a5241d355b8b2f4ed76b06d4f331ee7b{\nmargin-top:0px;\nmargin-bottom:0px;\n}\n.hr.av-2jhslx-a5241d355b8b2f4ed76b06d4f331ee7b .hr-inner{\nwidth:100%;\n}\n<\/style>\n<div  class='hr av-2jhslx-a5241d355b8b2f4ed76b06d4f331ee7b hr-custom  avia-builder-el-3  el_after_av_textblock  avia-builder-el-last  hr-center hr-icon-no'><span class='hr-inner inner-border-av-border-thin'><span class=\"hr-inner-style\"><\/span><\/span><\/div><\/p><\/div>\n\n<style type=\"text\/css\" data-created_by=\"avia_inline_auto\" id=\"style-css-av-2cw6lh-fcc4fb64a87cbbef8ab9da6a3131e8aa\">\n#top .flex_column.av-2cw6lh-fcc4fb64a87cbbef8ab9da6a3131e8aa{\nmargin-top:0px;\nmargin-bottom:0px;\n}\n.flex_column.av-2cw6lh-fcc4fb64a87cbbef8ab9da6a3131e8aa{\nborder-radius:0px 0px 0px 0px;\npadding:0px 0px 0px 0px;\n}\n.responsive #top #wrap_all .flex_column.av-2cw6lh-fcc4fb64a87cbbef8ab9da6a3131e8aa{\nmargin-top:0px;\nmargin-bottom:0px;\n}\n<\/style>\n<div  class='flex_column av-2cw6lh-fcc4fb64a87cbbef8ab9da6a3131e8aa av_one_half  avia-builder-el-4  el_after_av_one_full  el_before_av_one_half  first flex_column_div av-zero-column-padding  column-top-margin'     ><section  class='av_textblock_section av-27y3bx-f1eb158a8029277f4ddebed91e06362d'   itemscope=\"itemscope\" itemtype=\"https:\/\/schema.org\/CreativeWork\" ><div class='avia_textblock'  itemprop=\"text\" ><p><a href=\"https:\/\/www.milantoast.com\/en\/\" target=\"_blank\" rel=\"noopener\">Milantoast\u00a0<\/a>bietet eine breite Palette von Klemmgrills mit gusseisernen und keramischen Grillfl\u00e4chen an, die f\u00fcr Restaurantk\u00fcchen, Caf\u00e9s, Foodtrucks, Hotelfr\u00fchst\u00fccke und Fastfood-Lokale geeignet sind. Die Klemmgrills sind in verschiedenen Ausf\u00fchrungen erh\u00e4ltlich: mit einfacher oder doppelter Grillfl\u00e4che und mit glatter oder gerippter Grillfl\u00e4che.<\/p>\n<p>Unabh\u00e4ngig vom Modell erhalten Sie ein elegantes, langlebiges Design, eine einfache Reinigung und eine schnelle Erw\u00e4rmung, was sie zu einem unverzichtbaren Bestandteil der professionellen K\u00fcche macht. Die Grills sind gut ausbalanciert und f\u00fcr eine intensive Nutzung \u00fcber den ganzen Tag hinweg ausgelegt.<\/p>\n<p>Die Klemmroste des Milantoast sorgen f\u00fcr ein gleichm\u00e4\u00dfiges Grillergebnis - perfekt f\u00fcr hei\u00dfe Sandwiches, Paninis und Gem\u00fcse zum Beispiel.<\/p>\n<\/div><\/section><\/div>\n<style type=\"text\/css\" data-created_by=\"avia_inline_auto\" id=\"style-css-av-23gpx1-c8130272b50adc71dc7a4681e66dbe5f\">\n#top .flex_column.av-23gpx1-c8130272b50adc71dc7a4681e66dbe5f{\nmargin-top:0px;\nmargin-bottom:0px;\n}\n.flex_column.av-23gpx1-c8130272b50adc71dc7a4681e66dbe5f{\nborder-radius:0px 0px 0px 0px;\npadding:0px 0px 0px 0px;\n}\n.responsive #top #wrap_all .flex_column.av-23gpx1-c8130272b50adc71dc7a4681e66dbe5f{\nmargin-top:0px;\nmargin-bottom:0px;\n}\n<\/style>\n<div  class='flex_column av-23gpx1-c8130272b50adc71dc7a4681e66dbe5f av_one_half  avia-builder-el-6  el_after_av_one_half  el_before_av_tab_section  avia-builder-el-last  flex_column_div av-zero-column-padding  column-top-margin'     ><section  class='av_textblock_section av-1xidv9-90f983330431cb5b734aaa1c43aab7b2'   itemscope=\"itemscope\" itemtype=\"https:\/\/schema.org\/CreativeWork\" ><div class='avia_textblock'  itemprop=\"text\" ><p data-start=\"1103\" data-end=\"1624\">F\u00fcr den Fr\u00fchst\u00fccksservice in Hotels sind die Bandtoaster von Milantoast eine naheliegende Wahl. Mit ihrer Edelstahlkonstruktion, dem w\u00e4rmeisolierten Au\u00dfengeh\u00e4use und dem eleganten Design passen sie in jede Umgebung, in der effizientes und gleichm\u00e4\u00dfiges Toasten wichtig ist.<\/p>\n<p data-start=\"1103\" data-end=\"1624\">Die Durchlauftoaster sind mit einer einstellbaren Durchlaufgeschwindigkeit ausgestattet, die jedes Mal ein perfektes und gleichm\u00e4\u00dfiges Ergebnis liefert, egal ob Sie Toast f\u00fcr Hotelg\u00e4ste oder Hamburgerbr\u00f6tchen in der Mittagspause r\u00f6sten.<\/p>\n<p data-start=\"1103\" data-end=\"1624\">Die Milantoast-Maschinen sind so konzipiert, dass sie die Anforderungen der professionellen K\u00fcche erf\u00fcllen. Milantoast ist eine gute Wahl, wenn Sie K\u00fcchenger\u00e4te mit stilvollem Design, hoher Leistung und Benutzerfreundlichkeit suchen.<\/p>\n<\/div><\/section><\/div>\n<style type=\"text\/css\" data-created_by=\"avia_inline_auto\" id=\"style-css-av-1stqvp-51516282b9fd2fc1d12b604b8615f3c4\">\n.av-tab-section-outer-container.av-1stqvp-51516282b9fd2fc1d12b604b8615f3c4 .av-tab-section-tab-title-container{\nbackground-color:#16181a;\n}\n<\/style>\n<\/div><\/div><\/div><!-- close content main div --><\/div><\/div><div id='av-tab-section-1'  class='av-tab-section-container entry-content-wrapper main_color av-tab-no-transition   av-tab-above-content  avia-builder-el-8  el_after_av_one_half  avia-builder-el-last  tablink tab-section-not-first container_wrap fullsize'  ><div class='av-tab-section-outer-container av-1stqvp-51516282b9fd2fc1d12b604b8615f3c4'><div class='av-tab-section-tab-title-container avia-tab-title-padding-default' role='tablist'><a href='#broschyr' data-av-tab-section-title='1' class='av-section-tab-title av-active-tab-title no-scroll av-12dbud-709fbd4accb399b87e897c80c53fbbff av-tab-with-icon av-tab-no-image' role='tab' tabindex='0' aria-controls='av-tab-section-1-1'><span class='av-tab-section-icon avia-iconfont avia-font-entypo-fontello' data-av_icon='\ue84e' data-av_iconfont='entypo-fontello' ><\/span><span class='av-outer-tab-title'><span class='av-inner-tab-title'>Brosch\u00fcre<\/span><\/span><span class=\"av-tab-arrow-container\"><span><\/span><\/span><\/a><a href='#produktblad' data-av-tab-section-title='2' class='av-section-tab-title  av-12dbud-3-e5391ad7dd2b7a11e7b4097651ce9caf av-tab-with-icon av-tab-no-image' role='tab' tabindex='0' aria-controls='av-tab-section-1-2'><span class='av-tab-section-icon avia-iconfont avia-font-entypo-fontello' data-av_icon='\ue84d' data-av_iconfont='entypo-fontello' ><\/span><span class='av-outer-tab-title'><span class='av-inner-tab-title'>Produktblatt<\/span><\/span><span class=\"av-tab-arrow-container\"><span><\/span><\/span><\/a><a href='#video' data-av-tab-section-title='3' class='av-section-tab-title  av-l82u9xhu-c55cd800a58fc6cd3f8244415a41cbf0 av-tab-with-icon av-tab-no-image' role='tab' tabindex='0' aria-controls='av-tab-section-1-3'><span class='av-tab-section-icon avia-iconfont avia-font-entypo-fontello' data-av_icon='\ue80d' data-av_iconfont='entypo-fontello' ><\/span><span class='av-outer-tab-title'><span class='av-inner-tab-title'>Video<\/span><\/span><span class=\"av-tab-arrow-container\"><span><\/span><\/span><\/a><a href='#teknik-support' data-av-tab-section-title='4' class='av-section-tab-title  av-mp9il-f938c153ae41b7e69f7ec750ef95dbd1 av-tab-with-icon av-tab-no-image' role='tab' tabindex='0' aria-controls='av-tab-section-1-4'><span class='av-tab-section-icon avia-iconfont avia-font-entypo-fontello' data-av_icon='\ue855' data-av_iconfont='entypo-fontello' ><\/span><span class='av-outer-tab-title'><span class='av-inner-tab-title'>Technologie und Unterst\u00fctzung<\/span><\/span><span class=\"av-tab-arrow-container\"><span><\/span><\/span><\/a><\/div><div class='avia-slideshow-arrows av-tabsection-arrow' ><a href='#prev' class='prev-slide av_prev_tab_section av-tab-section-slide avia-svg-icon avia-font-svg_entypo-fontello' data-av_svg_icon='left-open-big' data-av_iconset='svg_entypo-fontello' tabindex='-1' title=\"Zur\u00fcck zu\"><svg version=\"1.1\" xmlns=\"http:\/\/www.w3.org\/2000\/svg\" width=\"15\" height=\"32\" viewbox=\"0 0 15 32\" preserveaspectratio=\"xMidYMid meet\" aria-labelledby='av-svg-title-1' aria-describedby='av-svg-desc-1' role=\"graphics-symbol\" aria-hidden=\"true\">\n<title id='av-svg-title-1'>Zur\u00fcck zu<\/title>\n<desc id='av-svg-desc-1'>Zur\u00fcck zu<\/desc>\n<path d=\"M14.464 27.84q0.832 0.832 0 1.536-0.832 0.832-1.536 0l-12.544-12.608q-0.768-0.768 0-1.6l12.544-12.608q0.704-0.832 1.536 0 0.832 0.704 0 1.536l-11.456 11.904z\"><\/path>\n<\/svg><span class='avia_hidden_link_text'>Zur\u00fcck zu<\/span><\/a><a href='#next' class='next-slide av_next_tab_section av-tab-section-slide avia-svg-icon avia-font-svg_entypo-fontello' data-av_svg_icon='right-open-big' data-av_iconset='svg_entypo-fontello' tabindex='-1' title=\"Mehr\"><svg version=\"1.1\" xmlns=\"http:\/\/www.w3.org\/2000\/svg\" width=\"15\" height=\"32\" viewbox=\"0 0 15 32\" preserveaspectratio=\"xMidYMid meet\" aria-labelledby='av-svg-title-2' aria-describedby='av-svg-desc-2' role=\"graphics-symbol\" aria-hidden=\"true\">\n<title id='av-svg-title-2'>Mehr<\/title>\n<desc id='av-svg-desc-2'>Mehr<\/desc>\n<path d=\"M0.416 27.84l11.456-11.84-11.456-11.904q-0.832-0.832 0-1.536 0.832-0.832 1.536 0l12.544 12.608q0.768 0.832 0 1.6l-12.544 12.608q-0.704 0.832-1.536 0-0.832-0.704 0-1.536z\"><\/path>\n<\/svg><span class='avia_hidden_link_text'>Mehr<\/span><\/a><\/div><div class='av-tab-section-inner-container avia-section-default' style='width:400vw; left:0%;'><span class=\"av_prev_tab_section av_tab_navigation\"><\/span><span class=\"av_next_tab_section av_tab_navigation\"><\/span>\n\n<style type=\"text\/css\" data-created_by=\"avia_inline_auto\" id=\"style-css-av-12dbud-709fbd4accb399b87e897c80c53fbbff\">\n.av-layout-tab.av-12dbud-709fbd4accb399b87e897c80c53fbbff{\nvertical-align:top;\nbackground-color:#1f2326;\n}\n#top .av-tab-section-outer-container.av-1stqvp-51516282b9fd2fc1d12b604b8615f3c4 .av-active-tab-title.av-section-tab-title.av-12dbud-709fbd4accb399b87e897c80c53fbbff .av-tab-arrow-container span{\nbackground-color:#1f2326;\n}\n<\/style>\n<div id='av-tab-section-1-1' class='av-layout-tab av-12dbud-709fbd4accb399b87e897c80c53fbbff av-animation-delay-container  avia-builder-el-9  el_before_av_tab_sub_section  avia-builder-el-first  av-active-tab-content __av_init_open' data-av-deeplink-tabs=\"\" data-av-tab-section-content=\"1\" data-tab-section-id=\"broschyr\"><div class=\"av-layout-tab-inner\"><div class=\"container\">\n<style type=\"text\/css\" data-created_by=\"avia_inline_auto\" id=\"style-css-av-vtwj9-641f20f6d28608953bc632e8052d8afc\">\n.flex_column.av-vtwj9-641f20f6d28608953bc632e8052d8afc{\nborder-radius:0px 0px 0px 0px;\npadding:0px 0px 0px 0px;\n}\n<\/style>\n<div  class='flex_column av-vtwj9-641f20f6d28608953bc632e8052d8afc av_one_full  avia-builder-el-10  avia-builder-el-no-sibling  first flex_column_div av-zero-column-padding'     ><section  class='av_textblock_section av-s1tm5-f898af9ae3eb3e76d4182a65ac6f7a6a'   itemscope=\"itemscope\" itemtype=\"https:\/\/schema.org\/CreativeWork\" ><div class='avia_textblock'  itemprop=\"text\" ><p><strong>Brosch\u00fcre Milantoast<\/strong><\/p>\n<p><a href=\"https:\/\/www.mkab.eu\/wp-content\/uploads\/2024\/03\/Milantoast_broschyr_SE.pdf\" target=\"_blank\" rel=\"noopener\">Quetschgrills, Bun-Toaster und Toaster von Milantoast<\/a><\/p>\n<\/div><\/section><\/div>\n<\/div><\/div><\/div>\n<style type=\"text\/css\" data-created_by=\"avia_inline_auto\" id=\"style-css-av-12dbud-3-e5391ad7dd2b7a11e7b4097651ce9caf\">\n.av-layout-tab.av-12dbud-3-e5391ad7dd2b7a11e7b4097651ce9caf{\nvertical-align:top;\nbackground-color:#1f2326;\n}\n#top .av-tab-section-outer-container.av-1stqvp-51516282b9fd2fc1d12b604b8615f3c4 .av-active-tab-title.av-section-tab-title.av-12dbud-3-e5391ad7dd2b7a11e7b4097651ce9caf .av-tab-arrow-container span{\nbackground-color:#1f2326;\n}\n<\/style>\n<div id='av-tab-section-1-2' class='av-layout-tab av-12dbud-3-e5391ad7dd2b7a11e7b4097651ce9caf av-animation-delay-container  avia-builder-el-12  el_after_av_tab_sub_section  el_before_av_tab_sub_section' data-av-deeplink-tabs=\"\" data-av-tab-section-content=\"2\" data-tab-section-id=\"produktblad\"><div class=\"av-layout-tab-inner\"><div class=\"container\">\n<style type=\"text\/css\" data-created_by=\"avia_inline_auto\" id=\"style-css-av-vtwj9-2-310d93e8eeed82b27c22b0cbd657062c\">\n.flex_column.av-vtwj9-2-310d93e8eeed82b27c22b0cbd657062c{\nborder-radius:0px 0px 0px 0px;\npadding:0px 0px 0px 0px;\n}\n<\/style>\n<div  class='flex_column av-vtwj9-2-310d93e8eeed82b27c22b0cbd657062c av_one_full  avia-builder-el-13  avia-builder-el-no-sibling  first flex_column_div av-zero-column-padding'     ><section  class='av_textblock_section av-s1tm5-1-4d8c157aaf2f519a451166276cc8b12f'   itemscope=\"itemscope\" itemtype=\"https:\/\/schema.org\/CreativeWork\" ><div class='avia_textblock'  itemprop=\"text\" ><p><strong>Produktblatt Spanngitter Milantoast<\/strong><\/p>\n<ul>\n<li><a href=\"https:\/\/www.mkab.eu\/wp-content\/uploads\/2024\/05\/PI_-Klamgrillar-Kvadrat-16020-16022.pdf\" target=\"_blank\" rel=\"noopener\">Kvadrat-Klemmgitter\u00a0<\/a><\/li>\n<li><a href=\"https:\/\/www.mkab.eu\/wp-content\/uploads\/2024\/05\/PI_Klamgrillar-Large-16030-16031.pdf\" target=\"_blank\" rel=\"noopener\">Klemmgitter Gro\u00df\u00a0<\/a><\/li>\n<li><a href=\"https:\/\/www.mkab.eu\/wp-content\/uploads\/2024\/05\/PI_Keramisk-Klamgrill-17011.pdf\" target=\"_blank\" rel=\"noopener\">Keramik-Klemmgrill<\/a><\/li>\n<li><a href=\"https:\/\/www.mkab.eu\/wp-content\/uploads\/2024\/05\/PI_Klamgrillar-Dubbel-16050-16052-16053.pdf\" target=\"_blank\" rel=\"noopener\">Doppelklemmgrills\u00a0<\/a><\/li>\n<li><a href=\"https:\/\/www.mkab.eu\/wp-content\/uploads\/2024\/05\/PI_Klamgrillar-Enkel-16000-16001-16002.pdf\" target=\"_blank\" rel=\"noopener\">Klemmgitter Einzel<\/a><\/li>\n<\/ul>\n<p><strong>Produktblatt Bandtoaster Milantoast<\/strong><\/p>\n<ul>\n<li><a href=\"https:\/\/www.mkab.eu\/wp-content\/uploads\/2023\/03\/PI_Bandbrodrost-Toast-Bun-18021.pdf\" target=\"_blank\" rel=\"noopener\">Bandtoaster Toast \/ Br\u00f6tchen<\/a><\/li>\n<li><a href=\"https:\/\/www.mkab.eu\/wp-content\/uploads\/2023\/03\/PI_Bandbrodrostar-Toast-18051-18061.pdf\" target=\"_blank\" rel=\"noopener\">B\u00e4ndertoaster Toast<\/a><\/li>\n<\/ul>\n<\/div><\/section><\/div>\n<\/div><\/div><\/div>\n<style type=\"text\/css\" data-created_by=\"avia_inline_auto\" id=\"style-css-av-l82u9xhu-c55cd800a58fc6cd3f8244415a41cbf0\">\n.av-layout-tab.av-l82u9xhu-c55cd800a58fc6cd3f8244415a41cbf0{\nvertical-align:middle;\nbackground-color:#000000;\n}\n#top .av-tab-section-outer-container.av-1stqvp-51516282b9fd2fc1d12b604b8615f3c4 .av-active-tab-title.av-section-tab-title.av-l82u9xhu-c55cd800a58fc6cd3f8244415a41cbf0 .av-tab-arrow-container span{\nbackground-color:#000000;\n}\n<\/style>\n<div id='av-tab-section-1-3' class='av-layout-tab av-l82u9xhu-c55cd800a58fc6cd3f8244415a41cbf0 av-animation-delay-container  avia-builder-el-15  el_after_av_tab_sub_section  el_before_av_tab_sub_section' data-av-deeplink-tabs=\"\" data-av-tab-section-content=\"3\" data-tab-section-id=\"video\"><div class=\"av-layout-tab-inner\"><div class=\"container\"><div  class='flex_column av-1xxn8x-c2efb139b062616dc18f94cd45c44802 av_one_full  avia-builder-el-16  avia-builder-el-no-sibling  first flex_column_div'     ><section  class='av_textblock_section av-l82ub53v-d3cebff993555ac7d21a230a4c2bc2f3'   itemscope=\"itemscope\" itemtype=\"https:\/\/schema.org\/CreativeWork\" ><div class='avia_textblock'  itemprop=\"text\" ><p><strong>Video<\/strong><\/p>\n<hr \/>\n<p><a href=\"https:\/\/youtu.be\/76RSFVk4wrM\" target=\"_blank\" rel=\"noopener\">Milan-Klammergrill<\/a><\/p>\n<p><a href=\"https:\/\/www.youtube.com\/watch?v=oJFGAh42OPw\" target=\"_blank\" rel=\"noopener\">Milan B\u00e4ndertoaster<\/a><\/p>\n<\/div><\/section><\/div>\n<\/div><\/div><\/div>\n<style type=\"text\/css\" data-created_by=\"avia_inline_auto\" id=\"style-css-av-mp9il-f938c153ae41b7e69f7ec750ef95dbd1\">\n.av-layout-tab.av-mp9il-f938c153ae41b7e69f7ec750ef95dbd1{\nvertical-align:top;\nbackground-color:#1f2326;\n}\n#top .av-tab-section-outer-container.av-1stqvp-51516282b9fd2fc1d12b604b8615f3c4 .av-active-tab-title.av-section-tab-title.av-mp9il-f938c153ae41b7e69f7ec750ef95dbd1 .av-tab-arrow-container span{\nbackground-color:#1f2326;\n}\n<\/style>\n<div id='av-tab-section-1-4' class='av-layout-tab av-mp9il-f938c153ae41b7e69f7ec750ef95dbd1 av-animation-delay-container  avia-builder-el-18  el_after_av_tab_sub_section  avia-builder-el-last' data-av-deeplink-tabs=\"\" data-av-tab-section-content=\"4\" data-tab-section-id=\"teknik-support\"><div class=\"av-layout-tab-inner\"><div class=\"container\">\n<style type=\"text\/css\" data-created_by=\"avia_inline_auto\" id=\"style-css-av-e992l-637614cfa0e4965d39a83668e5a17d6a\">\n.flex_column.av-e992l-637614cfa0e4965d39a83668e5a17d6a{\nborder-radius:0px 0px 0px 0px;\npadding:0px 0px 0px 0px;\n}\n<\/style>\n<div  class='flex_column av-e992l-637614cfa0e4965d39a83668e5a17d6a av_one_full  avia-builder-el-19  avia-builder-el-no-sibling  first flex_column_div av-zero-column-padding'     ><section  class='av_textblock_section av-6yvut-eef210383d6234e8ae164337f6d74842'   itemscope=\"itemscope\" itemtype=\"https:\/\/schema.org\/CreativeWork\" ><div class='avia_textblock'  itemprop=\"text\" ><p><strong>Milan Toast Explosionszeichnung<\/strong><\/p>\n<hr \/>\n<h6>Quetschgrills<\/h6>\n<p><a href=\"https:\/\/www.mkab.eu\/wp-content\/uploads\/2023\/07\/Milantoast_Enkel_16000_16001_13002.pdf\" target=\"_blank\" rel=\"noopener\">Milantoast_Enkel_16000_16001_13002<\/a><\/p>\n<p><a href=\"https:\/\/www.mkab.eu\/wp-content\/uploads\/2023\/07\/Milantoast_Large_med_overhattningsskydd_16030_16031.pdf\" target=\"_blank\" rel=\"noopener\">Milantoast_Large_med_\u00f6verhettningsskydd_16030_16031<\/a><\/p>\n<p><a href=\"https:\/\/www.mkab.eu\/wp-content\/uploads\/2023\/07\/Milantoast_Large_16030_16031.pdf\" target=\"_blank\" rel=\"noopener\">Milantoast_Large_16030_16031<\/a><\/p>\n<p><a href=\"https:\/\/www.mkab.eu\/wp-content\/uploads\/2023\/07\/Milantoast_Dubbel_16050_16052_16053.pdf\" target=\"_blank\" rel=\"noopener\">Milantoast_Dubbel_16050_16052_16053<\/a><\/p>\n<p><a href=\"https:\/\/www.mkab.eu\/wp-content\/uploads\/2023\/07\/Milantoast_Dubbel_med_overhettningsskydd_16050_16052_16053.pdf\" target=\"_blank\" rel=\"noopener\">Milantoast_Dubbel_med_\u00f6verhettningsskydd_16050_16052_16053<\/a><\/p>\n<p><a href=\"https:\/\/www.mkab.eu\/wp-content\/uploads\/2023\/07\/Milantoast_Medium_Glaskeramik_17011.pdf\" target=\"_blank\" rel=\"noopener\">Milantoast_Medium_Glaskeramik_17011<\/a><\/p>\n<h6>Toaster mit B\u00e4ndern<\/h6>\n<p><a href=\"https:\/\/www.mkab.eu\/wp-content\/uploads\/2023\/07\/Milantoast_18021.pdf\" target=\"_blank\" rel=\"noopener\">Milantoast_18021<\/a><\/p>\n<p><a href=\"https:\/\/www.mkab.eu\/wp-content\/uploads\/2023\/07\/Milantoast_18051.pdf\" target=\"_blank\" rel=\"noopener\">Milantoast_18051<\/a><\/p>\n<p><a href=\"https:\/\/www.mkab.eu\/wp-content\/uploads\/2023\/07\/Milantoast_18061.pdf\" target=\"_blank\" rel=\"noopener\">Milantoast_18061<\/a><\/p>\n<\/div><\/section><\/div>\n<\/div><\/div><\/div>\n<\/div><\/div><\/div><\/p>","protected":false},"excerpt":{"rendered":"","protected":false},"author":3,"featured_media":0,"parent":273,"menu_order":0,"comment_status":"closed","ping_status":"closed","template":"","meta":{"_monsterinsights_skip_tracking":false,"_monsterinsights_sitenote_active":false,"_monsterinsights_sitenote_note":"","_monsterinsights_sitenote_category":0,"footnotes":""},"class_list":["post-3281","page","type-page","status-publish","hentry"],"_links":{"self":[{"href":"https:\/\/www.mkab.eu\/de\/wp-json\/wp\/v2\/pages\/3281","targetHints":{"allow":["GET"]}}],"collection":[{"href":"https:\/\/www.mkab.eu\/de\/wp-json\/wp\/v2\/pages"}],"about":[{"href":"https:\/\/www.mkab.eu\/de\/wp-json\/wp\/v2\/types\/page"}],"author":[{"embeddable":true,"href":"https:\/\/www.mkab.eu\/de\/wp-json\/wp\/v2\/users\/3"}],"replies":[{"embeddable":true,"href":"https:\/\/www.mkab.eu\/de\/wp-json\/wp\/v2\/comments?post=3281"}],"version-history":[{"count":60,"href":"https:\/\/www.mkab.eu\/de\/wp-json\/wp\/v2\/pages\/3281\/revisions"}],"predecessor-version":[{"id":7357,"href":"https:\/\/www.mkab.eu\/de\/wp-json\/wp\/v2\/pages\/3281\/revisions\/7357"}],"up":[{"embeddable":true,"href":"https:\/\/www.mkab.eu\/de\/wp-json\/wp\/v2\/pages\/273"}],"wp:attachment":[{"href":"https:\/\/www.mkab.eu\/de\/wp-json\/wp\/v2\/media?parent=3281"}],"curies":[{"name":"wp","href":"https:\/\/api.w.org\/{rel}","templated":true}]}}