{"id":3303,"date":"2022-09-15T11:51:24","date_gmt":"2022-09-15T09:51:24","guid":{"rendered":"https:\/\/www.mkab.eu\/?page_id=3303"},"modified":"2026-02-24T14:57:43","modified_gmt":"2026-02-24T13:57:43","slug":"primax","status":"publish","type":"page","link":"https:\/\/www.mkab.eu\/de\/varugrupper\/primax\/","title":{"rendered":"Primax"},"content":{"rendered":"<div id='full_slider_1'  class='avia-fullwidth-slider main_color avia-shadow   avia-builder-el-0  el_before_av_one_full  avia-builder-el-first   container_wrap fullsize'  ><div  class='avia-slideshow av-3ceotx-51b15b7d5f3f4c65a0867acf0310d14b avia-slideshow-no scaling av_slideshow_full avia-fade-slider av-slideshow-ui av-control-hidden av-no-slider-navigation av-hide-nav-arrows av-slideshow-autoplay av-loop-endless av-loop-manual-endless av-default-height-applied   avia-slideshow-1' data-slideshow-options=\"{&quot;animation&quot;:&quot;fade&quot;,&quot;autoplay&quot;:true,&quot;loop_autoplay&quot;:&quot;endless&quot;,&quot;interval&quot;:4,&quot;loop_manual&quot;:&quot;manual-endless&quot;,&quot;autoplay_stopper&quot;:false,&quot;noNavigation&quot;:true,&quot;bg_slider&quot;:false,&quot;keep_padding&quot;:false,&quot;hoverpause&quot;:false,&quot;show_slide_delay&quot;:0}\"  itemprop=\"image\" itemscope=\"itemscope\" itemtype=\"https:\/\/schema.org\/ImageObject\" ><ul class='avia-slideshow-inner' style='padding-bottom: 35%;'><li  class='avia-slideshow-slide av-3ceotx-51b15b7d5f3f4c65a0867acf0310d14b__0  av-single-slide slide-1 slide-odd'><div data-rel='slideshow-1' class='avia-slide-wrap'   ><img data-recalc-dims=\"1\" decoding=\"async\" fetchpriority=\"high\" class=\"wp-image-7890 avia-img-lazy-loading-not-7890\"  src=\"https:\/\/i0.wp.com\/www.mkab.eu\/wp-content\/uploads\/2026\/02\/primax_blastchiller_top_line-scaled.jpg?resize=1500%2C525&#038;ssl=1\" width=\"1500\" height=\"525\" title='primax_blastchiller_top_line' alt=''  itemprop=\"thumbnailUrl\" srcset=\"https:\/\/i0.wp.com\/www.mkab.eu\/wp-content\/uploads\/2026\/02\/primax_blastchiller_top_line-scaled.jpg?w=2560&amp;ssl=1 2560w, https:\/\/i0.wp.com\/www.mkab.eu\/wp-content\/uploads\/2026\/02\/primax_blastchiller_top_line-scaled.jpg?resize=300%2C105&amp;ssl=1 300w, https:\/\/i0.wp.com\/www.mkab.eu\/wp-content\/uploads\/2026\/02\/primax_blastchiller_top_line-scaled.jpg?resize=1030%2C360&amp;ssl=1 1030w, https:\/\/i0.wp.com\/www.mkab.eu\/wp-content\/uploads\/2026\/02\/primax_blastchiller_top_line-scaled.jpg?resize=768%2C269&amp;ssl=1 768w, https:\/\/i0.wp.com\/www.mkab.eu\/wp-content\/uploads\/2026\/02\/primax_blastchiller_top_line-scaled.jpg?resize=1536%2C537&amp;ssl=1 1536w, https:\/\/i0.wp.com\/www.mkab.eu\/wp-content\/uploads\/2026\/02\/primax_blastchiller_top_line-scaled.jpg?resize=2048%2C716&amp;ssl=1 2048w, https:\/\/i0.wp.com\/www.mkab.eu\/wp-content\/uploads\/2026\/02\/primax_blastchiller_top_line-scaled.jpg?resize=18%2C6&amp;ssl=1 18w, https:\/\/i0.wp.com\/www.mkab.eu\/wp-content\/uploads\/2026\/02\/primax_blastchiller_top_line-scaled.jpg?resize=1500%2C525&amp;ssl=1 1500w, https:\/\/i0.wp.com\/www.mkab.eu\/wp-content\/uploads\/2026\/02\/primax_blastchiller_top_line-scaled.jpg?resize=705%2C247&amp;ssl=1 705w, https:\/\/i0.wp.com\/www.mkab.eu\/wp-content\/uploads\/2026\/02\/primax_blastchiller_top_line-scaled.jpg?resize=1210%2C423&amp;ssl=1 1210w\" sizes=\"(max-width: 1500px) 100vw, 1500px\" \/><\/div><\/li><\/ul><\/div><\/div><div id='after_full_slider_1'  class='main_color av_default_container_wrap container_wrap fullsize'  ><div class='container av-section-cont-open' ><div class='template-page content  av-content-full alpha units'><div class='post-entry post-entry-type-page post-entry-3303'><div class='entry-content-wrapper clearfix'>\n\n<style type=\"text\/css\" data-created_by=\"avia_inline_auto\" id=\"style-css-av-2ur0kl-566a9f2b859a919d0fd69c16a6bfb7c0\">\n.flex_column.av-2ur0kl-566a9f2b859a919d0fd69c16a6bfb7c0{\nborder-radius:0px 0px 0px 0px;\npadding:0px 0px 0px 0px;\n}\n<\/style>\n<div  class='flex_column av-2ur0kl-566a9f2b859a919d0fd69c16a6bfb7c0 av_one_full  avia-builder-el-1  el_after_av_slideshow_full  el_before_av_one_half  avia-builder-el-first  first flex_column_div av-zero-column-padding'     ><section  class='av_textblock_section av-2s77sd-255a19cdbfc7e1ccc5c2770726b5fdde'   itemscope=\"itemscope\" itemtype=\"https:\/\/schema.org\/CreativeWork\" ><div class='avia_textblock'  itemprop=\"text\" ><h1>Primax Schnellk\u00fchler f\u00fcr die schonende Schnellk\u00fchlung von Speisen und Rohstoffen<strong><br \/>\n<\/strong><\/h1>\n<\/div><\/section><br \/>\n\n<style type=\"text\/css\" data-created_by=\"avia_inline_auto\" id=\"style-css-av-2jhslx-a5241d355b8b2f4ed76b06d4f331ee7b\">\n#top .hr.av-2jhslx-a5241d355b8b2f4ed76b06d4f331ee7b{\nmargin-top:0px;\nmargin-bottom:0px;\n}\n.hr.av-2jhslx-a5241d355b8b2f4ed76b06d4f331ee7b .hr-inner{\nwidth:100%;\n}\n<\/style>\n<div  class='hr av-2jhslx-a5241d355b8b2f4ed76b06d4f331ee7b hr-custom  avia-builder-el-3  el_after_av_textblock  avia-builder-el-last  hr-center hr-icon-no'><span class='hr-inner inner-border-av-border-thin'><span class=\"hr-inner-style\"><\/span><\/span><\/div><\/p><\/div>\n\n<style type=\"text\/css\" data-created_by=\"avia_inline_auto\" id=\"style-css-av-2cw6lh-fcc4fb64a87cbbef8ab9da6a3131e8aa\">\n#top .flex_column.av-2cw6lh-fcc4fb64a87cbbef8ab9da6a3131e8aa{\nmargin-top:0px;\nmargin-bottom:0px;\n}\n.flex_column.av-2cw6lh-fcc4fb64a87cbbef8ab9da6a3131e8aa{\nborder-radius:0px 0px 0px 0px;\npadding:0px 0px 0px 0px;\n}\n.responsive #top #wrap_all .flex_column.av-2cw6lh-fcc4fb64a87cbbef8ab9da6a3131e8aa{\nmargin-top:0px;\nmargin-bottom:0px;\n}\n<\/style>\n<div  class='flex_column av-2cw6lh-fcc4fb64a87cbbef8ab9da6a3131e8aa av_one_half  avia-builder-el-4  el_after_av_one_full  el_before_av_one_half  first flex_column_div av-zero-column-padding  column-top-margin'     ><section  class='av_textblock_section av-27y3bx-f1eb158a8029277f4ddebed91e06362d'   itemscope=\"itemscope\" itemtype=\"https:\/\/schema.org\/CreativeWork\" ><div class='avia_textblock'  itemprop=\"text\" ><p><a href=\"https:\/\/primaxsrl.com\/en\/categoria_prodotto\/blast-chillers\/\" target=\"_blank\" rel=\"noopener\">Primax Schockfroster<\/a> k\u00fchlt Lebensmittel in nur 90 Minuten von +70\u00b0C auf +3\u00b0C und friert sie in 240 Minuten von +70\u00b0C auf -18\u00b0C ein. Durch das schnelle K\u00fchlen\/Gefrieren bleiben die Qualit\u00e4t, die Textur und der Geschmack der Lebensmittel erhalten. Au\u00dferdem wird das Wachstum und die Vermehrung von Bakterien verhindert.<\/p>\n<p>Ein Schnellk\u00fchler von Primax bietet eine perfekte Grundlage f\u00fcr eine gute Wirtschaftlichkeit, da Sie sowohl Lebensmittelabf\u00e4lle reduzieren als auch einen viel reibungsloseren, effizienteren Arbeitsablauf erhalten.<\/p>\n<h5>Was sind die Vorteile des Blast Chillers<\/h5>\n<ul>\n<li>Keine Gefahr von Frostsch\u00e4den an Lebensmitteln<\/li>\n<li>M\u00f6glichkeit, gro\u00dfe Mengen an Lebensmitteln zuzubereiten<\/li>\n<li>in der Lage sein, den G\u00e4sten breitere Men\u00fcs anzubieten<\/li>\n<li>Reduziert sowohl die Arbeitszeit in der K\u00fcche als auch den Energieverbrauch<\/li>\n<\/ul>\n<\/div><\/section><\/div>\n\n<style type=\"text\/css\" data-created_by=\"avia_inline_auto\" id=\"style-css-av-23gpx1-c8130272b50adc71dc7a4681e66dbe5f\">\n#top .flex_column.av-23gpx1-c8130272b50adc71dc7a4681e66dbe5f{\nmargin-top:0px;\nmargin-bottom:0px;\n}\n.flex_column.av-23gpx1-c8130272b50adc71dc7a4681e66dbe5f{\nborder-radius:0px 0px 0px 0px;\npadding:0px 0px 0px 0px;\n}\n.responsive #top #wrap_all .flex_column.av-23gpx1-c8130272b50adc71dc7a4681e66dbe5f{\nmargin-top:0px;\nmargin-bottom:0px;\n}\n<\/style>\n<div  class='flex_column av-23gpx1-c8130272b50adc71dc7a4681e66dbe5f av_one_half  avia-builder-el-6  el_after_av_one_half  el_before_av_tab_section  avia-builder-el-last  flex_column_div av-zero-column-padding  column-top-margin'     ><section  class='av_textblock_section av-1xidv9-90f983330431cb5b734aaa1c43aab7b2'   itemscope=\"itemscope\" itemtype=\"https:\/\/schema.org\/CreativeWork\" ><div class='avia_textblock'  itemprop=\"text\" ><p>Bei Mkab Stork\u00f6k finden Sie ein umfangreiches Sortiment an Schockk\u00fchlern von Primax. Diese sind in mehreren Gr\u00f6\u00dfen in verschiedenen Varianten von Kapazit\u00e4t und Leistung erh\u00e4ltlich.<\/p>\n<p>Die Primax Schockfroster-Reihe umfasst auch einen \"Slim And Low Blast Chiller\" f\u00fcr den Einsatz unter der Theke. Er ist besonders geeignet, wenn der Platz in der Restaurantk\u00fcche knapp ist, da er weniger Platz ben\u00f6tigt.<\/p>\n<h5>Mit dem Blast Chiller von Primax erhalten Sie:<\/h5>\n<ul>\n<li>Langlebige und hochentwickelte Einheiten aus Edelstahl<\/li>\n<li>Abgerundete Ecken auf der Innenseite f\u00fcr einfache Reinigung und optimale Hygiene<\/li>\n<li>Eine praktische L\u00f6sung f\u00fcr Tauwasser - Mit Primax ist kein Abfluss erforderlich<\/li>\n<li>Ein logisches und benutzerfreundliches Touchpanel f\u00fcr alle Einstellungen<\/li>\n<li>Viele n\u00fctzliche Funktionen, die in der professionellen K\u00fcche von gro\u00dfem Nutzen sind<\/li>\n<\/ul>\n<\/div><\/section><\/div>\n\n<style type=\"text\/css\" data-created_by=\"avia_inline_auto\" id=\"style-css-av-1stqvp-f39853581a913b69504913488d2519d9\">\n.av-tab-section-outer-container.av-1stqvp-f39853581a913b69504913488d2519d9 .av-tab-section-tab-title-container{\nbackground-color:#16181a;\n}\n<\/style>\n<\/div><\/div><\/div><!-- close content main div --><\/div><\/div><div id='av-tab-section-1'  class='av-tab-section-container entry-content-wrapper main_color av-tab-no-transition   av-tab-above-content  avia-builder-el-8  el_after_av_one_half  avia-builder-el-last  tablink tab-section-not-first container_wrap fullsize'  ><div class='av-tab-section-outer-container av-1stqvp-f39853581a913b69504913488d2519d9'><div class='av-tab-section-tab-title-container avia-tab-title-padding-default' role='tablist'><a href='#broschyr' data-av-tab-section-title='1' class='av-section-tab-title av-active-tab-title no-scroll av-12dbud-52a5931b1751b2618a569ab820dffcf0 av-tab-with-icon av-tab-no-image' role='tab' tabindex='0' aria-controls='av-tab-section-1-1'><span class='av-tab-section-icon avia-iconfont avia-font-entypo-fontello' data-av_icon='\ue84e' data-av_iconfont='entypo-fontello' ><\/span><span class='av-outer-tab-title'><span class='av-inner-tab-title'>Brosch\u00fcre<\/span><\/span><span class=\"av-tab-arrow-container\"><span><\/span><\/span><\/a><a href='#produktblad' data-av-tab-section-title='2' class='av-section-tab-title  av-12dbud-3-4e7a6bf6fecdd01ce47d8ed29bda98a8 av-tab-with-icon av-tab-no-image' role='tab' tabindex='0' aria-controls='av-tab-section-1-2'><span class='av-tab-section-icon avia-iconfont avia-font-entypo-fontello' data-av_icon='\ue84d' data-av_iconfont='entypo-fontello' ><\/span><span class='av-outer-tab-title'><span class='av-inner-tab-title'>Produktblatt<\/span><\/span><span class=\"av-tab-arrow-container\"><span><\/span><\/span><\/a><a href='#teknik-support' data-av-tab-section-title='3' class='av-section-tab-title  av-mp9il-436eb079bb7b169b3b7d45309b400149 av-tab-with-icon av-tab-no-image' role='tab' tabindex='0' aria-controls='av-tab-section-1-3'><span class='av-tab-section-icon avia-iconfont avia-font-entypo-fontello' data-av_icon='\ue855' data-av_iconfont='entypo-fontello' ><\/span><span class='av-outer-tab-title'><span class='av-inner-tab-title'>Technologie und Unterst\u00fctzung<\/span><\/span><span class=\"av-tab-arrow-container\"><span><\/span><\/span><\/a><\/div><div class='avia-slideshow-arrows av-tabsection-arrow' ><a href='#prev' class='prev-slide av_prev_tab_section av-tab-section-slide avia-svg-icon avia-font-svg_entypo-fontello' data-av_svg_icon='left-open-big' data-av_iconset='svg_entypo-fontello' tabindex='-1' title=\"Zur\u00fcck zu\"><svg version=\"1.1\" xmlns=\"http:\/\/www.w3.org\/2000\/svg\" width=\"15\" height=\"32\" viewbox=\"0 0 15 32\" preserveaspectratio=\"xMidYMid meet\" aria-labelledby='av-svg-title-1' aria-describedby='av-svg-desc-1' role=\"graphics-symbol\" aria-hidden=\"true\">\n<title id='av-svg-title-1'>Zur\u00fcck zu<\/title>\n<desc id='av-svg-desc-1'>Zur\u00fcck zu<\/desc>\n<path d=\"M14.464 27.84q0.832 0.832 0 1.536-0.832 0.832-1.536 0l-12.544-12.608q-0.768-0.768 0-1.6l12.544-12.608q0.704-0.832 1.536 0 0.832 0.704 0 1.536l-11.456 11.904z\"><\/path>\n<\/svg><span class='avia_hidden_link_text'>Zur\u00fcck zu<\/span><\/a><a href='#next' class='next-slide av_next_tab_section av-tab-section-slide avia-svg-icon avia-font-svg_entypo-fontello' data-av_svg_icon='right-open-big' data-av_iconset='svg_entypo-fontello' tabindex='-1' title=\"Mehr\"><svg version=\"1.1\" xmlns=\"http:\/\/www.w3.org\/2000\/svg\" width=\"15\" height=\"32\" viewbox=\"0 0 15 32\" preserveaspectratio=\"xMidYMid meet\" aria-labelledby='av-svg-title-2' aria-describedby='av-svg-desc-2' role=\"graphics-symbol\" aria-hidden=\"true\">\n<title id='av-svg-title-2'>Mehr<\/title>\n<desc id='av-svg-desc-2'>Mehr<\/desc>\n<path d=\"M0.416 27.84l11.456-11.84-11.456-11.904q-0.832-0.832 0-1.536 0.832-0.832 1.536 0l12.544 12.608q0.768 0.832 0 1.6l-12.544 12.608q-0.704 0.832-1.536 0-0.832-0.704 0-1.536z\"><\/path>\n<\/svg><span class='avia_hidden_link_text'>Mehr<\/span><\/a><\/div><div class='av-tab-section-inner-container avia-section-default' style='width:300vw; left:0%;'><span class=\"av_prev_tab_section av_tab_navigation\"><\/span><span class=\"av_next_tab_section av_tab_navigation\"><\/span>\n\n<style type=\"text\/css\" data-created_by=\"avia_inline_auto\" id=\"style-css-av-12dbud-52a5931b1751b2618a569ab820dffcf0\">\n.av-layout-tab.av-12dbud-52a5931b1751b2618a569ab820dffcf0{\nvertical-align:top;\nbackground-color:#1f2326;\n}\n#top .av-tab-section-outer-container.av-1stqvp-f39853581a913b69504913488d2519d9 .av-active-tab-title.av-section-tab-title.av-12dbud-52a5931b1751b2618a569ab820dffcf0{\ncolor:#b02b2c;\n}\n#top .av-tab-section-outer-container.av-1stqvp-f39853581a913b69504913488d2519d9 .av-active-tab-title.av-section-tab-title.av-12dbud-52a5931b1751b2618a569ab820dffcf0 .avia-svg-icon svg:first-child{\nfill:#b02b2c;\nstroke:#b02b2c;\n}\n#top .av-tab-section-outer-container.av-1stqvp-f39853581a913b69504913488d2519d9 .av-active-tab-title.av-section-tab-title.av-12dbud-52a5931b1751b2618a569ab820dffcf0 .av-tab-arrow-container span{\nbackground-color:#1f2326;\n}\n<\/style>\n<div id='av-tab-section-1-1' class='av-layout-tab av-12dbud-52a5931b1751b2618a569ab820dffcf0 av-animation-delay-container  avia-builder-el-9  el_before_av_tab_sub_section  avia-builder-el-first  av-active-tab-content __av_init_open' data-av-deeplink-tabs=\"\" data-av-tab-section-content=\"1\" data-tab-section-id=\"broschyr\"><div class=\"av-layout-tab-inner\"><div class=\"container\">\n<style type=\"text\/css\" data-created_by=\"avia_inline_auto\" id=\"style-css-av-vtwj9-641f20f6d28608953bc632e8052d8afc\">\n.flex_column.av-vtwj9-641f20f6d28608953bc632e8052d8afc{\nborder-radius:0px 0px 0px 0px;\npadding:0px 0px 0px 0px;\n}\n<\/style>\n<div  class='flex_column av-vtwj9-641f20f6d28608953bc632e8052d8afc av_one_full  avia-builder-el-10  avia-builder-el-no-sibling  first flex_column_div av-zero-column-padding'     ><section  class='av_textblock_section av-s1tm5-8d234114d65b5e40ff82b6d63439455e'   itemscope=\"itemscope\" itemtype=\"https:\/\/schema.org\/CreativeWork\" ><div class='avia_textblock'  itemprop=\"text\" ><p><strong>Brosch\u00fcre<\/strong><\/p>\n<p><a href=\"https:\/\/www.mkab.eu\/wp-content\/uploads\/2026\/02\/Primax_Blast_Chillers_202509_top_fast_line_SE-Sv.pdf\" target=\"_blank\" rel=\"noopener\">Primax Schockfroster<\/a><\/p>\n<p><a href=\"https:\/\/www.mkab.eu\/wp-content\/uploads\/2025\/01\/Primax_Blast_Chillers_Kyla_ratt.pdf\">K\u00fchlung rechts!<\/a><\/p>\n<\/div><\/section><\/div>\n<\/div><\/div><\/div>\n<style type=\"text\/css\" data-created_by=\"avia_inline_auto\" id=\"style-css-av-12dbud-3-4e7a6bf6fecdd01ce47d8ed29bda98a8\">\n.av-layout-tab.av-12dbud-3-4e7a6bf6fecdd01ce47d8ed29bda98a8{\nvertical-align:top;\nbackground-color:#1f2326;\n}\n#top .av-tab-section-outer-container.av-1stqvp-f39853581a913b69504913488d2519d9 .av-active-tab-title.av-section-tab-title.av-12dbud-3-4e7a6bf6fecdd01ce47d8ed29bda98a8{\ncolor:#b02b2c;\n}\n#top .av-tab-section-outer-container.av-1stqvp-f39853581a913b69504913488d2519d9 .av-active-tab-title.av-section-tab-title.av-12dbud-3-4e7a6bf6fecdd01ce47d8ed29bda98a8 .avia-svg-icon svg:first-child{\nfill:#b02b2c;\nstroke:#b02b2c;\n}\n#top .av-tab-section-outer-container.av-1stqvp-f39853581a913b69504913488d2519d9 .av-active-tab-title.av-section-tab-title.av-12dbud-3-4e7a6bf6fecdd01ce47d8ed29bda98a8 .av-tab-arrow-container span{\nbackground-color:#1f2326;\n}\n<\/style>\n<div id='av-tab-section-1-2' class='av-layout-tab av-12dbud-3-4e7a6bf6fecdd01ce47d8ed29bda98a8 av-animation-delay-container  avia-builder-el-12  el_after_av_tab_sub_section  el_before_av_tab_sub_section' data-av-deeplink-tabs=\"\" data-av-tab-section-content=\"2\" data-tab-section-id=\"produktblad\"><div class=\"av-layout-tab-inner\"><div class=\"container\">\n<style type=\"text\/css\" data-created_by=\"avia_inline_auto\" id=\"style-css-av-vtwj9-2-310d93e8eeed82b27c22b0cbd657062c\">\n.flex_column.av-vtwj9-2-310d93e8eeed82b27c22b0cbd657062c{\nborder-radius:0px 0px 0px 0px;\npadding:0px 0px 0px 0px;\n}\n<\/style>\n<div  class='flex_column av-vtwj9-2-310d93e8eeed82b27c22b0cbd657062c av_one_full  avia-builder-el-13  avia-builder-el-no-sibling  first flex_column_div av-zero-column-padding'     ><section  class='av_textblock_section av-s1tm5-1-6f5231f1b5790b0af0c7feb4f93af8f2'   itemscope=\"itemscope\" itemtype=\"https:\/\/schema.org\/CreativeWork\" ><div class='avia_textblock'  itemprop=\"text\" ><p><strong>Primax Schockfroster<\/strong><\/p>\n<hr \/>\n<ul>\n<li style=\"list-style-type: none;\"><\/li>\n<li><a href=\"https:\/\/www.mkab.eu\/wp-content\/uploads\/2026\/02\/PI_Primax-BF-R031.pdf\" target=\"_blank\" rel=\"noopener\">Primax BF-R031<\/a><\/li>\n<li><a href=\"https:\/\/www.mkab.eu\/wp-content\/uploads\/2026\/02\/PI_Primax-BF-R101.pdf\" target=\"_blank\" rel=\"noopener\">Primax BF-R101<\/a><\/li>\n<li><a href=\"https:\/\/www.mkab.eu\/wp-content\/uploads\/2024\/04\/PI_Primax-BE-R051.pdf\" target=\"_blank\" rel=\"noopener\">Primax BE-R051<\/a><\/li>\n<li><a href=\"https:\/\/www.mkab.eu\/wp-content\/uploads\/2024\/04\/PI_Primax-BE-R051S.pdf\" target=\"_blank\" rel=\"noopener\">Primax BE-R051S<\/a><\/li>\n<li><a href=\"https:\/\/www.mkab.eu\/wp-content\/uploads\/2024\/04\/PI_Primax-BE-R051SL.pdf\" target=\"_blank\" rel=\"noopener\">Primax BE-R051SL<\/a><\/li>\n<li><a href=\"https:\/\/www.mkab.eu\/wp-content\/uploads\/2026\/02\/PI_Primax-BT-R031.pdf\" target=\"_blank\" rel=\"noopener\">Primax BT-R031<\/a><\/li>\n<li><a href=\"https:\/\/www.mkab.eu\/wp-content\/uploads\/2026\/02\/PI_Primax-BT-R051.pdf\" target=\"_blank\" rel=\"noopener\">Primax BT-R051<\/a><\/li>\n<li><a href=\"https:\/\/www.mkab.eu\/wp-content\/uploads\/2026\/02\/PI_Primax-BT-R101.pdf\" target=\"_blank\" rel=\"noopener\">Primax BT-R101<\/a><\/li>\n<\/ul>\n<\/div><\/section><\/div>\n<\/div><\/div><\/div>\n<style type=\"text\/css\" data-created_by=\"avia_inline_auto\" id=\"style-css-av-mp9il-436eb079bb7b169b3b7d45309b400149\">\n.av-layout-tab.av-mp9il-436eb079bb7b169b3b7d45309b400149{\nvertical-align:top;\nbackground-color:#1f2326;\n}\n#top .av-tab-section-outer-container.av-1stqvp-f39853581a913b69504913488d2519d9 .av-active-tab-title.av-section-tab-title.av-mp9il-436eb079bb7b169b3b7d45309b400149{\ncolor:#b02b2c;\n}\n#top .av-tab-section-outer-container.av-1stqvp-f39853581a913b69504913488d2519d9 .av-active-tab-title.av-section-tab-title.av-mp9il-436eb079bb7b169b3b7d45309b400149 .avia-svg-icon svg:first-child{\nfill:#b02b2c;\nstroke:#b02b2c;\n}\n#top .av-tab-section-outer-container.av-1stqvp-f39853581a913b69504913488d2519d9 .av-active-tab-title.av-section-tab-title.av-mp9il-436eb079bb7b169b3b7d45309b400149 .av-tab-arrow-container span{\nbackground-color:#1f2326;\n}\n<\/style>\n<div id='av-tab-section-1-3' class='av-layout-tab av-mp9il-436eb079bb7b169b3b7d45309b400149 av-animation-delay-container  avia-builder-el-15  el_after_av_tab_sub_section  avia-builder-el-last' data-av-deeplink-tabs=\"\" data-av-tab-section-content=\"3\" data-tab-section-id=\"teknik-support\"><div class=\"av-layout-tab-inner\"><div class=\"container\">\n<style type=\"text\/css\" data-created_by=\"avia_inline_auto\" id=\"style-css-av-e992l-637614cfa0e4965d39a83668e5a17d6a\">\n.flex_column.av-e992l-637614cfa0e4965d39a83668e5a17d6a{\nborder-radius:0px 0px 0px 0px;\npadding:0px 0px 0px 0px;\n}\n<\/style>\n<div  class='flex_column av-e992l-637614cfa0e4965d39a83668e5a17d6a av_one_full  avia-builder-el-16  avia-builder-el-no-sibling  first flex_column_div av-zero-column-padding'     ><section  class='av_textblock_section av-6yvut-eef210383d6234e8ae164337f6d74842'   itemscope=\"itemscope\" itemtype=\"https:\/\/schema.org\/CreativeWork\" ><div class='avia_textblock'  itemprop=\"text\" ><p><strong>Explosionszeichnung<\/strong><\/p>\n<hr \/>\n<p><a href=\"\/wp-content\/uploads\/2022\/09\/Sprangskiss-BE-R031.pdf\" target=\"_blank\" rel=\"noopener\">BE-R031<\/a><br \/>\n<a href=\"\/wp-content\/uploads\/2022\/09\/Sprangskiss-BE-R051.pdf\" target=\"_blank\" rel=\"noopener\">BE-R051<\/a><br \/>\n<a href=\"\/wp-content\/uploads\/2022\/09\/Sprangskiss-BE-R051S.pdf\" target=\"_blank\" rel=\"noopener\">BE-R051S<\/a><br \/>\n<a href=\"\/wp-content\/uploads\/2022\/09\/Sprangskiss-BE-R051X.pdf\" target=\"_blank\" rel=\"noopener\">BE-R051X<\/a><br \/>\n<a href=\"\/wp-content\/uploads\/2022\/09\/Sprangskiss-BE-R101.pdf\" target=\"_blank\" rel=\"noopener\">BE-R101<\/a><br \/>\n<a href=\"\/wp-content\/uploads\/2022\/09\/Sprangskiss-BE-R101X.pdf\" target=\"_blank\" rel=\"noopener\">BE-R101X<\/a><br \/>\n<a href=\"\/wp-content\/uploads\/2022\/09\/Sprangskiss-BE-R151.pdf\" target=\"_blank\" rel=\"noopener\">BE-R151<\/a><br \/>\n<a href=\"\/wp-content\/uploads\/2022\/09\/Sprangskiss-BE-R151X.pdf\" target=\"_blank\" rel=\"noopener\">BE-R151X<\/a><\/p>\n<\/div><\/section><\/div>\n<\/div><\/div><\/div><\/div><\/div><\/div>","protected":false},"excerpt":{"rendered":"","protected":false},"author":3,"featured_media":0,"parent":273,"menu_order":0,"comment_status":"closed","ping_status":"closed","template":"","meta":{"_monsterinsights_skip_tracking":false,"_monsterinsights_sitenote_active":false,"_monsterinsights_sitenote_note":"","_monsterinsights_sitenote_category":0,"footnotes":""},"class_list":["post-3303","page","type-page","status-publish","hentry"],"_links":{"self":[{"href":"https:\/\/www.mkab.eu\/de\/wp-json\/wp\/v2\/pages\/3303","targetHints":{"allow":["GET"]}}],"collection":[{"href":"https:\/\/www.mkab.eu\/de\/wp-json\/wp\/v2\/pages"}],"about":[{"href":"https:\/\/www.mkab.eu\/de\/wp-json\/wp\/v2\/types\/page"}],"author":[{"embeddable":true,"href":"https:\/\/www.mkab.eu\/de\/wp-json\/wp\/v2\/users\/3"}],"replies":[{"embeddable":true,"href":"https:\/\/www.mkab.eu\/de\/wp-json\/wp\/v2\/comments?post=3303"}],"version-history":[{"count":51,"href":"https:\/\/www.mkab.eu\/de\/wp-json\/wp\/v2\/pages\/3303\/revisions"}],"predecessor-version":[{"id":7901,"href":"https:\/\/www.mkab.eu\/de\/wp-json\/wp\/v2\/pages\/3303\/revisions\/7901"}],"up":[{"embeddable":true,"href":"https:\/\/www.mkab.eu\/de\/wp-json\/wp\/v2\/pages\/273"}],"wp:attachment":[{"href":"https:\/\/www.mkab.eu\/de\/wp-json\/wp\/v2\/media?parent=3303"}],"curies":[{"name":"wp","href":"https:\/\/api.w.org\/{rel}","templated":true}]}}