{"id":280,"date":"2016-09-26T16:19:47","date_gmt":"2016-09-26T14:19:47","guid":{"rendered":"http:\/\/ny.mkab.nu\/?page_id=280"},"modified":"2025-10-23T08:43:55","modified_gmt":"2025-10-23T06:43:55","slug":"hiber","status":"publish","type":"page","link":"https:\/\/www.mkab.eu\/it\/varugrupper\/hiber\/","title":{"rendered":"Hiber"},"content":{"rendered":"<div id='full_slider_1'  class='avia-fullwidth-slider main_color avia-shadow   avia-builder-el-0  el_before_av_one_full  avia-builder-el-first   container_wrap fullsize'  ><div  class='avia-slideshow av-4uybew-09545da7d0f8db3adb2d70270749dd7e avia-slideshow-no scaling av_slideshow_full avia-fade-slider av-slideshow-ui av-control-hidden av-no-slider-navigation av-hide-nav-arrows av-slideshow-autoplay av-loop-endless av-loop-manual-endless av-default-height-applied   avia-slideshow-1' data-slideshow-options=\"{&quot;animation&quot;:&quot;fade&quot;,&quot;autoplay&quot;:true,&quot;loop_autoplay&quot;:&quot;endless&quot;,&quot;interval&quot;:4,&quot;loop_manual&quot;:&quot;manual-endless&quot;,&quot;autoplay_stopper&quot;:false,&quot;noNavigation&quot;:true,&quot;bg_slider&quot;:false,&quot;keep_padding&quot;:false,&quot;hoverpause&quot;:false,&quot;show_slide_delay&quot;:0}\"  itemprop=\"image\" itemscope=\"itemscope\" itemtype=\"https:\/\/schema.org\/ImageObject\" ><ul class='avia-slideshow-inner' style='padding-bottom: 35%;'><li  class='avia-slideshow-slide av-4uybew-09545da7d0f8db3adb2d70270749dd7e__0  av-single-slide slide-1 slide-odd'><div data-rel='slideshow-1' class='avia-slide-wrap'   ><img data-recalc-dims=\"1\" decoding=\"async\" fetchpriority=\"high\" class=\"wp-image-7191 avia-img-lazy-loading-not-7191\"  src=\"https:\/\/i0.wp.com\/www.mkab.eu\/wp-content\/uploads\/2025\/05\/hiber-scaled.jpg?resize=1500%2C525&#038;ssl=1\" width=\"1500\" height=\"525\" title='ibernare' alt='Abbattitore di temperatura in acciaio inox di grandi dimensioni da Hiber. L&#039;abbattitore viene utilizzato per raffreddare o congelare rapidamente gli alimenti nelle cucine professionali. L&#039;immagine comprende anche un primo piano di cup cake decorati.'  itemprop=\"thumbnailUrl\" srcset=\"https:\/\/i0.wp.com\/www.mkab.eu\/wp-content\/uploads\/2025\/05\/hiber-scaled.jpg?w=2560&amp;ssl=1 2560w, https:\/\/i0.wp.com\/www.mkab.eu\/wp-content\/uploads\/2025\/05\/hiber-scaled.jpg?resize=300%2C105&amp;ssl=1 300w, https:\/\/i0.wp.com\/www.mkab.eu\/wp-content\/uploads\/2025\/05\/hiber-scaled.jpg?resize=1030%2C360&amp;ssl=1 1030w, https:\/\/i0.wp.com\/www.mkab.eu\/wp-content\/uploads\/2025\/05\/hiber-scaled.jpg?resize=768%2C269&amp;ssl=1 768w, https:\/\/i0.wp.com\/www.mkab.eu\/wp-content\/uploads\/2025\/05\/hiber-scaled.jpg?resize=1536%2C537&amp;ssl=1 1536w, https:\/\/i0.wp.com\/www.mkab.eu\/wp-content\/uploads\/2025\/05\/hiber-scaled.jpg?resize=2048%2C717&amp;ssl=1 2048w, https:\/\/i0.wp.com\/www.mkab.eu\/wp-content\/uploads\/2025\/05\/hiber-scaled.jpg?resize=1500%2C525&amp;ssl=1 1500w, https:\/\/i0.wp.com\/www.mkab.eu\/wp-content\/uploads\/2025\/05\/hiber-scaled.jpg?resize=705%2C247&amp;ssl=1 705w, https:\/\/i0.wp.com\/www.mkab.eu\/wp-content\/uploads\/2025\/05\/hiber-scaled.jpg?resize=1210%2C423&amp;ssl=1 1210w\" sizes=\"(max-width: 1500px) 100vw, 1500px\" \/><\/div><\/li><\/ul><\/div><\/div><div id='after_full_slider_1'  class='main_color av_default_container_wrap container_wrap fullsize'  ><div class='container av-section-cont-open' ><div class='template-page content  av-content-full alpha units'><div class='post-entry post-entry-type-page post-entry-280'><div class='entry-content-wrapper clearfix'>\n\n<style type=\"text\/css\" data-created_by=\"avia_inline_auto\" id=\"style-css-av-44j8zk-66288e1e77847c22227439229e6a121b\">\n.flex_column.av-44j8zk-66288e1e77847c22227439229e6a121b{\nborder-radius:0px 0px 0px 0px;\npadding:0px 0px 0px 0px;\n}\n<\/style>\n<div  class='flex_column av-44j8zk-66288e1e77847c22227439229e6a121b av_one_full  avia-builder-el-1  el_after_av_slideshow_full  el_before_av_one_half  avia-builder-el-first  first flex_column_div av-zero-column-padding'     ><section  class='av_textblock_section av-3ym8s0-8fe1bd5f27a8becb362734e925695da8'   itemscope=\"itemscope\" itemtype=\"https:\/\/schema.org\/CreativeWork\" ><div class='avia_textblock'  itemprop=\"text\" ><h1>Hiber Abbattitore di temperatura - Prodotti per il raffreddamento rapido<\/h1>\n<\/div><\/section><br \/>\n\n<style type=\"text\/css\" data-created_by=\"avia_inline_auto\" id=\"style-css-av-3qy46w-b58c950dc2ca5d65e6aad841b51702ca\">\n#top .hr.av-3qy46w-b58c950dc2ca5d65e6aad841b51702ca{\nmargin-top:0px;\nmargin-bottom:0px;\n}\n.hr.av-3qy46w-b58c950dc2ca5d65e6aad841b51702ca .hr-inner{\nwidth:100%;\n}\n<\/style>\n<div  class='hr av-3qy46w-b58c950dc2ca5d65e6aad841b51702ca hr-custom  avia-builder-el-3  el_after_av_textblock  avia-builder-el-last  hr-center hr-icon-no'><span class='hr-inner inner-border-av-border-thin'><span class=\"hr-inner-style\"><\/span><\/span><\/div><\/p><\/div>\n<style type=\"text\/css\" data-created_by=\"avia_inline_auto\" id=\"style-css-av-3l4o2g-4c6195726fa051373f58d3e0c2e866fc\">\n#top .flex_column.av-3l4o2g-4c6195726fa051373f58d3e0c2e866fc{\nmargin-top:0px;\nmargin-bottom:0px;\n}\n.flex_column.av-3l4o2g-4c6195726fa051373f58d3e0c2e866fc{\nborder-radius:0px 0px 0px 0px;\npadding:0px 0px 0px 0px;\n}\n.responsive #top #wrap_all .flex_column.av-3l4o2g-4c6195726fa051373f58d3e0c2e866fc{\nmargin-top:0px;\nmargin-bottom:0px;\n}\n<\/style>\n<div  class='flex_column av-3l4o2g-4c6195726fa051373f58d3e0c2e866fc av_one_half  avia-builder-el-4  el_after_av_one_full  el_before_av_one_half  first flex_column_div av-zero-column-padding  column-top-margin'     ><section  class='av_textblock_section av-3dfgwg-1f5f4542c3d09e674fd27c7246965080'   itemscope=\"itemscope\" itemtype=\"https:\/\/schema.org\/CreativeWork\" ><div class='avia_textblock'  itemprop=\"text\" ><p><a href=\"https:\/\/hiber.it\/en\/\" target=\"_blank\" rel=\"noopener\">Hiber<\/a> produce prodotti per il raffreddamento e il congelamento rapido. Le apparecchiature sono sviluppate e progettate per raffreddare o congelare gli alimenti nel modo migliore, il pi\u00f9 rapidamente e delicatamente possibile. Hiber fornisce modelli in grado di raffreddare alimenti da 5 kg fino a 600 kg in pochi minuti.<\/p>\n<p>Le unit\u00e0 Hiber sono prodotte interamente in acciaio inox con una forte enfasi sull'igiene e sulla facilit\u00e0 d'uso. Hiber offre un'ampia variet\u00e0 di modelli e accessori, quasi 25 modelli diversi di armadi e camere, comprese camere personalizzate per forni combinati.<\/p>\n<\/div><\/section><\/div>\n<style type=\"text\/css\" data-created_by=\"avia_inline_auto\" id=\"style-css-av-38jghc-0f6a6d69148ceba4914fa5dbd391520c\">\n#top .flex_column.av-38jghc-0f6a6d69148ceba4914fa5dbd391520c{\nmargin-top:0px;\nmargin-bottom:0px;\n}\n.flex_column.av-38jghc-0f6a6d69148ceba4914fa5dbd391520c{\nborder-radius:0px 0px 0px 0px;\npadding:0px 0px 0px 0px;\n}\n.responsive #top #wrap_all .flex_column.av-38jghc-0f6a6d69148ceba4914fa5dbd391520c{\nmargin-top:0px;\nmargin-bottom:0px;\n}\n<\/style>\n<div  class='flex_column av-38jghc-0f6a6d69148ceba4914fa5dbd391520c av_one_half  avia-builder-el-6  el_after_av_one_half  el_before_av_tab_section  avia-builder-el-last  flex_column_div av-zero-column-padding  column-top-margin'     ><section  class='av_textblock_section av-30slwg-280179649670b99752f85464dd310db4'   itemscope=\"itemscope\" itemtype=\"https:\/\/schema.org\/CreativeWork\" ><div class='avia_textblock'  itemprop=\"text\" ><p>La maggior parte dei modelli pu\u00f2 essere raffreddata centralmente. Sterilizzazione, porta USB per HACCP e vari tipi di condensatori sono solo alcuni degli accessori offerti.<\/p>\n<p>The One di Hiber \u00e8 un moderno apparecchio multifunzione in grado di raffreddare, surgelare, scongelare, fermentare o cuocere a bassa temperatura. Grazie a un ampio touch-screen autoesplicativo, The One \u00e8 facile da usare. Le immagini e la tecnologia intuitiva sul pannello rendono The One autoapprendente.<\/p>\n<\/div><\/section><\/div><\/p>\n\n<style type=\"text\/css\" data-created_by=\"avia_inline_auto\" id=\"style-css-av-a8qwo-140bd133d0b556412020b28a216560b9\">\n.av-tab-section-outer-container.av-a8qwo-140bd133d0b556412020b28a216560b9 .av-tab-section-tab-title-container{\nbackground-color:#16181a;\n}\n<\/style>\n<\/div><\/div><\/div><!-- close content main div --><\/div><\/div><div id='av-tab-section-1'  class='av-tab-section-container entry-content-wrapper main_color av-tab-no-transition   av-tab-above-content  avia-builder-el-8  el_after_av_one_half  avia-builder-el-last  tablink tab-section-not-first container_wrap fullsize'  ><div class='av-tab-section-outer-container av-a8qwo-140bd133d0b556412020b28a216560b9'><div class='av-tab-section-tab-title-container avia-tab-title-padding-default' role='tablist'><a href='#produktblad' data-av-tab-section-title='1' class='av-section-tab-title av-active-tab-title no-scroll av-271ksw-775d0ddecfcbbb1f5c525b13d515e109 av-tab-with-icon av-tab-no-image' role='tab' tabindex='0' aria-controls='av-tab-section-1-1'><span class='av-tab-section-icon avia-iconfont avia-font-entypo-fontello' data-av_icon='\ue84d' data-av_iconfont='entypo-fontello' ><\/span><span class='av-outer-tab-title'><span class='av-inner-tab-title'>Scheda prodotto<\/span><\/span><span class=\"av-tab-arrow-container\"><span><\/span><\/span><\/a><a href='#teknik-support' data-av-tab-section-title='2' class='av-section-tab-title  av-1gpdrs-9565ff1c9f3efa4cd9f89169b3c7b251 av-tab-with-icon av-tab-no-image' role='tab' tabindex='0' aria-controls='av-tab-section-1-2'><span class='av-tab-section-icon avia-iconfont avia-font-entypo-fontello' data-av_icon='\ue855' data-av_iconfont='entypo-fontello' ><\/span><span class='av-outer-tab-title'><span class='av-inner-tab-title'>Tecnologia e supporto<\/span><\/span><span class=\"av-tab-arrow-container\"><span><\/span><\/span><\/a><a href='#dwg-ritning' data-av-tab-section-title='3' class='av-section-tab-title  av-yv4mo-3655994a132b74bb0b850fcb4a7f6e6d av-tab-with-icon av-tab-no-image' role='tab' tabindex='0' aria-controls='av-tab-section-1-3'><span class='av-tab-section-icon avia-iconfont avia-font-entypo-fontello' data-av_icon='\ue836' data-av_iconfont='entypo-fontello' ><\/span><span class='av-outer-tab-title'><span class='av-inner-tab-title'>Disegno DWG<\/span><\/span><span class=\"av-tab-arrow-container\"><span><\/span><\/span><\/a><\/div><div class='avia-slideshow-arrows av-tabsection-arrow' ><a href='#prev' class='prev-slide av_prev_tab_section av-tab-section-slide avia-svg-icon avia-font-svg_entypo-fontello' data-av_svg_icon='left-open-big' data-av_iconset='svg_entypo-fontello' tabindex='-1' title=\"Prec\"><svg version=\"1.1\" xmlns=\"http:\/\/www.w3.org\/2000\/svg\" width=\"15\" height=\"32\" viewbox=\"0 0 15 32\" preserveaspectratio=\"xMidYMid meet\" aria-labelledby='av-svg-title-1' aria-describedby='av-svg-desc-1' role=\"graphics-symbol\" aria-hidden=\"true\">\n<title id='av-svg-title-1'>Prec<\/title>\n<desc id='av-svg-desc-1'>Prec<\/desc>\n<path d=\"M14.464 27.84q0.832 0.832 0 1.536-0.832 0.832-1.536 0l-12.544-12.608q-0.768-0.768 0-1.6l12.544-12.608q0.704-0.832 1.536 0 0.832 0.704 0 1.536l-11.456 11.904z\"><\/path>\n<\/svg><span class='avia_hidden_link_text'>Prec<\/span><\/a><a href='#next' class='next-slide av_next_tab_section av-tab-section-slide avia-svg-icon avia-font-svg_entypo-fontello' data-av_svg_icon='right-open-big' data-av_iconset='svg_entypo-fontello' tabindex='-1' title=\"Il successo\"><svg version=\"1.1\" xmlns=\"http:\/\/www.w3.org\/2000\/svg\" width=\"15\" height=\"32\" viewbox=\"0 0 15 32\" preserveaspectratio=\"xMidYMid meet\" aria-labelledby='av-svg-title-2' aria-describedby='av-svg-desc-2' role=\"graphics-symbol\" aria-hidden=\"true\">\n<title id='av-svg-title-2'>Il successo<\/title>\n<desc id='av-svg-desc-2'>Il successo<\/desc>\n<path d=\"M0.416 27.84l11.456-11.84-11.456-11.904q-0.832-0.832 0-1.536 0.832-0.832 1.536 0l12.544 12.608q0.768 0.832 0 1.6l-12.544 12.608q-0.704 0.832-1.536 0-0.832-0.704 0-1.536z\"><\/path>\n<\/svg><span class='avia_hidden_link_text'>Il successo<\/span><\/a><\/div><div class='av-tab-section-inner-container avia-section-default' style='width:300vw; left:0%;'><span class=\"av_prev_tab_section av_tab_navigation\"><\/span><span class=\"av_next_tab_section av_tab_navigation\"><\/span>\n\n<style type=\"text\/css\" data-created_by=\"avia_inline_auto\" id=\"style-css-av-271ksw-775d0ddecfcbbb1f5c525b13d515e109\">\n.av-layout-tab.av-271ksw-775d0ddecfcbbb1f5c525b13d515e109{\nvertical-align:top;\nbackground-color:#1f2326;\n}\n#top .av-tab-section-outer-container.av-a8qwo-140bd133d0b556412020b28a216560b9 .av-active-tab-title.av-section-tab-title.av-271ksw-775d0ddecfcbbb1f5c525b13d515e109 .av-tab-arrow-container span{\nbackground-color:#1f2326;\n}\n<\/style>\n<div id='av-tab-section-1-1' class='av-layout-tab av-271ksw-775d0ddecfcbbb1f5c525b13d515e109 av-animation-delay-container  avia-builder-el-9  el_before_av_tab_sub_section  avia-builder-el-first  av-active-tab-content __av_init_open' data-av-deeplink-tabs=\"\" data-av-tab-section-content=\"1\" data-tab-section-id=\"produktblad\"><div class=\"av-layout-tab-inner\"><div class=\"container\"><\/div><\/div><\/div>\n<style type=\"text\/css\" data-created_by=\"avia_inline_auto\" id=\"style-css-av-1gpdrs-9565ff1c9f3efa4cd9f89169b3c7b251\">\n.av-layout-tab.av-1gpdrs-9565ff1c9f3efa4cd9f89169b3c7b251{\nvertical-align:top;\nbackground-color:#1f2326;\n}\n#top .av-tab-section-outer-container.av-a8qwo-140bd133d0b556412020b28a216560b9 .av-active-tab-title.av-section-tab-title.av-1gpdrs-9565ff1c9f3efa4cd9f89169b3c7b251 .av-tab-arrow-container span{\nbackground-color:#1f2326;\n}\n<\/style>\n<div id='av-tab-section-1-2' class='av-layout-tab av-1gpdrs-9565ff1c9f3efa4cd9f89169b3c7b251 av-animation-delay-container  avia-builder-el-10  el_after_av_tab_sub_section  el_before_av_tab_sub_section' data-av-deeplink-tabs=\"\" data-av-tab-section-content=\"2\" data-tab-section-id=\"teknik-support\"><div class=\"av-layout-tab-inner\"><div class=\"container\">\n<style type=\"text\/css\" data-created_by=\"avia_inline_auto\" id=\"style-css-av-1albpc-e08d72e41bb95700569e77a1b8a4fbba\">\n.flex_column.av-1albpc-e08d72e41bb95700569e77a1b8a4fbba{\nborder-radius:0px 0px 0px 0px;\npadding:0px 0px 0px 0px;\n}\n<\/style>\n<div  class='flex_column av-1albpc-e08d72e41bb95700569e77a1b8a4fbba av_one_full  avia-builder-el-11  avia-builder-el-no-sibling  first flex_column_div av-zero-column-padding'     ><section  class='av_textblock_section av-14svug-691085c72645c3e665e11d38256cb092'   itemscope=\"itemscope\" itemtype=\"https:\/\/schema.org\/CreativeWork\" ><div class='avia_textblock'  itemprop=\"text\" ><p><strong>Hiber vista esplosa<\/strong><\/p>\n<hr \/>\n<p><a href=\"https:\/\/www.mkab.eu\/wp-content\/uploads\/2017\/03\/1-abm_023-031.pdf\" target=\"_blank\" rel=\"noopener\">ABM 023-031<\/a><br \/>\n<a href=\"https:\/\/www.mkab.eu\/wp-content\/uploads\/2017\/03\/2-rcr_m_041-051-081-121-161.pdf\" target=\"_blank\" rel=\"noopener\">RCR(M) 041-051-081-121-161\u00a0<\/a><br \/>\n<a href=\"https:\/\/www.mkab.eu\/wp-content\/uploads\/2017\/03\/3-rcr_m_012-122.pdf\" target=\"_blank\" rel=\"noopener\">RCR(M) 012-122<\/a><br \/>\n<a href=\"https:\/\/www.mkab.eu\/wp-content\/uploads\/2017\/03\/4-rcr_m_c02-c40.pdf\" target=\"_blank\" rel=\"noopener\">RCR(M) C02-C40<\/a><\/p>\n<\/div><\/section><\/div>\n<\/div><\/div><\/div>\n<style type=\"text\/css\" data-created_by=\"avia_inline_auto\" id=\"style-css-av-yv4mo-3655994a132b74bb0b850fcb4a7f6e6d\">\n.av-layout-tab.av-yv4mo-3655994a132b74bb0b850fcb4a7f6e6d{\nvertical-align:top;\nbackground-color:#1f2326;\n}\n#top .av-tab-section-outer-container.av-a8qwo-140bd133d0b556412020b28a216560b9 .av-active-tab-title.av-section-tab-title.av-yv4mo-3655994a132b74bb0b850fcb4a7f6e6d .av-tab-arrow-container span{\nbackground-color:#1f2326;\n}\n<\/style>\n<div id='av-tab-section-1-3' class='av-layout-tab av-yv4mo-3655994a132b74bb0b850fcb4a7f6e6d av-animation-delay-container  avia-builder-el-13  el_after_av_tab_sub_section  avia-builder-el-last' data-av-deeplink-tabs=\"\" data-av-tab-section-content=\"3\" data-tab-section-id=\"dwg-ritning\"><div class=\"av-layout-tab-inner\"><div class=\"container\"><\/div><\/div><\/div>\n<\/div><\/div><\/div>","protected":false},"excerpt":{"rendered":"","protected":false},"author":2,"featured_media":0,"parent":273,"menu_order":0,"comment_status":"closed","ping_status":"closed","template":"","meta":{"_monsterinsights_skip_tracking":false,"_monsterinsights_sitenote_active":false,"_monsterinsights_sitenote_note":"","_monsterinsights_sitenote_category":0,"footnotes":""},"class_list":["post-280","page","type-page","status-publish","hentry"],"_links":{"self":[{"href":"https:\/\/www.mkab.eu\/it\/wp-json\/wp\/v2\/pages\/280","targetHints":{"allow":["GET"]}}],"collection":[{"href":"https:\/\/www.mkab.eu\/it\/wp-json\/wp\/v2\/pages"}],"about":[{"href":"https:\/\/www.mkab.eu\/it\/wp-json\/wp\/v2\/types\/page"}],"author":[{"embeddable":true,"href":"https:\/\/www.mkab.eu\/it\/wp-json\/wp\/v2\/users\/2"}],"replies":[{"embeddable":true,"href":"https:\/\/www.mkab.eu\/it\/wp-json\/wp\/v2\/comments?post=280"}],"version-history":[{"count":49,"href":"https:\/\/www.mkab.eu\/it\/wp-json\/wp\/v2\/pages\/280\/revisions"}],"predecessor-version":[{"id":7716,"href":"https:\/\/www.mkab.eu\/it\/wp-json\/wp\/v2\/pages\/280\/revisions\/7716"}],"up":[{"embeddable":true,"href":"https:\/\/www.mkab.eu\/it\/wp-json\/wp\/v2\/pages\/273"}],"wp:attachment":[{"href":"https:\/\/www.mkab.eu\/it\/wp-json\/wp\/v2\/media?parent=280"}],"curies":[{"name":"wp","href":"https:\/\/api.w.org\/{rel}","templated":true}]}}