{"id":3290,"date":"2022-09-15T11:27:33","date_gmt":"2022-09-15T09:27:33","guid":{"rendered":"https:\/\/www.mkab.eu\/?page_id=3290"},"modified":"2026-02-19T11:38:42","modified_gmt":"2026-02-19T10:38:42","slug":"panasonic","status":"publish","type":"page","link":"https:\/\/www.mkab.eu\/it\/varugrupper\/panasonic\/","title":{"rendered":"Panasonic"},"content":{"rendered":"<div id='full_slider_1'  class='avia-fullwidth-slider main_color avia-shadow   avia-builder-el-0  el_before_av_one_full  avia-builder-el-first   container_wrap fullsize'  ><div  class='avia-slideshow av-3e5ro2-40499845265d2c5f872ba1d7d0031004 avia-slideshow-no scaling av_slideshow_full avia-fade-slider av-slideshow-ui av-control-hidden av-no-slider-navigation av-hide-nav-arrows av-slideshow-autoplay av-loop-endless av-loop-manual-endless av-default-height-applied   avia-slideshow-1' data-slideshow-options=\"{&quot;animation&quot;:&quot;fade&quot;,&quot;autoplay&quot;:true,&quot;loop_autoplay&quot;:&quot;endless&quot;,&quot;interval&quot;:4,&quot;loop_manual&quot;:&quot;manual-endless&quot;,&quot;autoplay_stopper&quot;:false,&quot;noNavigation&quot;:true,&quot;bg_slider&quot;:false,&quot;keep_padding&quot;:false,&quot;hoverpause&quot;:false,&quot;show_slide_delay&quot;:0}\"  itemprop=\"image\" itemscope=\"itemscope\" itemtype=\"https:\/\/schema.org\/ImageObject\" ><ul class='avia-slideshow-inner' style='padding-bottom: 35%;'><li  class='avia-slideshow-slide av-3e5ro2-40499845265d2c5f872ba1d7d0031004__0  av-single-slide slide-1 slide-odd'><div data-rel='slideshow-1' class='avia-slide-wrap'   ><img data-recalc-dims=\"1\" decoding=\"async\" fetchpriority=\"high\" class=\"wp-image-7197 avia-img-lazy-loading-not-7197\"  src=\"https:\/\/i0.wp.com\/www.mkab.eu\/wp-content\/uploads\/2025\/05\/panasonic_mikro-scaled.jpg?resize=1500%2C525&#038;ssl=1\" width=\"1500\" height=\"525\" title='panasonic_micro' alt='Un micro professionista di Panasonic e una ragazza nella cucina di un ristorante'  itemprop=\"thumbnailUrl\" srcset=\"https:\/\/i0.wp.com\/www.mkab.eu\/wp-content\/uploads\/2025\/05\/panasonic_mikro-scaled.jpg?w=2560&amp;ssl=1 2560w, https:\/\/i0.wp.com\/www.mkab.eu\/wp-content\/uploads\/2025\/05\/panasonic_mikro-scaled.jpg?resize=300%2C105&amp;ssl=1 300w, https:\/\/i0.wp.com\/www.mkab.eu\/wp-content\/uploads\/2025\/05\/panasonic_mikro-scaled.jpg?resize=1030%2C360&amp;ssl=1 1030w, https:\/\/i0.wp.com\/www.mkab.eu\/wp-content\/uploads\/2025\/05\/panasonic_mikro-scaled.jpg?resize=768%2C269&amp;ssl=1 768w, https:\/\/i0.wp.com\/www.mkab.eu\/wp-content\/uploads\/2025\/05\/panasonic_mikro-scaled.jpg?resize=1536%2C537&amp;ssl=1 1536w, https:\/\/i0.wp.com\/www.mkab.eu\/wp-content\/uploads\/2025\/05\/panasonic_mikro-scaled.jpg?resize=2048%2C717&amp;ssl=1 2048w, https:\/\/i0.wp.com\/www.mkab.eu\/wp-content\/uploads\/2025\/05\/panasonic_mikro-scaled.jpg?resize=1500%2C525&amp;ssl=1 1500w, https:\/\/i0.wp.com\/www.mkab.eu\/wp-content\/uploads\/2025\/05\/panasonic_mikro-scaled.jpg?resize=705%2C247&amp;ssl=1 705w, https:\/\/i0.wp.com\/www.mkab.eu\/wp-content\/uploads\/2025\/05\/panasonic_mikro-scaled.jpg?resize=1210%2C423&amp;ssl=1 1210w\" sizes=\"(max-width: 1500px) 100vw, 1500px\" \/><\/div><\/li><\/ul><\/div><\/div><div id='after_full_slider_1'  class='main_color av_default_container_wrap container_wrap fullsize'  ><div class='container av-section-cont-open' ><div class='template-page content  av-content-full alpha units'><div class='post-entry post-entry-type-page post-entry-3290'><div class='entry-content-wrapper clearfix'>\n\n<style type=\"text\/css\" data-created_by=\"avia_inline_auto\" id=\"style-css-av-2wupvu-cb486d626025582b42b6f7fd2b18ed29\">\n.flex_column.av-2wupvu-cb486d626025582b42b6f7fd2b18ed29{\nborder-radius:0px 0px 0px 0px;\npadding:0px 0px 0px 0px;\n}\n<\/style>\n<div  class='flex_column av-2wupvu-cb486d626025582b42b6f7fd2b18ed29 av_one_full  avia-builder-el-1  el_after_av_slideshow_full  el_before_av_one_half  avia-builder-el-first  first flex_column_div av-zero-column-padding'     ><section  class='av_textblock_section av-2o5pd6-a30dfdd66e3cda5a1bd178063e0dae8e'   itemscope=\"itemscope\" itemtype=\"https:\/\/schema.org\/CreativeWork\" ><div class='avia_textblock'  itemprop=\"text\" ><h1>Panasonic - Forni a microonde efficienti e forni veloci per uso professionale.<\/h1>\n<\/div><\/section><br \/>\n\n<style type=\"text\/css\" data-created_by=\"avia_inline_auto\" id=\"style-css-av-9gcje-c73a30233398e7e0237f24281de3ee84\">\n#top .hr.av-9gcje-c73a30233398e7e0237f24281de3ee84{\nmargin-top:0px;\nmargin-bottom:0px;\n}\n.hr.av-9gcje-c73a30233398e7e0237f24281de3ee84 .hr-inner{\nwidth:100%;\n}\n<\/style>\n<div  class='hr av-9gcje-c73a30233398e7e0237f24281de3ee84 hr-custom  avia-builder-el-3  el_after_av_textblock  avia-builder-el-last  hr-center hr-icon-no'><span class='hr-inner inner-border-av-border-thin'><span class=\"hr-inner-style\"><\/span><\/span><\/div><\/p><\/div>\n<style type=\"text\/css\" data-created_by=\"avia_inline_auto\" id=\"style-css-av-2f0yhm-db01db7ec8c98a78e0e021098b04ce79\">\n#top .flex_column.av-2f0yhm-db01db7ec8c98a78e0e021098b04ce79{\nmargin-top:0px;\nmargin-bottom:0px;\n}\n.flex_column.av-2f0yhm-db01db7ec8c98a78e0e021098b04ce79{\nborder-radius:0px 0px 0px 0px;\npadding:0px 0px 0px 0px;\n}\n.responsive #top #wrap_all .flex_column.av-2f0yhm-db01db7ec8c98a78e0e021098b04ce79{\nmargin-top:0px;\nmargin-bottom:0px;\n}\n<\/style>\n<div  class='flex_column av-2f0yhm-db01db7ec8c98a78e0e021098b04ce79 av_one_half  avia-builder-el-4  el_after_av_one_full  el_before_av_one_half  first flex_column_div av-zero-column-padding  column-top-margin'     ><section  class='av_textblock_section av-2b2t7e-610fdb59f8feaaaaf8bd3d70f30d008e'   itemscope=\"itemscope\" itemtype=\"https:\/\/schema.org\/CreativeWork\" ><div class='avia_textblock'  itemprop=\"text\" ><h3>Forni a microonde in grado di sopportare carichi elevati per lungo tempo<\/h3>\n<p><a href=\"https:\/\/www.panasonic.com\/uk\/consumer\/professional-cooking\/professional-microwave-ovens-from-panasonic.html\" target=\"_blank\" rel=\"noopener\">Panasonics\u00a0<\/a>La gamma professionale \u00e8 progettata per ristoranti, bar, hotel e punti di servizio in cui la velocit\u00e0 e la qualit\u00e0 costante sono vantaggi competitivi fondamentali. I prodotti sono costruiti con materiali robusti e dotati di caratteristiche che ne facilitano il funzionamento quotidiano.<\/p>\n<p>La gamma comprende sia modelli manuali con manopole per un funzionamento facile e veloce, sia modelli programmabili con una tastiera che consente di impostare con precisione il tempo e la potenza. La potenza di uscita arriva fino a 3.200 W, rendendoli adatti a riscaldare, cuocere e scongelare grandi quantit\u00e0 di cibo.<\/p>\n<h3>La selezione di forni a microonde professionali di Panasonic offre:<\/h3>\n<ul>\n<li>Potenza elevata e uniforme per un riscaldamento rapido<\/li>\n<li>Design compatto e impilabile per una facile installazione<\/li>\n<li>Interni facili da pulire, progettati per un uso intensivo<\/li>\n<\/ul>\n<p>La gamma comprende anche modelli di forni a microonde con tecnologia inverter per chi desidera una maggiore precisione nel riscaldamento e nella cottura.<\/p>\n<\/div><\/section><\/div>\n<style type=\"text\/css\" data-created_by=\"avia_inline_auto\" id=\"style-css-av-20tfd6-3ce93bd6c4678a7ce7887ed3ae8dd6bf\">\n#top .flex_column.av-20tfd6-3ce93bd6c4678a7ce7887ed3ae8dd6bf{\nmargin-top:0px;\nmargin-bottom:0px;\n}\n.flex_column.av-20tfd6-3ce93bd6c4678a7ce7887ed3ae8dd6bf{\nborder-radius:0px 0px 0px 0px;\npadding:0px 0px 0px 0px;\n}\n.responsive #top #wrap_all .flex_column.av-20tfd6-3ce93bd6c4678a7ce7887ed3ae8dd6bf{\nmargin-top:0px;\nmargin-bottom:0px;\n}\n<\/style>\n<div  class='flex_column av-20tfd6-3ce93bd6c4678a7ce7887ed3ae8dd6bf av_one_half  avia-builder-el-6  el_after_av_one_half  el_before_av_tab_section  avia-builder-el-last  flex_column_div av-zero-column-padding  column-top-margin'     ><section  class='av_textblock_section av-1vvt2q-a529766d35b89f72580a23e78db66cf5'   itemscope=\"itemscope\" itemtype=\"https:\/\/schema.org\/CreativeWork\" ><div class='avia_textblock'  itemprop=\"text\" ><h3>Forno Speed - quando si desidera avere tutto in un unico forno<\/h3>\n<p>Oltre ai forni a microonde, Panasonic offre anche forni Speed - forni combinati che combinano l'energia delle microonde con altre fonti di calore. Questi forni forniscono:<\/p>\n<ul>\n<li>Tempi di cottura pi\u00f9 rapidi<\/li>\n<li>Maggiore flessibilit\u00e0 nei metodi di cottura<\/li>\n<li>Risultati pi\u00f9 uniformi, anche con i piatti pi\u00f9 complessi<\/li>\n<\/ul>\n<h3>Che cos'\u00e8 la tecnologia degli inverter?<\/h3>\n<p>I forni a microonde tradizionali regolano la potenza accendendo e spegnendo l'alta potenza, il che pu\u00f2 portare a un riscaldamento non uniforme. La tecnologia Inverter funziona in modo diverso: controlla la potenza del microonde in modo continuo e preciso durante tutto il processo di cottura. In questo modo non solo si ottengono risultati migliori, ma \u00e8 anche pi\u00f9 facile ottenere la stessa qualit\u00e0 elevata indipendentemente da chi utilizza il microonde.<\/p>\n<h4>I vantaggi della tecnologia degli inverter:<\/h4>\n<ul>\n<li>Riscaldamento pi\u00f9 uniforme: il cibo viene riscaldato dall'interno verso l'esterno anzich\u00e9 in modo irregolare dalla superficie.<\/li>\n<li>Migliore controllo: particolarmente importante per gli alimenti sensibili e le operazioni di cottura.<\/li>\n<li>Qualit\u00e0 superiore: minor rischio di zone fredde o bordi troppo cotti.<\/li>\n<li>Funzionamento pi\u00f9 efficiente: risultati pi\u00f9 rapidi e consumi energetici spesso ridotti.<\/li>\n<\/ul>\n<\/div><\/section><\/div>\n<style type=\"text\/css\" data-created_by=\"avia_inline_auto\" id=\"style-css-av-1qeaqi-ea7a2f73eb5c5c4a5465d6f8a2022885\">\n.av-tab-section-outer-container.av-1qeaqi-ea7a2f73eb5c5c4a5465d6f8a2022885 .av-tab-section-tab-title-container{\nbackground-color:#16181a;\n}\n<\/style>\n<\/div><\/div><\/div><!-- close content main div --><\/div><\/div><div id='av-tab-section-1'  class='av-tab-section-container entry-content-wrapper main_color av-tab-no-transition   av-tab-above-content  avia-builder-el-8  el_after_av_one_half  avia-builder-el-last  tablink tab-section-not-first container_wrap fullsize'  ><div class='av-tab-section-outer-container av-1qeaqi-ea7a2f73eb5c5c4a5465d6f8a2022885'><div class='av-tab-section-tab-title-container avia-tab-title-padding-default' role='tablist'><a href='#broschyr' data-av-tab-section-title='1' class='av-section-tab-title av-active-tab-title no-scroll av-1n8aki-560796cf103699fdda3acb4926c74ad9 av-tab-with-icon av-tab-no-image' role='tab' tabindex='0' aria-controls='av-tab-section-1-1'><span class='av-tab-section-icon avia-iconfont avia-font-entypo-fontello' data-av_icon='\ue84e' data-av_iconfont='entypo-fontello' ><\/span><span class='av-outer-tab-title'><span class='av-inner-tab-title'>Opuscolo<\/span><\/span><span class=\"av-tab-arrow-container\"><span><\/span><\/span><\/a><a href='#produktblad' data-av-tab-section-title='2' class='av-section-tab-title  av-1235c2-09dbc5c87c9c050731f455ec598163ea av-tab-with-icon av-tab-no-image' role='tab' tabindex='0' aria-controls='av-tab-section-1-2'><span class='av-tab-section-icon avia-iconfont avia-font-entypo-fontello' data-av_icon='\ue84d' data-av_iconfont='entypo-fontello' ><\/span><span class='av-outer-tab-title'><span class='av-inner-tab-title'>Scheda prodotto<\/span><\/span><span class=\"av-tab-arrow-container\"><span><\/span><\/span><\/a><a href='#teknik-support' data-av-tab-section-title='3' class='av-section-tab-title  av-mb2pu-d1877444b9f680d4e370df5f3f37763a av-tab-with-icon av-tab-no-image' role='tab' tabindex='0' aria-controls='av-tab-section-1-3'><span class='av-tab-section-icon avia-iconfont avia-font-entypo-fontello' data-av_icon='\ue855' data-av_iconfont='entypo-fontello' ><\/span><span class='av-outer-tab-title'><span class='av-inner-tab-title'>Tecnologia e supporto<\/span><\/span><span class=\"av-tab-arrow-container\"><span><\/span><\/span><\/a><a href='#video' data-av-tab-section-title='4' class='av-section-tab-title  av-1n8aki-3-2d89fefe9823e2910c3b06e0042e6db8 av-tab-with-icon av-tab-no-image' role='tab' tabindex='0' aria-controls='av-tab-section-1-4'><span class='av-tab-section-icon avia-iconfont avia-font-entypo-fontello' data-av_icon='\ue80d' data-av_iconfont='entypo-fontello' ><\/span><span class='av-outer-tab-title'><span class='av-inner-tab-title'>Video<\/span><\/span><span class=\"av-tab-arrow-container\"><span><\/span><\/span><\/a><\/div><div class='avia-slideshow-arrows av-tabsection-arrow' ><a href='#prev' class='prev-slide av_prev_tab_section av-tab-section-slide avia-svg-icon avia-font-svg_entypo-fontello' data-av_svg_icon='left-open-big' data-av_iconset='svg_entypo-fontello' tabindex='-1' title=\"Prec\"><svg version=\"1.1\" xmlns=\"http:\/\/www.w3.org\/2000\/svg\" width=\"15\" height=\"32\" viewbox=\"0 0 15 32\" preserveaspectratio=\"xMidYMid meet\" aria-labelledby='av-svg-title-1' aria-describedby='av-svg-desc-1' role=\"graphics-symbol\" aria-hidden=\"true\">\n<title id='av-svg-title-1'>Prec<\/title>\n<desc id='av-svg-desc-1'>Prec<\/desc>\n<path d=\"M14.464 27.84q0.832 0.832 0 1.536-0.832 0.832-1.536 0l-12.544-12.608q-0.768-0.768 0-1.6l12.544-12.608q0.704-0.832 1.536 0 0.832 0.704 0 1.536l-11.456 11.904z\"><\/path>\n<\/svg><span class='avia_hidden_link_text'>Prec<\/span><\/a><a href='#next' class='next-slide av_next_tab_section av-tab-section-slide avia-svg-icon avia-font-svg_entypo-fontello' data-av_svg_icon='right-open-big' data-av_iconset='svg_entypo-fontello' tabindex='-1' title=\"Il successo\"><svg version=\"1.1\" xmlns=\"http:\/\/www.w3.org\/2000\/svg\" width=\"15\" height=\"32\" viewbox=\"0 0 15 32\" preserveaspectratio=\"xMidYMid meet\" aria-labelledby='av-svg-title-2' aria-describedby='av-svg-desc-2' role=\"graphics-symbol\" aria-hidden=\"true\">\n<title id='av-svg-title-2'>Il successo<\/title>\n<desc id='av-svg-desc-2'>Il successo<\/desc>\n<path d=\"M0.416 27.84l11.456-11.84-11.456-11.904q-0.832-0.832 0-1.536 0.832-0.832 1.536 0l12.544 12.608q0.768 0.832 0 1.6l-12.544 12.608q-0.704 0.832-1.536 0-0.832-0.704 0-1.536z\"><\/path>\n<\/svg><span class='avia_hidden_link_text'>Il successo<\/span><\/a><\/div><div class='av-tab-section-inner-container avia-section-default' style='width:400vw; left:0%;'><span class=\"av_prev_tab_section av_tab_navigation\"><\/span><span class=\"av_next_tab_section av_tab_navigation\"><\/span>\n\n<style type=\"text\/css\" data-created_by=\"avia_inline_auto\" id=\"style-css-av-1n8aki-560796cf103699fdda3acb4926c74ad9\">\n.av-layout-tab.av-1n8aki-560796cf103699fdda3acb4926c74ad9{\nvertical-align:top;\nbackground-color:#1f2326;\n}\n#top .av-tab-section-outer-container.av-1qeaqi-ea7a2f73eb5c5c4a5465d6f8a2022885 .av-active-tab-title.av-section-tab-title.av-1n8aki-560796cf103699fdda3acb4926c74ad9 .av-tab-arrow-container span{\nbackground-color:#1f2326;\n}\n<\/style>\n<div id='av-tab-section-1-1' class='av-layout-tab av-1n8aki-560796cf103699fdda3acb4926c74ad9 av-animation-delay-container  avia-builder-el-9  el_before_av_tab_sub_section  avia-builder-el-first  av-active-tab-content __av_init_open' data-av-deeplink-tabs=\"\" data-av-tab-section-content=\"1\" data-tab-section-id=\"broschyr\"><div class=\"av-layout-tab-inner\"><div class=\"container\">\n<style type=\"text\/css\" data-created_by=\"avia_inline_auto\" id=\"style-css-av-1d637u-790a0f88a176934333986ae741e21cdc\">\n.flex_column.av-1d637u-790a0f88a176934333986ae741e21cdc{\nborder-radius:0px 0px 0px 0px;\npadding:0px 0px 0px 0px;\n}\n<\/style>\n<div  class='flex_column av-1d637u-790a0f88a176934333986ae741e21cdc av_one_full  avia-builder-el-10  avia-builder-el-no-sibling  first flex_column_div av-zero-column-padding'     ><section  class='av_textblock_section av-1avfwq-f83e640ed25db102118332bfd80dff6f'   itemscope=\"itemscope\" itemtype=\"https:\/\/schema.org\/CreativeWork\" ><div class='avia_textblock'  itemprop=\"text\" ><p><strong>Opuscolo<\/strong><\/p>\n<hr \/>\n<p><a href=\"\/wp-content\/uploads\/2022\/09\/Panasonic-Forni-a-microonde-professionali.pdf\" target=\"_blank\" rel=\"noopener\">Panasonic Forni a microonde professionali<\/a><\/p>\n<p><a href=\"\/wp-content\/uploads\/2022\/09\/Panasonic-Folder.pdf\" target=\"_blank\" rel=\"noopener\">Panasonic Gamma professionale<\/a><\/p>\n<p><a href=\"https:\/\/www.mkab.eu\/wp-content\/uploads\/2024\/10\/13d-Panasonic-SCV3-Speed-Oven.pdf\" target=\"_blank\" rel=\"noopener\">Panasonic Forno a velocit\u00e0 SCV3<\/a><\/p>\n<\/div><\/section><\/div>\n<\/div><\/div><\/div>\n<style type=\"text\/css\" data-created_by=\"avia_inline_auto\" id=\"style-css-av-1235c2-09dbc5c87c9c050731f455ec598163ea\">\n.av-layout-tab.av-1235c2-09dbc5c87c9c050731f455ec598163ea{\nvertical-align:top;\nbackground-color:#1f2326;\n}\n#top .av-tab-section-outer-container.av-1qeaqi-ea7a2f73eb5c5c4a5465d6f8a2022885 .av-active-tab-title.av-section-tab-title.av-1235c2-09dbc5c87c9c050731f455ec598163ea .av-tab-arrow-container span{\nbackground-color:#1f2326;\n}\n<\/style>\n<div id='av-tab-section-1-2' class='av-layout-tab av-1235c2-09dbc5c87c9c050731f455ec598163ea av-animation-delay-container  avia-builder-el-12  el_after_av_tab_sub_section  el_before_av_tab_sub_section' data-av-deeplink-tabs=\"\" data-av-tab-section-content=\"2\" data-tab-section-id=\"produktblad\"><div class=\"av-layout-tab-inner\"><div class=\"container\">\n<style type=\"text\/css\" data-created_by=\"avia_inline_auto\" id=\"style-css-av-3k6f6-301561bfc20ccc7590b6202626befe38\">\n.flex_column.av-3k6f6-301561bfc20ccc7590b6202626befe38{\nborder-radius:0px 0px 0px 0px;\npadding:0px 0px 0px 0px;\n}\n<\/style>\n<div  class='flex_column av-3k6f6-301561bfc20ccc7590b6202626befe38 av_one_full  avia-builder-el-13  avia-builder-el-no-sibling  first flex_column_div av-zero-column-padding'     ><section  class='av_textblock_section av-rleki-9873350ff93ce84b99ce637fac9b6ec7'   itemscope=\"itemscope\" itemtype=\"https:\/\/schema.org\/CreativeWork\" ><div class='avia_textblock'  itemprop=\"text\" ><p><strong>Info sul prodotto<\/strong><\/p>\n<hr \/>\n<p><a href=\"https:\/\/www.mkab.eu\/wp-content\/uploads\/2023\/08\/PI_Panasonic-mikro-NE-1027A.pdf\" target=\"_blank\" rel=\"noopener\">Panasonic Forno a microonde NE-1027A<\/a><\/p>\n<p><a href=\"https:\/\/www.mkab.eu\/wp-content\/uploads\/2023\/08\/PI_Panasonic-mikro-NE-1037A.pdf\" target=\"_blank\" rel=\"noopener\">Panasonic Forno a microonde NE-1037A<\/a><\/p>\n<p><a href=\"https:\/\/www.mkab.eu\/wp-content\/uploads\/2026\/02\/PI_Panasonic-mikro-NE-1815.pdf\" target=\"_blank\" rel=\"noopener\">Panasonic Forno a microonde con inverter NE1815<\/a><\/p>\n<p><a href=\"https:\/\/www.mkab.eu\/wp-content\/uploads\/2025\/08\/PI_Panasonic-mikro-NE-1864-1.pdf\">Panasonic Forno a microonde con inverter NE-1864<\/a><\/p>\n<p><a href=\"https:\/\/www.mkab.eu\/wp-content\/uploads\/2023\/08\/PI_Panasonic-mikro-NE-2153A.pdf\" target=\"_blank\" rel=\"noopener\">Panasonic Forno a microonde NE-2153<\/a><\/p>\n<p><a href=\"https:\/\/www.mkab.eu\/wp-content\/uploads\/2023\/08\/PI_Panasonic-mikro-NE-2143A.pdf\" target=\"_blank\" rel=\"noopener\">Panasonic Forno a microonde NE-2143<\/a><\/p>\n<p><a href=\"https:\/\/www.mkab.eu\/wp-content\/uploads\/2023\/08\/PI_Panasonic-kombinationsugn-NE-C1475-1.pdf\" target=\"_blank\" rel=\"noopener\">Panasonic Forno combinato NE-C1475<\/a><\/p>\n<p><a href=\"https:\/\/www.mkab.eu\/wp-content\/uploads\/2025\/08\/PI_Panasonic-Speed-oven-SCV-3.pdf\" target=\"_blank\" rel=\"noopener\">Panasonic Forno a velocit\u00e0 SCV3<\/a><\/p>\n<\/div><\/section><\/div>\n<\/div><\/div><\/div>\n<style type=\"text\/css\" data-created_by=\"avia_inline_auto\" id=\"style-css-av-mb2pu-d1877444b9f680d4e370df5f3f37763a\">\n.av-layout-tab.av-mb2pu-d1877444b9f680d4e370df5f3f37763a{\nvertical-align:top;\nbackground-color:#1f2326;\n}\n#top .av-tab-section-outer-container.av-1qeaqi-ea7a2f73eb5c5c4a5465d6f8a2022885 .av-active-tab-title.av-section-tab-title.av-mb2pu-d1877444b9f680d4e370df5f3f37763a .av-tab-arrow-container span{\nbackground-color:#1f2326;\n}\n<\/style>\n<div id='av-tab-section-1-3' class='av-layout-tab av-mb2pu-d1877444b9f680d4e370df5f3f37763a av-animation-delay-container  avia-builder-el-15  el_after_av_tab_sub_section  el_before_av_tab_sub_section' data-av-deeplink-tabs=\"\" data-av-tab-section-content=\"3\" data-tab-section-id=\"teknik-support\"><div class=\"av-layout-tab-inner\"><div class=\"container\">\n<style type=\"text\/css\" data-created_by=\"avia_inline_auto\" id=\"style-css-av-1asmy-07250076644081b1787cd57ca39c9eca\">\n.flex_column.av-1asmy-07250076644081b1787cd57ca39c9eca{\nborder-radius:0px 0px 0px 0px;\npadding:0px 0px 0px 0px;\n}\n<\/style>\n<div  class='flex_column av-1asmy-07250076644081b1787cd57ca39c9eca av_one_full  avia-builder-el-16  avia-builder-el-no-sibling  first flex_column_div av-zero-column-padding'     ><section  class='av_textblock_section av-a0kxm-f078a87bbdbe27d573aaa5c728225ef1'   itemscope=\"itemscope\" itemtype=\"https:\/\/schema.org\/CreativeWork\" ><div class='avia_textblock'  itemprop=\"text\" ><p><strong>Panasonic vista esplosa<\/strong><\/p>\n<hr \/>\n<p><a href=\"\/wp-content\/uploads\/2017\/10\/panasonic_sprangskisser.pdf\" target=\"_blank\" rel=\"noopener\">File di montaggio Panasonic<\/a><\/p>\n<p><a href=\"https:\/\/www.mkab.eu\/wp-content\/uploads\/2023\/07\/NE-1027_1037.pdf\" target=\"_blank\" rel=\"noopener\">Mikrov\u00e5gsugn_Panasonic_NE-1027<\/a><\/p>\n<p><a href=\"https:\/\/www.mkab.eu\/wp-content\/uploads\/2023\/07\/NE-1027_1037.pdf\" target=\"_blank\" rel=\"noopener\">Mikrov\u00e5gsugn_Panasonic_1037<\/a><\/p>\n<p><a href=\"https:\/\/www.mkab.eu\/wp-content\/uploads\/2023\/07\/NE1643-53.pdf\" target=\"_blank\" rel=\"noopener\">Mikrov\u00e5gsugn_Panasonic_NE1643-53<\/a><\/p>\n<p><a href=\"https:\/\/www.mkab.eu\/wp-content\/uploads\/2023\/07\/NE-1880_1840.pdf\" target=\"_blank\" rel=\"noopener\">Mikrov\u00e5gsugna_Panasonic_NE-1880_1840<\/a><\/p>\n<p><a href=\"https:\/\/www.mkab.eu\/wp-content\/uploads\/2023\/07\/NE-2140_3240.pdf\" target=\"_blank\" rel=\"noopener\">Mikrov\u00e5gsugn_Panasonic_NE-2140_3240<\/a><\/p>\n<p><a href=\"https:\/\/www.mkab.eu\/wp-content\/uploads\/2023\/07\/NE2143-53.pdf\" target=\"_blank\" rel=\"noopener\">Mikrov\u00e5gsugn_Panasonic_NE2143-53<\/a><\/p>\n<p><a href=\"https:\/\/www.mkab.eu\/wp-content\/uploads\/2023\/07\/NEC1475.pdf\" target=\"_blank\" rel=\"noopener\">Mikrov\u00e5gsugn_Panasonic_NEC1475<\/a><\/p>\n<p><a href=\"https:\/\/www.mkab.eu\/wp-content\/uploads\/2024\/10\/Sprangskiss-NE-SCV3.pdf\" target=\"_blank\" rel=\"noopener\">Forno a convezione_NE-SCV3<\/a><\/p>\n<\/div><\/section><\/div>\n<\/div><\/div><\/div>\n<style type=\"text\/css\" data-created_by=\"avia_inline_auto\" id=\"style-css-av-1n8aki-3-2d89fefe9823e2910c3b06e0042e6db8\">\n.av-layout-tab.av-1n8aki-3-2d89fefe9823e2910c3b06e0042e6db8{\nvertical-align:top;\nbackground-color:#1f2326;\n}\n#top .av-tab-section-outer-container.av-1qeaqi-ea7a2f73eb5c5c4a5465d6f8a2022885 .av-active-tab-title.av-section-tab-title.av-1n8aki-3-2d89fefe9823e2910c3b06e0042e6db8 .av-tab-arrow-container span{\nbackground-color:#1f2326;\n}\n<\/style>\n<div id='av-tab-section-1-4' class='av-layout-tab av-1n8aki-3-2d89fefe9823e2910c3b06e0042e6db8 av-animation-delay-container  avia-builder-el-18  el_after_av_tab_sub_section  avia-builder-el-last' data-av-deeplink-tabs=\"\" data-av-tab-section-content=\"4\" data-tab-section-id=\"video\"><div class=\"av-layout-tab-inner\"><div class=\"container\">\n<style type=\"text\/css\" data-created_by=\"avia_inline_auto\" id=\"style-css-av-1d637u-2-4addef042e18c4ffdb2dec93f16e1e9c\">\n.flex_column.av-1d637u-2-4addef042e18c4ffdb2dec93f16e1e9c{\nborder-radius:0px 0px 0px 0px;\npadding:0px 0px 0px 0px;\n}\n<\/style>\n<div  class='flex_column av-1d637u-2-4addef042e18c4ffdb2dec93f16e1e9c av_one_full  avia-builder-el-19  avia-builder-el-no-sibling  first flex_column_div av-zero-column-padding'     ><section  class='av_textblock_section av-1avfwq-1-e6b0bba1a87a6b5eaeb6200dc360e532'   itemscope=\"itemscope\" itemtype=\"https:\/\/schema.org\/CreativeWork\" ><div class='avia_textblock'  itemprop=\"text\" ><p><strong>Opuscolo<\/strong><\/p>\n<hr \/>\n<p><a href=\"https:\/\/www.youtube.com\/watch?v=nlPFGXxWvY8\" target=\"_blank\" rel=\"noopener\">Forni a microonde Panasonic PRO<\/a><\/p>\n<p><a href=\"https:\/\/www.youtube.com\/watch?v=f2HEexOfcFk\" target=\"_blank\" rel=\"noopener\">Panasonic PRO forni a microonde 1027 e 1037<\/a><\/p>\n<p><a href=\"https:\/\/www.youtube.com\/watch?v=IuWmjuv0JtI\" target=\"_blank\" rel=\"noopener\">Panasonic Forno a velocit\u00e0 SCV3<\/a><\/p>\n<\/div><\/section><\/div>\n<\/div><\/div><\/div><\/div><\/div><\/div><\/p>","protected":false},"excerpt":{"rendered":"","protected":false},"author":3,"featured_media":0,"parent":273,"menu_order":0,"comment_status":"closed","ping_status":"closed","template":"","meta":{"_monsterinsights_skip_tracking":false,"_monsterinsights_sitenote_active":false,"_monsterinsights_sitenote_note":"","_monsterinsights_sitenote_category":0,"footnotes":""},"class_list":["post-3290","page","type-page","status-publish","hentry"],"_links":{"self":[{"href":"https:\/\/www.mkab.eu\/it\/wp-json\/wp\/v2\/pages\/3290","targetHints":{"allow":["GET"]}}],"collection":[{"href":"https:\/\/www.mkab.eu\/it\/wp-json\/wp\/v2\/pages"}],"about":[{"href":"https:\/\/www.mkab.eu\/it\/wp-json\/wp\/v2\/types\/page"}],"author":[{"embeddable":true,"href":"https:\/\/www.mkab.eu\/it\/wp-json\/wp\/v2\/users\/3"}],"replies":[{"embeddable":true,"href":"https:\/\/www.mkab.eu\/it\/wp-json\/wp\/v2\/comments?post=3290"}],"version-history":[{"count":48,"href":"https:\/\/www.mkab.eu\/it\/wp-json\/wp\/v2\/pages\/3290\/revisions"}],"predecessor-version":[{"id":7892,"href":"https:\/\/www.mkab.eu\/it\/wp-json\/wp\/v2\/pages\/3290\/revisions\/7892"}],"up":[{"embeddable":true,"href":"https:\/\/www.mkab.eu\/it\/wp-json\/wp\/v2\/pages\/273"}],"wp:attachment":[{"href":"https:\/\/www.mkab.eu\/it\/wp-json\/wp\/v2\/media?parent=3290"}],"curies":[{"name":"wp","href":"https:\/\/api.w.org\/{rel}","templated":true}]}}