{"id":3753,"date":"2023-09-19T14:59:59","date_gmt":"2023-09-19T12:59:59","guid":{"rendered":"https:\/\/www.mkab.eu\/?page_id=3753"},"modified":"2025-05-22T16:40:32","modified_gmt":"2025-05-22T14:40:32","slug":"inducs","status":"publish","type":"page","link":"https:\/\/www.mkab.eu\/it\/varugrupper\/inducs\/","title":{"rendered":"Inducs"},"content":{"rendered":"<div id='full_slider_1'  class='avia-fullwidth-slider main_color avia-shadow   avia-builder-el-0  el_before_av_one_full  avia-builder-el-first   container_wrap fullsize'  ><div  class='avia-slideshow av-3e5ro2-40499845265d2c5f872ba1d7d0031004 avia-slideshow-no scaling av_slideshow_full avia-fade-slider av-slideshow-ui av-control-hidden av-no-slider-navigation av-hide-nav-arrows av-slideshow-autoplay av-loop-endless av-loop-manual-endless av-default-height-applied   avia-slideshow-1' data-slideshow-options=\"{&quot;animation&quot;:&quot;fade&quot;,&quot;autoplay&quot;:true,&quot;loop_autoplay&quot;:&quot;endless&quot;,&quot;interval&quot;:4,&quot;loop_manual&quot;:&quot;manual-endless&quot;,&quot;autoplay_stopper&quot;:false,&quot;noNavigation&quot;:true,&quot;bg_slider&quot;:false,&quot;keep_padding&quot;:false,&quot;hoverpause&quot;:false,&quot;show_slide_delay&quot;:0}\"  itemprop=\"image\" itemscope=\"itemscope\" itemtype=\"https:\/\/schema.org\/ImageObject\" ><ul class='avia-slideshow-inner' style='padding-bottom: 35%;'><li  class='avia-slideshow-slide av-3e5ro2-40499845265d2c5f872ba1d7d0031004__0  av-single-slide slide-1 slide-odd'><div data-rel='slideshow-1' class='avia-slide-wrap'   ><img data-recalc-dims=\"1\" decoding=\"async\" fetchpriority=\"high\" class=\"wp-image-7192 avia-img-lazy-loading-not-7192\"  src=\"https:\/\/i0.wp.com\/www.mkab.eu\/wp-content\/uploads\/2025\/05\/inducs-scaled.jpg?resize=1500%2C525&#038;ssl=1\" width=\"1500\" height=\"525\" title='indotto' alt='Un piano di cottura a induzione portatile Inducs e un primo piano di una padella con cioccolato fuso e fragole'  itemprop=\"thumbnailUrl\" srcset=\"https:\/\/i0.wp.com\/www.mkab.eu\/wp-content\/uploads\/2025\/05\/inducs-scaled.jpg?w=2560&amp;ssl=1 2560w, https:\/\/i0.wp.com\/www.mkab.eu\/wp-content\/uploads\/2025\/05\/inducs-scaled.jpg?resize=300%2C105&amp;ssl=1 300w, https:\/\/i0.wp.com\/www.mkab.eu\/wp-content\/uploads\/2025\/05\/inducs-scaled.jpg?resize=1030%2C360&amp;ssl=1 1030w, https:\/\/i0.wp.com\/www.mkab.eu\/wp-content\/uploads\/2025\/05\/inducs-scaled.jpg?resize=768%2C269&amp;ssl=1 768w, https:\/\/i0.wp.com\/www.mkab.eu\/wp-content\/uploads\/2025\/05\/inducs-scaled.jpg?resize=1536%2C537&amp;ssl=1 1536w, https:\/\/i0.wp.com\/www.mkab.eu\/wp-content\/uploads\/2025\/05\/inducs-scaled.jpg?resize=2048%2C717&amp;ssl=1 2048w, https:\/\/i0.wp.com\/www.mkab.eu\/wp-content\/uploads\/2025\/05\/inducs-scaled.jpg?resize=1500%2C525&amp;ssl=1 1500w, https:\/\/i0.wp.com\/www.mkab.eu\/wp-content\/uploads\/2025\/05\/inducs-scaled.jpg?resize=705%2C247&amp;ssl=1 705w, https:\/\/i0.wp.com\/www.mkab.eu\/wp-content\/uploads\/2025\/05\/inducs-scaled.jpg?resize=1210%2C423&amp;ssl=1 1210w\" sizes=\"(max-width: 1500px) 100vw, 1500px\" \/><\/div><\/li><\/ul><\/div><\/div><div id='after_full_slider_1'  class='main_color av_default_container_wrap container_wrap fullsize'  ><div class='container av-section-cont-open' ><div class='template-page content  av-content-full alpha units'><div class='post-entry post-entry-type-page post-entry-3753'><div class='entry-content-wrapper clearfix'>\n\n<style type=\"text\/css\" data-created_by=\"avia_inline_auto\" id=\"style-css-av-2wupvu-cb486d626025582b42b6f7fd2b18ed29\">\n.flex_column.av-2wupvu-cb486d626025582b42b6f7fd2b18ed29{\nborder-radius:0px 0px 0px 0px;\npadding:0px 0px 0px 0px;\n}\n<\/style>\n<div  class='flex_column av-2wupvu-cb486d626025582b42b6f7fd2b18ed29 av_one_full  avia-builder-el-1  el_after_av_slideshow_full  el_before_av_one_half  avia-builder-el-first  first flex_column_div av-zero-column-padding'     ><section  class='av_textblock_section av-2o5pd6-d41f7e233d8877904cdcd64506793bec'   itemscope=\"itemscope\" itemtype=\"https:\/\/schema.org\/CreativeWork\" ><div class='avia_textblock'  itemprop=\"text\" ><h1>Inducs Instinct - Apparecchi a induzione durevoli e affidabili da collocare sul tavolo o sul piano di lavoro della cucina professionale<\/h1>\n<\/div><\/section><br \/>\n\n<style type=\"text\/css\" data-created_by=\"avia_inline_auto\" id=\"style-css-av-9gcje-c73a30233398e7e0237f24281de3ee84\">\n#top .hr.av-9gcje-c73a30233398e7e0237f24281de3ee84{\nmargin-top:0px;\nmargin-bottom:0px;\n}\n.hr.av-9gcje-c73a30233398e7e0237f24281de3ee84 .hr-inner{\nwidth:100%;\n}\n<\/style>\n<div  class='hr av-9gcje-c73a30233398e7e0237f24281de3ee84 hr-custom  avia-builder-el-3  el_after_av_textblock  avia-builder-el-last  hr-center hr-icon-no'><span class='hr-inner inner-border-av-border-thin'><span class=\"hr-inner-style\"><\/span><\/span><\/div><\/p><\/div>\n\n<style type=\"text\/css\" data-created_by=\"avia_inline_auto\" id=\"style-css-av-2f0yhm-db01db7ec8c98a78e0e021098b04ce79\">\n#top .flex_column.av-2f0yhm-db01db7ec8c98a78e0e021098b04ce79{\nmargin-top:0px;\nmargin-bottom:0px;\n}\n.flex_column.av-2f0yhm-db01db7ec8c98a78e0e021098b04ce79{\nborder-radius:0px 0px 0px 0px;\npadding:0px 0px 0px 0px;\n}\n.responsive #top #wrap_all .flex_column.av-2f0yhm-db01db7ec8c98a78e0e021098b04ce79{\nmargin-top:0px;\nmargin-bottom:0px;\n}\n<\/style>\n<div  class='flex_column av-2f0yhm-db01db7ec8c98a78e0e021098b04ce79 av_one_half  avia-builder-el-4  el_after_av_one_full  el_before_av_one_half  first flex_column_div av-zero-column-padding  column-top-margin'     ><section  class='av_textblock_section av-2b2t7e-5fa37d373415c8a8a589abf2e583e0db'   itemscope=\"itemscope\" itemtype=\"https:\/\/schema.org\/CreativeWork\" ><div class='avia_textblock'  itemprop=\"text\" ><p><strong><a href=\"https:\/\/www.inducs.com\/\" target=\"_blank\" rel=\"noopener\">INDICI<\/a> <\/strong>\u00e8 specializzata in apparecchi a induzione per la cucina professionale. L'azienda \u00e8 stata fondata nel 1998 e da allora ha sviluppato e prodotto tutto in Svizzera. Con 20 anni di esperienza, Inducs \u00e8 uno dei principali fornitori al mondo di tecnologia a induzione per il settore della ristorazione. I prodotti Inducs sono di eccellente qualit\u00e0 svizzera e garantiscono una lunga durata e un'elevata affidabilit\u00e0.<\/p>\n<p>Nella gamma di prodotti <a href=\"https:\/\/www.mkab.eu\/wp-content\/uploads\/2023\/09\/33_Inducs_Instinct_SE.pdf\" target=\"_blank\" rel=\"noopener\"><strong>Inducs Instinct<\/strong> <\/a>si trova la tecnologia RTCSmp, brevettata da Inducs, che permette di controllare la temperatura fino a 1\u00b0C. Questa tecnologia \u00e8 particolarmente apprezzata quando si preparano piatti un po' pi\u00f9 delicati che richiedono una temperatura precisa per la buona riuscita della cottura, come la salsa b\u00e9arnaise, il cioccolato fuso, ecc.<\/p>\n<\/div><\/section><\/div>\n\n<style type=\"text\/css\" data-created_by=\"avia_inline_auto\" id=\"style-css-av-20tfd6-3ce93bd6c4678a7ce7887ed3ae8dd6bf\">\n#top .flex_column.av-20tfd6-3ce93bd6c4678a7ce7887ed3ae8dd6bf{\nmargin-top:0px;\nmargin-bottom:0px;\n}\n.flex_column.av-20tfd6-3ce93bd6c4678a7ce7887ed3ae8dd6bf{\nborder-radius:0px 0px 0px 0px;\npadding:0px 0px 0px 0px;\n}\n.responsive #top #wrap_all .flex_column.av-20tfd6-3ce93bd6c4678a7ce7887ed3ae8dd6bf{\nmargin-top:0px;\nmargin-bottom:0px;\n}\n<\/style>\n<div  class='flex_column av-20tfd6-3ce93bd6c4678a7ce7887ed3ae8dd6bf av_one_half  avia-builder-el-6  el_after_av_one_half  el_before_av_tab_section  avia-builder-el-last  flex_column_div av-zero-column-padding  column-top-margin'     ><section  class='av_textblock_section av-1vvt2q-9ce0660c91cdd0e314b5e8e528a5024b'   itemscope=\"itemscope\" itemtype=\"https:\/\/schema.org\/CreativeWork\" ><div class='avia_textblock'  itemprop=\"text\" ><h3>Il modello Inducs Instinct far\u00e0 la gioia di ogni cuoco:<\/h3>\n<ul>\n<li>12 diversi livelli di potenza per la massima flessibilit\u00e0 di cottura<\/li>\n<li>Affidabile funzione timer per mantenere precisi i tempi di cottura<\/li>\n<li>Risposta fulminea alla temperatura selezionata<\/li>\n<li>Le superfici e l'aria circostanti non si riscaldano, garantendo un ambiente di lavoro confortevole.<\/li>\n<li>La superficie liscia impedisce al cibo di attaccarsi al piano cottura o alla ciotola del wok.<\/li>\n<li>Design studiato per una collocazione flessibile e una facile pulizia<\/li>\n<\/ul>\n<\/div><\/section><\/div>\n\n<style type=\"text\/css\" data-created_by=\"avia_inline_auto\" id=\"style-css-av-1qeaqi-ea7a2f73eb5c5c4a5465d6f8a2022885\">\n.av-tab-section-outer-container.av-1qeaqi-ea7a2f73eb5c5c4a5465d6f8a2022885 .av-tab-section-tab-title-container{\nbackground-color:#16181a;\n}\n<\/style>\n<\/div><\/div><\/div><!-- close content main div --><\/div><\/div><div id='av-tab-section-1'  class='av-tab-section-container entry-content-wrapper main_color av-tab-no-transition   av-tab-above-content  avia-builder-el-8  el_after_av_one_half  avia-builder-el-last  tablink tab-section-not-first container_wrap fullsize'  ><div class='av-tab-section-outer-container av-1qeaqi-ea7a2f73eb5c5c4a5465d6f8a2022885'><div class='av-tab-section-tab-title-container avia-tab-title-padding-default' role='tablist'><a href='#broschyr' data-av-tab-section-title='1' class='av-section-tab-title av-active-tab-title no-scroll av-1n8aki-560796cf103699fdda3acb4926c74ad9 av-tab-with-icon av-tab-no-image' role='tab' tabindex='0' aria-controls='av-tab-section-1-1'><span class='av-tab-section-icon avia-iconfont avia-font-entypo-fontello' data-av_icon='\ue84e' data-av_iconfont='entypo-fontello' ><\/span><span class='av-outer-tab-title'><span class='av-inner-tab-title'>Opuscolo<\/span><\/span><span class=\"av-tab-arrow-container\"><span><\/span><\/span><\/a><a href='#produktblad' data-av-tab-section-title='2' class='av-section-tab-title  av-1235c2-09dbc5c87c9c050731f455ec598163ea av-tab-with-icon av-tab-no-image' role='tab' tabindex='0' aria-controls='av-tab-section-1-2'><span class='av-tab-section-icon avia-iconfont avia-font-entypo-fontello' data-av_icon='\ue84d' data-av_iconfont='entypo-fontello' ><\/span><span class='av-outer-tab-title'><span class='av-inner-tab-title'>Scheda prodotto<\/span><\/span><span class=\"av-tab-arrow-container\"><span><\/span><\/span><\/a><a href='#teknik-support' data-av-tab-section-title='3' class='av-section-tab-title  av-mb2pu-d1877444b9f680d4e370df5f3f37763a av-tab-with-icon av-tab-no-image' role='tab' tabindex='0' aria-controls='av-tab-section-1-3'><span class='av-tab-section-icon avia-iconfont avia-font-entypo-fontello' data-av_icon='\ue855' data-av_iconfont='entypo-fontello' ><\/span><span class='av-outer-tab-title'><span class='av-inner-tab-title'>Tecnologia e supporto<\/span><\/span><span class=\"av-tab-arrow-container\"><span><\/span><\/span><\/a><a href='#dwg-ritning' data-av-tab-section-title='4' class='av-section-tab-title  av-1n8aki-3-8c273e8f0bc389b813eafd3118a13341 av-tab-with-icon av-tab-no-image' role='tab' tabindex='0' aria-controls='av-tab-section-1-4'><span class='av-tab-section-icon avia-iconfont avia-font-entypo-fontello' data-av_icon='\ue836' data-av_iconfont='entypo-fontello' ><\/span><span class='av-outer-tab-title'><span class='av-inner-tab-title'>Disegno DWG<\/span><\/span><span class=\"av-tab-arrow-container\"><span><\/span><\/span><\/a><\/div><div class='avia-slideshow-arrows av-tabsection-arrow' ><a href='#prev' class='prev-slide av_prev_tab_section av-tab-section-slide avia-svg-icon avia-font-svg_entypo-fontello' data-av_svg_icon='left-open-big' data-av_iconset='svg_entypo-fontello' tabindex='-1' title=\"Prec\"><svg version=\"1.1\" xmlns=\"http:\/\/www.w3.org\/2000\/svg\" width=\"15\" height=\"32\" viewbox=\"0 0 15 32\" preserveaspectratio=\"xMidYMid meet\" aria-labelledby='av-svg-title-1' aria-describedby='av-svg-desc-1' role=\"graphics-symbol\" aria-hidden=\"true\">\n<title id='av-svg-title-1'>Prec<\/title>\n<desc id='av-svg-desc-1'>Prec<\/desc>\n<path d=\"M14.464 27.84q0.832 0.832 0 1.536-0.832 0.832-1.536 0l-12.544-12.608q-0.768-0.768 0-1.6l12.544-12.608q0.704-0.832 1.536 0 0.832 0.704 0 1.536l-11.456 11.904z\"><\/path>\n<\/svg><span class='avia_hidden_link_text'>Prec<\/span><\/a><a href='#next' class='next-slide av_next_tab_section av-tab-section-slide avia-svg-icon avia-font-svg_entypo-fontello' data-av_svg_icon='right-open-big' data-av_iconset='svg_entypo-fontello' tabindex='-1' title=\"Il successo\"><svg version=\"1.1\" xmlns=\"http:\/\/www.w3.org\/2000\/svg\" width=\"15\" height=\"32\" viewbox=\"0 0 15 32\" preserveaspectratio=\"xMidYMid meet\" aria-labelledby='av-svg-title-2' aria-describedby='av-svg-desc-2' role=\"graphics-symbol\" aria-hidden=\"true\">\n<title id='av-svg-title-2'>Il successo<\/title>\n<desc id='av-svg-desc-2'>Il successo<\/desc>\n<path d=\"M0.416 27.84l11.456-11.84-11.456-11.904q-0.832-0.832 0-1.536 0.832-0.832 1.536 0l12.544 12.608q0.768 0.832 0 1.6l-12.544 12.608q-0.704 0.832-1.536 0-0.832-0.704 0-1.536z\"><\/path>\n<\/svg><span class='avia_hidden_link_text'>Il successo<\/span><\/a><\/div><div class='av-tab-section-inner-container avia-section-default' style='width:400vw; left:0%;'><span class=\"av_prev_tab_section av_tab_navigation\"><\/span><span class=\"av_next_tab_section av_tab_navigation\"><\/span>\n\n<style type=\"text\/css\" data-created_by=\"avia_inline_auto\" id=\"style-css-av-1n8aki-560796cf103699fdda3acb4926c74ad9\">\n.av-layout-tab.av-1n8aki-560796cf103699fdda3acb4926c74ad9{\nvertical-align:top;\nbackground-color:#1f2326;\n}\n#top .av-tab-section-outer-container.av-1qeaqi-ea7a2f73eb5c5c4a5465d6f8a2022885 .av-active-tab-title.av-section-tab-title.av-1n8aki-560796cf103699fdda3acb4926c74ad9 .av-tab-arrow-container span{\nbackground-color:#1f2326;\n}\n<\/style>\n<div id='av-tab-section-1-1' class='av-layout-tab av-1n8aki-560796cf103699fdda3acb4926c74ad9 av-animation-delay-container  avia-builder-el-9  el_before_av_tab_sub_section  avia-builder-el-first  av-active-tab-content __av_init_open' data-av-deeplink-tabs=\"\" data-av-tab-section-content=\"1\" data-tab-section-id=\"broschyr\"><div class=\"av-layout-tab-inner\"><div class=\"container\">\n<style type=\"text\/css\" data-created_by=\"avia_inline_auto\" id=\"style-css-av-1d637u-790a0f88a176934333986ae741e21cdc\">\n.flex_column.av-1d637u-790a0f88a176934333986ae741e21cdc{\nborder-radius:0px 0px 0px 0px;\npadding:0px 0px 0px 0px;\n}\n<\/style>\n<div  class='flex_column av-1d637u-790a0f88a176934333986ae741e21cdc av_one_full  avia-builder-el-10  avia-builder-el-no-sibling  first flex_column_div av-zero-column-padding'     ><section  class='av_textblock_section av-1avfwq-1829e8367febf1c48afb96945fed1cce'   itemscope=\"itemscope\" itemtype=\"https:\/\/schema.org\/CreativeWork\" ><div class='avia_textblock'  itemprop=\"text\" ><p><strong>Opuscolo<\/strong><\/p>\n<hr \/>\n<p><a href=\"https:\/\/www.mkab.eu\/wp-content\/uploads\/2023\/09\/33_Inducs_Instinct_SE.pdf\" target=\"_blank\" rel=\"noopener\">Inducs Instinct<\/a><\/p>\n<\/div><\/section><\/div>\n<\/div><\/div><\/div>\n<style type=\"text\/css\" data-created_by=\"avia_inline_auto\" id=\"style-css-av-1235c2-09dbc5c87c9c050731f455ec598163ea\">\n.av-layout-tab.av-1235c2-09dbc5c87c9c050731f455ec598163ea{\nvertical-align:top;\nbackground-color:#1f2326;\n}\n#top .av-tab-section-outer-container.av-1qeaqi-ea7a2f73eb5c5c4a5465d6f8a2022885 .av-active-tab-title.av-section-tab-title.av-1235c2-09dbc5c87c9c050731f455ec598163ea .av-tab-arrow-container span{\nbackground-color:#1f2326;\n}\n<\/style>\n<div id='av-tab-section-1-2' class='av-layout-tab av-1235c2-09dbc5c87c9c050731f455ec598163ea av-animation-delay-container  avia-builder-el-12  el_after_av_tab_sub_section  el_before_av_tab_sub_section' data-av-deeplink-tabs=\"\" data-av-tab-section-content=\"2\" data-tab-section-id=\"produktblad\"><div class=\"av-layout-tab-inner\"><div class=\"container\">\n<style type=\"text\/css\" data-created_by=\"avia_inline_auto\" id=\"style-css-av-3k6f6-301561bfc20ccc7590b6202626befe38\">\n.flex_column.av-3k6f6-301561bfc20ccc7590b6202626befe38{\nborder-radius:0px 0px 0px 0px;\npadding:0px 0px 0px 0px;\n}\n<\/style>\n<div  class='flex_column av-3k6f6-301561bfc20ccc7590b6202626befe38 av_one_full  avia-builder-el-13  avia-builder-el-no-sibling  first flex_column_div av-zero-column-padding'     ><section  class='av_textblock_section av-rleki-445e0a67cc993fa6f7c53295adff80c8'   itemscope=\"itemscope\" itemtype=\"https:\/\/schema.org\/CreativeWork\" ><div class='avia_textblock'  itemprop=\"text\" ><p><strong>Info sul prodotto<\/strong><\/p>\n<hr \/>\n<ul>\n<li><a href=\"https:\/\/www.mkab.eu\/wp-content\/uploads\/2023\/09\/PI_Inducs_Instinct_Griddle_3.pdf\" target=\"_blank\" rel=\"noopener\">Inducs Griglia d'istinto 3<\/a><\/li>\n<li><a href=\"https:\/\/www.mkab.eu\/wp-content\/uploads\/2023\/09\/PI_Inducs_Instinct_Griddle_5.pdf\" target=\"_blank\" rel=\"noopener\">Inducs Griglia d'istinto 5<\/a><\/li>\n<li><a href=\"https:\/\/www.mkab.eu\/wp-content\/uploads\/2023\/09\/PI_Inducs_Instinct_Griddle_10.pdf\" target=\"_blank\" rel=\"noopener\">Inducs Griglia istintiva 10<\/a><\/li>\n<li><a href=\"https:\/\/www.mkab.eu\/wp-content\/uploads\/2023\/09\/PI_Inducs_Instinct_Hob_3.pdf\" target=\"_blank\" rel=\"noopener\">Inducs Piano cottura Istinto 3 <\/a><\/li>\n<li><a href=\"https:\/\/www.mkab.eu\/wp-content\/uploads\/2023\/09\/PI_Inducs_Instinct_Hob_5.pdf\" target=\"_blank\" rel=\"noopener\">Inducs Piano cottura istinto 5<\/a><\/li>\n<li><a href=\"https:\/\/www.mkab.eu\/wp-content\/uploads\/2023\/09\/PI_Inducs_Instinct_Hob_10.pdf\" target=\"_blank\" rel=\"noopener\">Inducs Piano cottura Istinto 10<\/a><\/li>\n<li><a href=\"https:\/\/www.mkab.eu\/wp-content\/uploads\/2023\/09\/PI_Inducs_Instinct_Wok_3.pdf\" target=\"_blank\" rel=\"noopener\">Inducs Istinto Wok 3<\/a><\/li>\n<li><a href=\"https:\/\/www.mkab.eu\/wp-content\/uploads\/2023\/09\/PI_Inducs_Instinct_Wok_5.pdf\" target=\"_blank\" rel=\"noopener\">Inducs Istinto Wok 5<\/a><\/li>\n<li><a href=\"https:\/\/www.mkab.eu\/wp-content\/uploads\/2023\/09\/PI_Inducs_Instinct_Wok_8.pdf\" target=\"_blank\" rel=\"noopener\">Inducs Istinto Wok 8<\/a><\/li>\n<\/ul>\n<\/div><\/section><\/div>\n<\/div><\/div><\/div>\n<style type=\"text\/css\" data-created_by=\"avia_inline_auto\" id=\"style-css-av-mb2pu-d1877444b9f680d4e370df5f3f37763a\">\n.av-layout-tab.av-mb2pu-d1877444b9f680d4e370df5f3f37763a{\nvertical-align:top;\nbackground-color:#1f2326;\n}\n#top .av-tab-section-outer-container.av-1qeaqi-ea7a2f73eb5c5c4a5465d6f8a2022885 .av-active-tab-title.av-section-tab-title.av-mb2pu-d1877444b9f680d4e370df5f3f37763a .av-tab-arrow-container span{\nbackground-color:#1f2326;\n}\n<\/style>\n<div id='av-tab-section-1-3' class='av-layout-tab av-mb2pu-d1877444b9f680d4e370df5f3f37763a av-animation-delay-container  avia-builder-el-15  el_after_av_tab_sub_section  el_before_av_tab_sub_section' data-av-deeplink-tabs=\"\" data-av-tab-section-content=\"3\" data-tab-section-id=\"teknik-support\"><div class=\"av-layout-tab-inner\"><div class=\"container\">\n<style type=\"text\/css\" data-created_by=\"avia_inline_auto\" id=\"style-css-av-1asmy-07250076644081b1787cd57ca39c9eca\">\n.flex_column.av-1asmy-07250076644081b1787cd57ca39c9eca{\nborder-radius:0px 0px 0px 0px;\npadding:0px 0px 0px 0px;\n}\n<\/style>\n<div  class='flex_column av-1asmy-07250076644081b1787cd57ca39c9eca av_one_full  avia-builder-el-16  avia-builder-el-no-sibling  first flex_column_div av-zero-column-padding'     ><section  class='av_textblock_section av-a0kxm-5a4ba4798492aaad5e08f6e8943dae03'   itemscope=\"itemscope\" itemtype=\"https:\/\/schema.org\/CreativeWork\" ><div class='avia_textblock'  itemprop=\"text\" ><p><strong>Inducs Instinct: viste esplose ed elenchi di componenti<\/strong><\/p>\n<hr \/>\n<ul>\n<li><a href=\"https:\/\/www.mkab.eu\/wp-content\/uploads\/2023\/09\/Induktionshall-Instinct-Griddle-3_5_compressed.pdf\" target=\"_blank\" rel=\"noopener\">Vista esplosa Griglia Instinct 3\/5<\/a><\/li>\n<li><a href=\"https:\/\/www.mkab.eu\/wp-content\/uploads\/2023\/09\/Induktionshall-Instinct-Griddle-10_compressed.pdf\" target=\"_blank\" rel=\"noopener\">Vista esplosa della piastra Instinct 10<\/a><\/li>\n<li><a href=\"https:\/\/www.mkab.eu\/wp-content\/uploads\/2023\/09\/Induktionshall-Instinct-Hob-3_5_compressed.pdf\" target=\"_blank\" rel=\"noopener\">Vista esplosa Piano cottura d'istinto 3\/5<\/a><\/li>\n<li><a href=\"https:\/\/www.mkab.eu\/wp-content\/uploads\/2023\/09\/Induktionshall-Instinct-Hob-10_compressed.pdf\" target=\"_blank\" rel=\"noopener\">Vista esplosa del piano cottura Instinct 10<\/a><\/li>\n<li><a href=\"https:\/\/www.mkab.eu\/wp-content\/uploads\/2023\/09\/Induktionshall-Instinct-Wok-3_5_8_compressed.pdf\" target=\"_blank\" rel=\"noopener\">Schizzo d'istinto Wok 3 \/ 5 \/ 8<\/a><\/li>\n<\/ul>\n<\/div><\/section><\/div>\n<\/div><\/div><\/div>\n<style type=\"text\/css\" data-created_by=\"avia_inline_auto\" id=\"style-css-av-1n8aki-3-8c273e8f0bc389b813eafd3118a13341\">\n.av-layout-tab.av-1n8aki-3-8c273e8f0bc389b813eafd3118a13341{\nvertical-align:top;\nbackground-color:#1f2326;\n}\n#top .av-tab-section-outer-container.av-1qeaqi-ea7a2f73eb5c5c4a5465d6f8a2022885 .av-active-tab-title.av-section-tab-title.av-1n8aki-3-8c273e8f0bc389b813eafd3118a13341 .av-tab-arrow-container span{\nbackground-color:#1f2326;\n}\n<\/style>\n<div id='av-tab-section-1-4' class='av-layout-tab av-1n8aki-3-8c273e8f0bc389b813eafd3118a13341 av-animation-delay-container  avia-builder-el-18  el_after_av_tab_sub_section  avia-builder-el-last' data-av-deeplink-tabs=\"\" data-av-tab-section-content=\"4\" data-tab-section-id=\"dwg-ritning\"><div class=\"av-layout-tab-inner\"><div class=\"container\">\n<style type=\"text\/css\" data-created_by=\"avia_inline_auto\" id=\"style-css-av-1d637u-2-4addef042e18c4ffdb2dec93f16e1e9c\">\n.flex_column.av-1d637u-2-4addef042e18c4ffdb2dec93f16e1e9c{\nborder-radius:0px 0px 0px 0px;\npadding:0px 0px 0px 0px;\n}\n<\/style>\n<div  class='flex_column av-1d637u-2-4addef042e18c4ffdb2dec93f16e1e9c av_one_full  avia-builder-el-19  avia-builder-el-no-sibling  first flex_column_div av-zero-column-padding'     ><section  class='av_textblock_section av-1avfwq-1-c86c1c1b3993df2e740cde1152503793'   itemscope=\"itemscope\" itemtype=\"https:\/\/schema.org\/CreativeWork\" ><div class='avia_textblock'  itemprop=\"text\" ><p><strong>Inducs Instinct Disegni DWG<\/strong><\/p>\n<hr \/>\n<p><a href=\"https:\/\/www.mkab.eu\/wp-content\/uploads\/2023\/09\/80006210_A_INSTINCT_Hob_3_5_dwg.dwg\" target=\"_blank\" rel=\"noopener\">Istinto Hob 3 \/ 5<\/a><\/p>\n<p><a href=\"https:\/\/www.mkab.eu\/wp-content\/uploads\/2023\/09\/80006230_A_INSTINCT_Hob_10_dwg.dwg\" target=\"_blank\" rel=\"noopener\">Istinto Hob 10<\/a><\/p>\n<p><a href=\"https:\/\/www.mkab.eu\/wp-content\/uploads\/2023\/09\/80006270_A_INSTINCT_Griddle_3_5_dwg.dwg\" target=\"_blank\" rel=\"noopener\">Griglia d'istinto 3 \/ 5<\/a><\/p>\n<p><a href=\"https:\/\/www.mkab.eu\/wp-content\/uploads\/2023\/09\/80006290_A_INSTINCT_Griddle_10_dwg.dwg\" target=\"_blank\" rel=\"noopener\">Griglia istintiva 10<\/a><\/p>\n<p><a href=\"https:\/\/www.mkab.eu\/wp-content\/uploads\/2023\/09\/80006250_A_INSTINCT_Wok_dwg.dwg\" target=\"_blank\" rel=\"noopener\">Istinto Wok<\/a><\/p>\n<\/div><\/section><\/div>\n<\/div><\/div><\/div>\n<\/div><\/div><\/div>","protected":false},"excerpt":{"rendered":"","protected":false},"author":2,"featured_media":0,"parent":273,"menu_order":4,"comment_status":"closed","ping_status":"closed","template":"","meta":{"_monsterinsights_skip_tracking":false,"_monsterinsights_sitenote_active":false,"_monsterinsights_sitenote_note":"","_monsterinsights_sitenote_category":0,"footnotes":""},"class_list":["post-3753","page","type-page","status-publish","hentry"],"_links":{"self":[{"href":"https:\/\/www.mkab.eu\/it\/wp-json\/wp\/v2\/pages\/3753","targetHints":{"allow":["GET"]}}],"collection":[{"href":"https:\/\/www.mkab.eu\/it\/wp-json\/wp\/v2\/pages"}],"about":[{"href":"https:\/\/www.mkab.eu\/it\/wp-json\/wp\/v2\/types\/page"}],"author":[{"embeddable":true,"href":"https:\/\/www.mkab.eu\/it\/wp-json\/wp\/v2\/users\/2"}],"replies":[{"embeddable":true,"href":"https:\/\/www.mkab.eu\/it\/wp-json\/wp\/v2\/comments?post=3753"}],"version-history":[{"count":61,"href":"https:\/\/www.mkab.eu\/it\/wp-json\/wp\/v2\/pages\/3753\/revisions"}],"predecessor-version":[{"id":7232,"href":"https:\/\/www.mkab.eu\/it\/wp-json\/wp\/v2\/pages\/3753\/revisions\/7232"}],"up":[{"embeddable":true,"href":"https:\/\/www.mkab.eu\/it\/wp-json\/wp\/v2\/pages\/273"}],"wp:attachment":[{"href":"https:\/\/www.mkab.eu\/it\/wp-json\/wp\/v2\/media?parent=3753"}],"curies":[{"name":"wp","href":"https:\/\/api.w.org\/{rel}","templated":true}]}}