{"id":7016,"date":"2025-05-14T13:58:17","date_gmt":"2025-05-14T11:58:17","guid":{"rendered":"https:\/\/www.mkab.eu\/?page_id=7016"},"modified":"2026-04-17T14:13:15","modified_gmt":"2026-04-17T12:13:15","slug":"frxsh-per-sorbetti-e-gelati-perfetti","status":"publish","type":"page","link":"https:\/\/www.mkab.eu\/it\/varugrupper\/frxsh-for-perfekt-sorbet-och-glass\/","title":{"rendered":"FRXSH per un sorbetto e un gelato perfetti"},"content":{"rendered":"<div id='full_slider_1'  class='avia-fullwidth-slider main_color avia-shadow   avia-builder-el-0  el_before_av_one_full  avia-builder-el-first   container_wrap fullsize'  ><div  class='avia-slideshow av-3ceotx-51b15b7d5f3f4c65a0867acf0310d14b avia-slideshow-no scaling av_slideshow_full avia-fade-slider av-slideshow-ui av-control-hidden av-no-slider-navigation av-hide-nav-arrows av-slideshow-autoplay av-loop-endless av-loop-manual-endless av-default-height-applied   avia-slideshow-1' data-slideshow-options=\"{&quot;animation&quot;:&quot;fade&quot;,&quot;autoplay&quot;:true,&quot;loop_autoplay&quot;:&quot;endless&quot;,&quot;interval&quot;:4,&quot;loop_manual&quot;:&quot;manual-endless&quot;,&quot;autoplay_stopper&quot;:false,&quot;noNavigation&quot;:true,&quot;bg_slider&quot;:false,&quot;keep_padding&quot;:false,&quot;hoverpause&quot;:false,&quot;show_slide_delay&quot;:0}\"  itemprop=\"image\" itemscope=\"itemscope\" itemtype=\"https:\/\/schema.org\/ImageObject\" ><ul class='avia-slideshow-inner' style='padding-bottom: 35%;'><li  class='avia-slideshow-slide av-3ceotx-51b15b7d5f3f4c65a0867acf0310d14b__0  av-single-slide slide-1 slide-odd'><div data-rel='slideshow-1' class='avia-slide-wrap'   ><img data-recalc-dims=\"1\" decoding=\"async\" fetchpriority=\"high\" class=\"wp-image-7379 avia-img-lazy-loading-not-7379\"  src=\"https:\/\/i0.wp.com\/www.mkab.eu\/wp-content\/uploads\/2025\/06\/FRXSH_sorbet_glass11-scaled.jpg?resize=1500%2C525&#038;ssl=1\" width=\"1500\" height=\"525\" title='FRXSH_sorbet_glass11' alt=''  itemprop=\"thumbnailUrl\" srcset=\"https:\/\/i0.wp.com\/www.mkab.eu\/wp-content\/uploads\/2025\/06\/FRXSH_sorbet_glass11-scaled.jpg?w=2560&amp;ssl=1 2560w, https:\/\/i0.wp.com\/www.mkab.eu\/wp-content\/uploads\/2025\/06\/FRXSH_sorbet_glass11-scaled.jpg?resize=300%2C105&amp;ssl=1 300w, https:\/\/i0.wp.com\/www.mkab.eu\/wp-content\/uploads\/2025\/06\/FRXSH_sorbet_glass11-scaled.jpg?resize=1030%2C360&amp;ssl=1 1030w, https:\/\/i0.wp.com\/www.mkab.eu\/wp-content\/uploads\/2025\/06\/FRXSH_sorbet_glass11-scaled.jpg?resize=768%2C269&amp;ssl=1 768w, https:\/\/i0.wp.com\/www.mkab.eu\/wp-content\/uploads\/2025\/06\/FRXSH_sorbet_glass11-scaled.jpg?resize=1536%2C537&amp;ssl=1 1536w, https:\/\/i0.wp.com\/www.mkab.eu\/wp-content\/uploads\/2025\/06\/FRXSH_sorbet_glass11-scaled.jpg?resize=2048%2C717&amp;ssl=1 2048w, https:\/\/i0.wp.com\/www.mkab.eu\/wp-content\/uploads\/2025\/06\/FRXSH_sorbet_glass11-scaled.jpg?resize=1500%2C525&amp;ssl=1 1500w, https:\/\/i0.wp.com\/www.mkab.eu\/wp-content\/uploads\/2025\/06\/FRXSH_sorbet_glass11-scaled.jpg?resize=705%2C247&amp;ssl=1 705w, https:\/\/i0.wp.com\/www.mkab.eu\/wp-content\/uploads\/2025\/06\/FRXSH_sorbet_glass11-scaled.jpg?resize=1210%2C423&amp;ssl=1 1210w\" sizes=\"(max-width: 1500px) 100vw, 1500px\" \/><\/div><\/li><\/ul><\/div><\/div><div id='after_full_slider_1'  class='main_color av_default_container_wrap container_wrap fullsize'  ><div class='container av-section-cont-open' ><div class='template-page content  av-content-full alpha units'><div class='post-entry post-entry-type-page post-entry-7016'><div class='entry-content-wrapper clearfix'>\n\n<style type=\"text\/css\" data-created_by=\"avia_inline_auto\" id=\"style-css-av-2ur0kl-566a9f2b859a919d0fd69c16a6bfb7c0\">\n.flex_column.av-2ur0kl-566a9f2b859a919d0fd69c16a6bfb7c0{\nborder-radius:0px 0px 0px 0px;\npadding:0px 0px 0px 0px;\n}\n<\/style>\n<div  class='flex_column av-2ur0kl-566a9f2b859a919d0fd69c16a6bfb7c0 av_one_full  avia-builder-el-1  el_after_av_slideshow_full  el_before_av_one_half  avia-builder-el-first  first flex_column_div av-zero-column-padding'     ><section  class='av_textblock_section av-2s77sd-89d8c9a37822197c829acf2c4045278e'   itemscope=\"itemscope\" itemtype=\"https:\/\/schema.org\/CreativeWork\" ><div class='avia_textblock'  itemprop=\"text\" ><h1><strong>Creare gelati, sorbetti, mousse e molto altro ancora con precisione svizzera<br \/>\n<\/strong><\/h1>\n<\/div><\/section><br \/>\n\n<style type=\"text\/css\" data-created_by=\"avia_inline_auto\" id=\"style-css-av-2jhslx-a5241d355b8b2f4ed76b06d4f331ee7b\">\n#top .hr.av-2jhslx-a5241d355b8b2f4ed76b06d4f331ee7b{\nmargin-top:0px;\nmargin-bottom:0px;\n}\n.hr.av-2jhslx-a5241d355b8b2f4ed76b06d4f331ee7b .hr-inner{\nwidth:100%;\n}\n<\/style>\n<div  class='hr av-2jhslx-a5241d355b8b2f4ed76b06d4f331ee7b hr-custom  avia-builder-el-3  el_after_av_textblock  avia-builder-el-last  hr-center hr-icon-no'><span class='hr-inner inner-border-av-border-thin'><span class=\"hr-inner-style\"><\/span><\/span><\/div><\/p><\/div>\n\n<style type=\"text\/css\" data-created_by=\"avia_inline_auto\" id=\"style-css-av-2cw6lh-fcc4fb64a87cbbef8ab9da6a3131e8aa\">\n#top .flex_column.av-2cw6lh-fcc4fb64a87cbbef8ab9da6a3131e8aa{\nmargin-top:0px;\nmargin-bottom:0px;\n}\n.flex_column.av-2cw6lh-fcc4fb64a87cbbef8ab9da6a3131e8aa{\nborder-radius:0px 0px 0px 0px;\npadding:0px 0px 0px 0px;\n}\n.responsive #top #wrap_all .flex_column.av-2cw6lh-fcc4fb64a87cbbef8ab9da6a3131e8aa{\nmargin-top:0px;\nmargin-bottom:0px;\n}\n<\/style>\n<div  class='flex_column av-2cw6lh-fcc4fb64a87cbbef8ab9da6a3131e8aa av_one_half  avia-builder-el-4  el_after_av_one_full  el_before_av_one_half  first flex_column_div av-zero-column-padding  column-top-margin'     ><section  class='av_textblock_section av-27y3bx-7241bc0db92e3536e7b72dd837fe29a7'   itemscope=\"itemscope\" itemtype=\"https:\/\/schema.org\/CreativeWork\" ><div class='avia_textblock'  itemprop=\"text\" ><h2 data-start=\"162\" data-end=\"236\">FRXSH - Precisione, igiene e flessibilit\u00e0 in ogni porzione<\/h2>\n<p data-start=\"238\" data-end=\"526\"><a href=\"https:\/\/www.frxsh.com\/\" target=\"_blank\" rel=\"noopener\">FRXSH <\/a>\u00e8 un sistema di preparazione completamente automatico che consente di creare sorbetti, gelati, mousse e molto altro in modo semplice e veloce. La macchina combina l'ingegneria svizzera con le elevate esigenze delle cucine professionali.<\/p>\n<h3 data-start=\"533\" data-end=\"570\">Progettato e prodotto in Svizzera<\/h3>\n<p data-start=\"572\" data-end=\"833\">Il modello FRXSH proviene dalla Svizzera, un paese noto per la perfezione tecnica, le soluzioni innovative e gli standard di qualit\u00e0 senza compromessi. La produzione svizzera garantisce una struttura robusta e durevole, adatta all'uso intensivo nelle moderne cucine per la ristorazione.<\/p>\n<h3 data-start=\"840\" data-end=\"901\">Ridurre al minimo gli sprechi e massimizzare l'ampiezza del menu<\/h3>\n<p data-start=\"903\" data-end=\"1203\">Preparate porzioni singole o multiple di gelato, sorbetto, crema, salsa e molto altro ancora, senza compromessi. Grazie alla tecnologia di preparazione della macchina, che avviene direttamente in speciali coppette in acciaio cromato o in plastica, la cucina pu\u00f2 personalizzare la produzione a seconda delle esigenze. Ci\u00f2 significa meno sprechi di cibo e la possibilit\u00e0 di offrire una gamma pi\u00f9 ampia di dessert e altri piatti.<\/p>\n<h3 data-start=\"1210\" data-end=\"1249\">Direttamente dalla materia prima al piatto finito<\/h3>\n<p data-start=\"1251\" data-end=\"1518\">L'intero processo di preparazione avviene direttamente nel becher, sia che la materia prima sia fresca o congelata. Non \u00e8 necessaria alcuna preparazione aggiuntiva, con conseguente risparmio di tempo e riduzione al minimo degli errori di manipolazione. Il risultato \u00e8 una qualit\u00e0 costante, un flusso di lavoro efficiente e una logistica di cucina notevolmente semplificata.<\/p>\n<\/div><\/section><\/div>\n<style type=\"text\/css\" data-created_by=\"avia_inline_auto\" id=\"style-css-av-23gpx1-c8130272b50adc71dc7a4681e66dbe5f\">\n#top .flex_column.av-23gpx1-c8130272b50adc71dc7a4681e66dbe5f{\nmargin-top:0px;\nmargin-bottom:0px;\n}\n.flex_column.av-23gpx1-c8130272b50adc71dc7a4681e66dbe5f{\nborder-radius:0px 0px 0px 0px;\npadding:0px 0px 0px 0px;\n}\n.responsive #top #wrap_all .flex_column.av-23gpx1-c8130272b50adc71dc7a4681e66dbe5f{\nmargin-top:0px;\nmargin-bottom:0px;\n}\n<\/style>\n<div  class='flex_column av-23gpx1-c8130272b50adc71dc7a4681e66dbe5f av_one_half  avia-builder-el-6  el_after_av_one_half  el_before_av_tab_section  avia-builder-el-last  flex_column_div av-zero-column-padding  column-top-margin'     ><section  class='av_textblock_section av-1xidv9-f497deee5821010213b502f39bf87206'   itemscope=\"itemscope\" itemtype=\"https:\/\/schema.org\/CreativeWork\" ><div class='avia_textblock'  itemprop=\"text\" ><h2 data-start=\"1126\" data-end=\"1207\">FRXSH - Uno strumento per l'innovazione culinaria<\/h2>\n<p data-start=\"220\" data-end=\"437\">Con il modello FRXSH, avrete a disposizione un potente strumento per liberare la creativit\u00e0 in qualsiasi cucina di ristorante. Che si tratti di cucina raffinata, dessert o piatti vegani, la macchina offre precisione e sapore in ogni porzione.<\/p>\n<p data-start=\"220\" data-end=\"437\">La macchina \u00e8 molto resistente ed \u00e8 stata appositamente progettata per far fronte ai ritmi serrati delle cucine professionali, pur essendo di facile utilizzo e richiedendo uno spazio e una manodopera minimi.<\/p>\n<p data-start=\"220\" data-end=\"437\">Il modello FRXSH offre: Preparazione automatica di materie prime fresche o congelate, preparazione di porzioni singole o multiple senza sprechi, un flusso di lavoro rapido ed efficiente in termini di risorse. Inoltre, un livello di igiene eccezionalmente elevato grazie al sistema chiuso e agli strumenti di pulizia associati.<\/p>\n<h3 data-start=\"439\" data-end=\"501\">Creare capolavori culinari \u00e0 la minute<\/h3>\n<ul>\n<li data-start=\"537\" data-end=\"600\">Gelati e sorbetti dalla consistenza perfetta, direttamente da materie prime congelate<\/li>\n<li data-start=\"537\" data-end=\"600\">Purea e zuppa di verdure dal sapore intenso e dalla consistenza morbida<\/li>\n<li data-start=\"537\" data-end=\"600\">Salsa, panna e schiuma che risollevano ogni piatto<\/li>\n<li data-start=\"537\" data-end=\"600\">Tapenades e miscele in porzioni piccole o grandi<\/li>\n<li data-start=\"537\" data-end=\"600\">Mele e pat\u00e9 a macinatura fine o grossolana<\/li>\n<li data-start=\"537\" data-end=\"600\">Ingredienti per cocktail e basi per dessert<\/li>\n<\/ul>\n<p>Qui \u00e8 possibile vedere un <a href=\"https:\/\/www.youtube.com\/shorts\/T0N2IKR4lEg\" target=\"_blank\" rel=\"noopener\">breve video sull'FRXSH.<\/a> Altri video sull'FRXSH sono disponibili nella scheda video pi\u00f9 in basso in questa pagina.<\/p>\n<\/div><\/section><\/div>\n<style type=\"text\/css\" data-created_by=\"avia_inline_auto\" id=\"style-css-av-1stqvp-51516282b9fd2fc1d12b604b8615f3c4\">\n.av-tab-section-outer-container.av-1stqvp-51516282b9fd2fc1d12b604b8615f3c4 .av-tab-section-tab-title-container{\nbackground-color:#16181a;\n}\n<\/style>\n<\/div><\/div><\/div><!-- close content main div --><\/div><\/div><div id='av-tab-section-1'  class='av-tab-section-container entry-content-wrapper main_color av-tab-no-transition   av-tab-above-content  avia-builder-el-8  el_after_av_one_half  avia-builder-el-last  tablink tab-section-not-first container_wrap fullsize'  ><div class='av-tab-section-outer-container av-1stqvp-51516282b9fd2fc1d12b604b8615f3c4'><div class='av-tab-section-tab-title-container avia-tab-title-padding-default' role='tablist'><a href='#broschyr' data-av-tab-section-title='1' class='av-section-tab-title av-active-tab-title no-scroll av-12dbud-52a5931b1751b2618a569ab820dffcf0 av-tab-with-icon av-tab-no-image' role='tab' tabindex='0' aria-controls='av-tab-section-1-1'><span class='av-tab-section-icon avia-iconfont avia-font-entypo-fontello' data-av_icon='\ue84e' data-av_iconfont='entypo-fontello' ><\/span><span class='av-outer-tab-title'><span class='av-inner-tab-title'>Opuscolo<\/span><\/span><span class=\"av-tab-arrow-container\"><span><\/span><\/span><\/a><a href='#produktblad' data-av-tab-section-title='2' class='av-section-tab-title  av-12dbud-3-4e7a6bf6fecdd01ce47d8ed29bda98a8 av-tab-with-icon av-tab-no-image' role='tab' tabindex='0' aria-controls='av-tab-section-1-2'><span class='av-tab-section-icon avia-iconfont avia-font-entypo-fontello' data-av_icon='\ue84d' data-av_iconfont='entypo-fontello' ><\/span><span class='av-outer-tab-title'><span class='av-inner-tab-title'>Scheda prodotto<\/span><\/span><span class=\"av-tab-arrow-container\"><span><\/span><\/span><\/a><a href='#teknik' data-av-tab-section-title='3' class='av-section-tab-title  av-12dbud-3-3-dd50e4d3e3e47060593e14efc6cb5848 av-tab-with-icon av-tab-no-image' role='tab' tabindex='0' aria-controls='av-tab-section-1-3'><span class='av-tab-section-icon avia-iconfont avia-font-entypo-fontello' data-av_icon='\ue855' data-av_iconfont='entypo-fontello' ><\/span><span class='av-outer-tab-title'><span class='av-inner-tab-title'>Tecnologia<\/span><\/span><span class=\"av-tab-arrow-container\"><span><\/span><\/span><\/a><a href='#video' data-av-tab-section-title='4' class='av-section-tab-title  av-mp9il-b35d7a41d3ea88e3f1b2b8aed049ee0b av-tab-with-icon av-tab-no-image' role='tab' tabindex='0' aria-controls='av-tab-section-1-4'><span class='av-tab-section-icon avia-iconfont avia-font-entypo-fontello' data-av_icon='\ue80d' data-av_iconfont='entypo-fontello' ><\/span><span class='av-outer-tab-title'><span class='av-inner-tab-title'>Video<\/span><\/span><span class=\"av-tab-arrow-container\"><span><\/span><\/span><\/a><\/div><div class='avia-slideshow-arrows av-tabsection-arrow' ><a href='#prev' class='prev-slide av_prev_tab_section av-tab-section-slide avia-svg-icon avia-font-svg_entypo-fontello' data-av_svg_icon='left-open-big' data-av_iconset='svg_entypo-fontello' tabindex='-1' title=\"Prec\"><svg version=\"1.1\" xmlns=\"http:\/\/www.w3.org\/2000\/svg\" width=\"15\" height=\"32\" viewbox=\"0 0 15 32\" preserveaspectratio=\"xMidYMid meet\" aria-labelledby='av-svg-title-1' aria-describedby='av-svg-desc-1' role=\"graphics-symbol\" aria-hidden=\"true\">\n<title id='av-svg-title-1'>Prec<\/title>\n<desc id='av-svg-desc-1'>Prec<\/desc>\n<path d=\"M14.464 27.84q0.832 0.832 0 1.536-0.832 0.832-1.536 0l-12.544-12.608q-0.768-0.768 0-1.6l12.544-12.608q0.704-0.832 1.536 0 0.832 0.704 0 1.536l-11.456 11.904z\"><\/path>\n<\/svg><span class='avia_hidden_link_text'>Prec<\/span><\/a><a href='#next' class='next-slide av_next_tab_section av-tab-section-slide avia-svg-icon avia-font-svg_entypo-fontello' data-av_svg_icon='right-open-big' data-av_iconset='svg_entypo-fontello' tabindex='-1' title=\"Il successo\"><svg version=\"1.1\" xmlns=\"http:\/\/www.w3.org\/2000\/svg\" width=\"15\" height=\"32\" viewbox=\"0 0 15 32\" preserveaspectratio=\"xMidYMid meet\" aria-labelledby='av-svg-title-2' aria-describedby='av-svg-desc-2' role=\"graphics-symbol\" aria-hidden=\"true\">\n<title id='av-svg-title-2'>Il successo<\/title>\n<desc id='av-svg-desc-2'>Il successo<\/desc>\n<path d=\"M0.416 27.84l11.456-11.84-11.456-11.904q-0.832-0.832 0-1.536 0.832-0.832 1.536 0l12.544 12.608q0.768 0.832 0 1.6l-12.544 12.608q-0.704 0.832-1.536 0-0.832-0.704 0-1.536z\"><\/path>\n<\/svg><span class='avia_hidden_link_text'>Il successo<\/span><\/a><\/div><div class='av-tab-section-inner-container avia-section-default' style='width:400vw; left:0%;'><span class=\"av_prev_tab_section av_tab_navigation\"><\/span><span class=\"av_next_tab_section av_tab_navigation\"><\/span>\n\n<style type=\"text\/css\" data-created_by=\"avia_inline_auto\" id=\"style-css-av-12dbud-52a5931b1751b2618a569ab820dffcf0\">\n.av-layout-tab.av-12dbud-52a5931b1751b2618a569ab820dffcf0{\nvertical-align:top;\nbackground-color:#1f2326;\n}\n#top .av-tab-section-outer-container.av-1stqvp-51516282b9fd2fc1d12b604b8615f3c4 .av-active-tab-title.av-section-tab-title.av-12dbud-52a5931b1751b2618a569ab820dffcf0{\ncolor:#b02b2c;\n}\n#top .av-tab-section-outer-container.av-1stqvp-51516282b9fd2fc1d12b604b8615f3c4 .av-active-tab-title.av-section-tab-title.av-12dbud-52a5931b1751b2618a569ab820dffcf0 .avia-svg-icon svg:first-child{\nfill:#b02b2c;\nstroke:#b02b2c;\n}\n#top .av-tab-section-outer-container.av-1stqvp-51516282b9fd2fc1d12b604b8615f3c4 .av-active-tab-title.av-section-tab-title.av-12dbud-52a5931b1751b2618a569ab820dffcf0 .av-tab-arrow-container span{\nbackground-color:#1f2326;\n}\n<\/style>\n<div id='av-tab-section-1-1' class='av-layout-tab av-12dbud-52a5931b1751b2618a569ab820dffcf0 av-animation-delay-container  avia-builder-el-9  el_before_av_tab_sub_section  avia-builder-el-first  av-active-tab-content __av_init_open' data-av-deeplink-tabs=\"\" data-av-tab-section-content=\"1\" data-tab-section-id=\"broschyr\"><div class=\"av-layout-tab-inner\"><div class=\"container\">\n<style type=\"text\/css\" data-created_by=\"avia_inline_auto\" id=\"style-css-av-vtwj9-641f20f6d28608953bc632e8052d8afc\">\n.flex_column.av-vtwj9-641f20f6d28608953bc632e8052d8afc{\nborder-radius:0px 0px 0px 0px;\npadding:0px 0px 0px 0px;\n}\n<\/style>\n<div  class='flex_column av-vtwj9-641f20f6d28608953bc632e8052d8afc av_one_full  avia-builder-el-10  avia-builder-el-no-sibling  first flex_column_div av-zero-column-padding'     ><section  class='av_textblock_section av-s1tm5-a2e126d02921bf3b2c51b04523f59fa3'   itemscope=\"itemscope\" itemtype=\"https:\/\/schema.org\/CreativeWork\" ><div class='avia_textblock'  itemprop=\"text\" ><p><strong>Opuscolo<\/strong><\/p>\n<p><a href=\"https:\/\/www.mkab.eu\/wp-content\/uploads\/2025\/06\/FRXSH_broschyr_SE-1.pdf\" target=\"_blank\" rel=\"noopener\">FRXSH\u00a0<\/a><\/p>\n<\/div><\/section><\/div>\n<\/div><\/div><\/div>\n<style type=\"text\/css\" data-created_by=\"avia_inline_auto\" id=\"style-css-av-12dbud-3-4e7a6bf6fecdd01ce47d8ed29bda98a8\">\n.av-layout-tab.av-12dbud-3-4e7a6bf6fecdd01ce47d8ed29bda98a8{\nvertical-align:top;\nbackground-color:#1f2326;\n}\n#top .av-tab-section-outer-container.av-1stqvp-51516282b9fd2fc1d12b604b8615f3c4 .av-active-tab-title.av-section-tab-title.av-12dbud-3-4e7a6bf6fecdd01ce47d8ed29bda98a8{\ncolor:#b02b2c;\n}\n#top .av-tab-section-outer-container.av-1stqvp-51516282b9fd2fc1d12b604b8615f3c4 .av-active-tab-title.av-section-tab-title.av-12dbud-3-4e7a6bf6fecdd01ce47d8ed29bda98a8 .avia-svg-icon svg:first-child{\nfill:#b02b2c;\nstroke:#b02b2c;\n}\n#top .av-tab-section-outer-container.av-1stqvp-51516282b9fd2fc1d12b604b8615f3c4 .av-active-tab-title.av-section-tab-title.av-12dbud-3-4e7a6bf6fecdd01ce47d8ed29bda98a8 .av-tab-arrow-container span{\nbackground-color:#1f2326;\n}\n<\/style>\n<div id='av-tab-section-1-2' class='av-layout-tab av-12dbud-3-4e7a6bf6fecdd01ce47d8ed29bda98a8 av-animation-delay-container  avia-builder-el-12  el_after_av_tab_sub_section  el_before_av_tab_sub_section' data-av-deeplink-tabs=\"\" data-av-tab-section-content=\"2\" data-tab-section-id=\"produktblad\"><div class=\"av-layout-tab-inner\"><div class=\"container\">\n<style type=\"text\/css\" data-created_by=\"avia_inline_auto\" id=\"style-css-av-vtwj9-2-310d93e8eeed82b27c22b0cbd657062c\">\n.flex_column.av-vtwj9-2-310d93e8eeed82b27c22b0cbd657062c{\nborder-radius:0px 0px 0px 0px;\npadding:0px 0px 0px 0px;\n}\n<\/style>\n<div  class='flex_column av-vtwj9-2-310d93e8eeed82b27c22b0cbd657062c av_four_fifth  avia-builder-el-13  avia-builder-el-no-sibling  first flex_column_div av-zero-column-padding'     ><section  class='av_textblock_section av-s1tm5-1-4d8c157aaf2f519a451166276cc8b12f'   itemscope=\"itemscope\" itemtype=\"https:\/\/schema.org\/CreativeWork\" ><div class='avia_textblock'  itemprop=\"text\" ><p><strong>FRXSH<\/strong><\/p>\n<hr \/>\n<ul>\n<li><a href=\"https:\/\/www.mkab.eu\/wp-content\/uploads\/2025\/06\/FRXSH-Mousse-Chef.pdf\" target=\"_blank\" rel=\"noopener\">Scheda prodotto FRXSH<\/a><\/li>\n<\/ul>\n<\/div><\/section><\/div>\n<\/div><\/div><\/div>\n<style type=\"text\/css\" data-created_by=\"avia_inline_auto\" id=\"style-css-av-12dbud-3-3-dd50e4d3e3e47060593e14efc6cb5848\">\n.av-layout-tab.av-12dbud-3-3-dd50e4d3e3e47060593e14efc6cb5848{\nvertical-align:top;\nbackground-color:#1f2326;\n}\n#top .av-tab-section-outer-container.av-1stqvp-51516282b9fd2fc1d12b604b8615f3c4 .av-active-tab-title.av-section-tab-title.av-12dbud-3-3-dd50e4d3e3e47060593e14efc6cb5848{\ncolor:#b02b2c;\n}\n#top .av-tab-section-outer-container.av-1stqvp-51516282b9fd2fc1d12b604b8615f3c4 .av-active-tab-title.av-section-tab-title.av-12dbud-3-3-dd50e4d3e3e47060593e14efc6cb5848 .avia-svg-icon svg:first-child{\nfill:#b02b2c;\nstroke:#b02b2c;\n}\n#top .av-tab-section-outer-container.av-1stqvp-51516282b9fd2fc1d12b604b8615f3c4 .av-active-tab-title.av-section-tab-title.av-12dbud-3-3-dd50e4d3e3e47060593e14efc6cb5848 .av-tab-arrow-container span{\nbackground-color:#1f2326;\n}\n<\/style>\n<div id='av-tab-section-1-3' class='av-layout-tab av-12dbud-3-3-dd50e4d3e3e47060593e14efc6cb5848 av-animation-delay-container  avia-builder-el-15  el_after_av_tab_sub_section  el_before_av_tab_sub_section' data-av-deeplink-tabs=\"\" data-av-tab-section-content=\"3\" data-tab-section-id=\"teknik\"><div class=\"av-layout-tab-inner\"><div class=\"container\"><p>\n<style type=\"text\/css\" data-created_by=\"avia_inline_auto\" id=\"style-css-av-vtwj9-2-2-ec6d22fafc044be9487b77a13a1b90b6\">\n.flex_column.av-vtwj9-2-2-ec6d22fafc044be9487b77a13a1b90b6{\nborder-radius:0px 0px 0px 0px;\npadding:0px 0px 0px 0px;\n}\n<\/style>\n<div  class='flex_column av-vtwj9-2-2-ec6d22fafc044be9487b77a13a1b90b6 av_one_half  avia-builder-el-16  el_before_av_one_half  avia-builder-el-first  first flex_column_div av-zero-column-padding'     ><section  class='av_textblock_section av-s1tm5-1-1-e486fb2adfcedf634234145c3bcf5336'   itemscope=\"itemscope\" itemtype=\"https:\/\/schema.org\/CreativeWork\" ><div class='avia_textblock'  itemprop=\"text\" ><p><strong>FRXSH Mousse Chef Dati tecnici\u00a0<\/strong><\/p>\n<hr \/>\n<ul>\n<li><\/li>\n<\/ul>\n<\/div><\/section><\/div>\n<style type=\"text\/css\" data-created_by=\"avia_inline_auto\" id=\"style-css-av-361q5k-b6c108f50e70af8d3ab4806112100c03\">\n.flex_column.av-361q5k-b6c108f50e70af8d3ab4806112100c03{\nborder-radius:0px 0px 0px 0px;\npadding:0px 0px 0px 0px;\n}\n<\/style>\n<div  class='flex_column av-361q5k-b6c108f50e70af8d3ab4806112100c03 av_one_half  avia-builder-el-18  el_after_av_one_half  avia-builder-el-last  flex_column_div av-zero-column-padding'     ><section  class='av_textblock_section av-m70ndm6j-c9c731752d021d3eba41340bdc3e1b9b'   itemscope=\"itemscope\" itemtype=\"https:\/\/schema.org\/CreativeWork\" ><div class='avia_textblock'  itemprop=\"text\" ><p><strong>FRXSH Mousse Chef - Elenco ricambi<\/strong><\/p>\n<hr \/>\n<ul>\n<li><\/li>\n<\/ul>\n<\/div><\/section><\/div><\/p>\n<\/div><\/div><\/div>\n<style type=\"text\/css\" data-created_by=\"avia_inline_auto\" id=\"style-css-av-mp9il-b35d7a41d3ea88e3f1b2b8aed049ee0b\">\n.av-layout-tab.av-mp9il-b35d7a41d3ea88e3f1b2b8aed049ee0b{\nvertical-align:top;\nbackground-color:#1f2326;\n}\n#top .av-tab-section-outer-container.av-1stqvp-51516282b9fd2fc1d12b604b8615f3c4 .av-active-tab-title.av-section-tab-title.av-mp9il-b35d7a41d3ea88e3f1b2b8aed049ee0b{\ncolor:#b02b2c;\n}\n#top .av-tab-section-outer-container.av-1stqvp-51516282b9fd2fc1d12b604b8615f3c4 .av-active-tab-title.av-section-tab-title.av-mp9il-b35d7a41d3ea88e3f1b2b8aed049ee0b .avia-svg-icon svg:first-child{\nfill:#b02b2c;\nstroke:#b02b2c;\n}\n#top .av-tab-section-outer-container.av-1stqvp-51516282b9fd2fc1d12b604b8615f3c4 .av-active-tab-title.av-section-tab-title.av-mp9il-b35d7a41d3ea88e3f1b2b8aed049ee0b .av-tab-arrow-container span{\nbackground-color:#1f2326;\n}\n<\/style>\n<div id='av-tab-section-1-4' class='av-layout-tab av-mp9il-b35d7a41d3ea88e3f1b2b8aed049ee0b av-animation-delay-container  avia-builder-el-20  el_after_av_tab_sub_section  avia-builder-el-last' data-av-deeplink-tabs=\"\" data-av-tab-section-content=\"4\" data-tab-section-id=\"video\"><div class=\"av-layout-tab-inner\"><div class=\"container\">\n<style type=\"text\/css\" data-created_by=\"avia_inline_auto\" id=\"style-css-av-e992l-637614cfa0e4965d39a83668e5a17d6a\">\n.flex_column.av-e992l-637614cfa0e4965d39a83668e5a17d6a{\nborder-radius:0px 0px 0px 0px;\npadding:0px 0px 0px 0px;\n}\n<\/style>\n<div  class='flex_column av-e992l-637614cfa0e4965d39a83668e5a17d6a av_one_full  avia-builder-el-21  avia-builder-el-no-sibling  first flex_column_div av-zero-column-padding'     ><section  class='av_textblock_section av-6yvut-58a45a58358d5072e5e6587351726591'   itemscope=\"itemscope\" itemtype=\"https:\/\/schema.org\/CreativeWork\" ><div class='avia_textblock'  itemprop=\"text\" ><p><strong>FRXSH Mousse Chef Video<\/strong><\/p>\n<hr \/>\n<ul>\n<li><a href=\"https:\/\/www.youtube.com\/watch?v=kGBD6bPGyRE&amp;t=603s\" target=\"_blank\" rel=\"noopener\">Presentazione dell'FRXSH<\/a><\/li>\n<li><a href=\"https:\/\/www.youtube.com\/watch?v=1-GPrGTfefA\" target=\"_blank\" rel=\"noopener\">FRXSH presso Internorga 2025<\/a><\/li>\n<li><a href=\"https:\/\/www.youtube.com\/watch?v=C3e5dvKLg7I\" target=\"_blank\" rel=\"noopener\">FRXSH Chef dell'evento dell'anno 2024<\/a><\/li>\n<li><a href=\"https:\/\/www.youtube.com\/watch?v=FZX0mGfTNeQ\" target=\"_blank\" rel=\"noopener\">FRXSH alla Gast Messe 2024<\/a><\/li>\n<\/ul>\n<div id=\"top-row\" class=\"style-scope ytd-watch-metadata\">\n<div id=\"owner\" class=\"item style-scope ytd-watch-metadata\"><\/div>\n<\/div>\n<\/div><\/section><\/div>\n<\/div><\/div><\/div>\n<\/div><\/div><\/div><\/p>","protected":false},"excerpt":{"rendered":"","protected":false},"author":2,"featured_media":0,"parent":273,"menu_order":0,"comment_status":"closed","ping_status":"closed","template":"","meta":{"_monsterinsights_skip_tracking":false,"_monsterinsights_sitenote_active":false,"_monsterinsights_sitenote_note":"","_monsterinsights_sitenote_category":0,"footnotes":""},"class_list":["post-7016","page","type-page","status-publish","hentry"],"_links":{"self":[{"href":"https:\/\/www.mkab.eu\/it\/wp-json\/wp\/v2\/pages\/7016","targetHints":{"allow":["GET"]}}],"collection":[{"href":"https:\/\/www.mkab.eu\/it\/wp-json\/wp\/v2\/pages"}],"about":[{"href":"https:\/\/www.mkab.eu\/it\/wp-json\/wp\/v2\/types\/page"}],"author":[{"embeddable":true,"href":"https:\/\/www.mkab.eu\/it\/wp-json\/wp\/v2\/users\/2"}],"replies":[{"embeddable":true,"href":"https:\/\/www.mkab.eu\/it\/wp-json\/wp\/v2\/comments?post=7016"}],"version-history":[{"count":34,"href":"https:\/\/www.mkab.eu\/it\/wp-json\/wp\/v2\/pages\/7016\/revisions"}],"predecessor-version":[{"id":8001,"href":"https:\/\/www.mkab.eu\/it\/wp-json\/wp\/v2\/pages\/7016\/revisions\/8001"}],"up":[{"embeddable":true,"href":"https:\/\/www.mkab.eu\/it\/wp-json\/wp\/v2\/pages\/273"}],"wp:attachment":[{"href":"https:\/\/www.mkab.eu\/it\/wp-json\/wp\/v2\/media?parent=7016"}],"curies":[{"name":"wp","href":"https:\/\/api.w.org\/{rel}","templated":true}]}}