{"id":7676,"date":"2025-10-23T08:15:32","date_gmt":"2025-10-23T06:15:32","guid":{"rendered":"https:\/\/www.mkab.eu\/?page_id=7676"},"modified":"2025-12-05T12:41:53","modified_gmt":"2025-12-05T11:41:53","slug":"servizio-e-assistenza","status":"publish","type":"page","link":"https:\/\/www.mkab.eu\/it\/varugrupper\/service-och-support\/","title":{"rendered":"Servizio e assistenza"},"content":{"rendered":"<div id='full_slider_1'  class='avia-fullwidth-slider main_color avia-shadow   avia-builder-el-0  el_before_av_one_full  avia-builder-el-first   container_wrap fullsize'  ><div  class='avia-slideshow av-3ceotx-51b15b7d5f3f4c65a0867acf0310d14b avia-slideshow-no scaling av_slideshow_full avia-fade-slider av-slideshow-ui av-control-hidden av-no-slider-navigation av-hide-nav-arrows av-slideshow-autoplay av-loop-endless av-loop-manual-endless av-default-height-applied   avia-slideshow-1' data-slideshow-options=\"{&quot;animation&quot;:&quot;fade&quot;,&quot;autoplay&quot;:true,&quot;loop_autoplay&quot;:&quot;endless&quot;,&quot;interval&quot;:4,&quot;loop_manual&quot;:&quot;manual-endless&quot;,&quot;autoplay_stopper&quot;:false,&quot;noNavigation&quot;:true,&quot;bg_slider&quot;:false,&quot;keep_padding&quot;:false,&quot;hoverpause&quot;:false,&quot;show_slide_delay&quot;:0}\"  itemprop=\"image\" itemscope=\"itemscope\" itemtype=\"https:\/\/schema.org\/ImageObject\" ><ul class='avia-slideshow-inner' style='padding-bottom: 22.791666666667%;'><li  class='avia-slideshow-slide av-3ceotx-51b15b7d5f3f4c65a0867acf0310d14b__0  av-single-slide slide-1 slide-odd'><div data-rel='slideshow-1' class='avia-slide-wrap'   ><img data-recalc-dims=\"1\" decoding=\"async\" fetchpriority=\"high\" class=\"wp-image-7682 avia-img-lazy-loading-not-7682\"  src=\"https:\/\/i0.wp.com\/www.mkab.eu\/wp-content\/uploads\/2025\/10\/Service_oktober.webp?resize=1500%2C342&#038;ssl=1\" width=\"1500\" height=\"342\" title='Servizio_Ottobre' alt=''  itemprop=\"thumbnailUrl\" srcset=\"https:\/\/i0.wp.com\/www.mkab.eu\/wp-content\/uploads\/2025\/10\/Service_oktober.webp?w=2400&amp;ssl=1 2400w, https:\/\/i0.wp.com\/www.mkab.eu\/wp-content\/uploads\/2025\/10\/Service_oktober.webp?resize=300%2C68&amp;ssl=1 300w, https:\/\/i0.wp.com\/www.mkab.eu\/wp-content\/uploads\/2025\/10\/Service_oktober.webp?resize=1030%2C235&amp;ssl=1 1030w, https:\/\/i0.wp.com\/www.mkab.eu\/wp-content\/uploads\/2025\/10\/Service_oktober.webp?resize=768%2C175&amp;ssl=1 768w, https:\/\/i0.wp.com\/www.mkab.eu\/wp-content\/uploads\/2025\/10\/Service_oktober.webp?resize=1536%2C350&amp;ssl=1 1536w, https:\/\/i0.wp.com\/www.mkab.eu\/wp-content\/uploads\/2025\/10\/Service_oktober.webp?resize=2048%2C467&amp;ssl=1 2048w, https:\/\/i0.wp.com\/www.mkab.eu\/wp-content\/uploads\/2025\/10\/Service_oktober.webp?resize=18%2C4&amp;ssl=1 18w, https:\/\/i0.wp.com\/www.mkab.eu\/wp-content\/uploads\/2025\/10\/Service_oktober.webp?resize=1500%2C342&amp;ssl=1 1500w, https:\/\/i0.wp.com\/www.mkab.eu\/wp-content\/uploads\/2025\/10\/Service_oktober.webp?resize=705%2C161&amp;ssl=1 705w\" sizes=\"(max-width: 1500px) 100vw, 1500px\" \/><\/div><\/li><\/ul><\/div><\/div><div id='after_full_slider_1'  class='main_color av_default_container_wrap container_wrap fullsize'  ><div class='container av-section-cont-open' ><div class='template-page content  av-content-full alpha units'><div class='post-entry post-entry-type-page post-entry-7676'><div class='entry-content-wrapper clearfix'>\n\n<style type=\"text\/css\" data-created_by=\"avia_inline_auto\" id=\"style-css-av-2ur0kl-566a9f2b859a919d0fd69c16a6bfb7c0\">\n.flex_column.av-2ur0kl-566a9f2b859a919d0fd69c16a6bfb7c0{\nborder-radius:0px 0px 0px 0px;\npadding:0px 0px 0px 0px;\n}\n<\/style>\n<div  class='flex_column av-2ur0kl-566a9f2b859a919d0fd69c16a6bfb7c0 av_one_full  avia-builder-el-1  el_after_av_slideshow_full  el_before_av_one_half  avia-builder-el-first  first flex_column_div av-zero-column-padding'     ><section  class='av_textblock_section av-2s77sd-89d8c9a37822197c829acf2c4045278e'   itemscope=\"itemscope\" itemtype=\"https:\/\/schema.org\/CreativeWork\" ><div class='avia_textblock'  itemprop=\"text\" ><h1>Ricambi per prodotti per il catering e la ristorazione<\/h1>\n<\/div><\/section><br \/>\n\n<style type=\"text\/css\" data-created_by=\"avia_inline_auto\" id=\"style-css-av-2jhslx-a5241d355b8b2f4ed76b06d4f331ee7b\">\n#top .hr.av-2jhslx-a5241d355b8b2f4ed76b06d4f331ee7b{\nmargin-top:0px;\nmargin-bottom:0px;\n}\n.hr.av-2jhslx-a5241d355b8b2f4ed76b06d4f331ee7b .hr-inner{\nwidth:100%;\n}\n<\/style>\n<div  class='hr av-2jhslx-a5241d355b8b2f4ed76b06d4f331ee7b hr-custom  avia-builder-el-3  el_after_av_textblock  avia-builder-el-last  hr-center hr-icon-no'><span class='hr-inner inner-border-av-border-thin'><span class=\"hr-inner-style\"><\/span><\/span><\/div><\/p><\/div>\n\n<style type=\"text\/css\" data-created_by=\"avia_inline_auto\" id=\"style-css-av-2cw6lh-fcc4fb64a87cbbef8ab9da6a3131e8aa\">\n#top .flex_column.av-2cw6lh-fcc4fb64a87cbbef8ab9da6a3131e8aa{\nmargin-top:0px;\nmargin-bottom:0px;\n}\n.flex_column.av-2cw6lh-fcc4fb64a87cbbef8ab9da6a3131e8aa{\nborder-radius:0px 0px 0px 0px;\npadding:0px 0px 0px 0px;\n}\n.responsive #top #wrap_all .flex_column.av-2cw6lh-fcc4fb64a87cbbef8ab9da6a3131e8aa{\nmargin-top:0px;\nmargin-bottom:0px;\n}\n<\/style>\n<div  class='flex_column av-2cw6lh-fcc4fb64a87cbbef8ab9da6a3131e8aa av_one_half  avia-builder-el-4  el_after_av_one_full  el_before_av_one_half  first flex_column_div av-zero-column-padding  column-top-margin'     ><section  class='av_textblock_section av-27y3bx-7241bc0db92e3536e7b72dd837fe29a7'   itemscope=\"itemscope\" itemtype=\"https:\/\/schema.org\/CreativeWork\" ><div class='avia_textblock'  itemprop=\"text\" ><h3 data-start=\"863\" data-end=\"1403\">Un partner affidabile dal 1965<\/h3>\n<p data-start=\"863\" data-end=\"1403\">MKAB \u00e8 un importatore e distributore svedese di attrezzature professionali per la ristorazione e il catering. Oltre ai nostri prodotti, disponiamo anche di parti di ricambio e offriamo assistenza tecnica a <a href=\"https:\/\/www.mareno.it\/en\" target=\"_blank\" rel=\"noopener\">Mareno<\/a>, Wery, <a href=\"https:\/\/www.spidocook.com\/en\/\" target=\"_blank\" rel=\"noopener\">Spidocook<\/a>, <a href=\"https:\/\/www.frxsh.com\/\" target=\"_blank\" rel=\"noopener\">FRXSH<\/a>, <a href=\"https:\/\/www.milantoast.com\/en\/home\/\" target=\"_blank\" rel=\"noopener\">Milantoast<\/a>, <a href=\"https:\/\/valentine.ch\/\" target=\"_blank\" rel=\"noopener\">Valentine<\/a>, <a href=\"https:\/\/primaxprofessional.com\/en\/\" target=\"_blank\" rel=\"noopener\">Primax<\/a>, <a href=\"https:\/\/www.convotherm.com\/\" target=\"_blank\" rel=\"noopener\">Convotherm<\/a>, <a href=\"https:\/\/www.inducs.com\/\" target=\"_blank\" rel=\"noopener\">Inducs<\/a>, <a href=\"https:\/\/www.panasonic.com\/uk\/consumer\/professional-cooking.html\" target=\"_blank\" rel=\"noopener\">Panasonic Professionale<\/a>, <a href=\"https:\/\/www.tecnoinox.it\/en\/\" target=\"_blank\" rel=\"noopener\">Technoinox<\/a>, <a href=\"https:\/\/www.alphatech-ali.it\/en\/\" target=\"_blank\" rel=\"noopener\">Alphatech<\/a> e <a href=\"https:\/\/hiber.it\/en\/\" target=\"_blank\" rel=\"noopener\">Hiber<\/a>.<\/p>\n<h3 data-start=\"1405\" data-end=\"1813\">Un'assistenza propria che conosce i nostri prodotti<\/h3>\n<p data-start=\"1405\" data-end=\"1813\">I nostri clienti hanno a disposizione i nostri tecnici ben addestrati, in grado di rispondere rapidamente a domande o problemi. Spesso possiamo risolvere la situazione direttamente per telefono o via e-mail e, se necessario, ci mettiamo in contatto con gli esperti dei rispettivi produttori per trovare insieme la soluzione migliore. Spesso aiutiamo anche direttamente gli utenti finali, ad esempio il personale del ristorante, a risolvere problemi semplici che non richiedono competenze tecniche specifiche. In questo modo riduciamo al minimo i tempi di inattivit\u00e0 e consentiamo alla cucina di tornare rapidamente al lavoro.<\/p>\n<\/div><\/section><\/div>\n<style type=\"text\/css\" data-created_by=\"avia_inline_auto\" id=\"style-css-av-23gpx1-c8130272b50adc71dc7a4681e66dbe5f\">\n#top .flex_column.av-23gpx1-c8130272b50adc71dc7a4681e66dbe5f{\nmargin-top:0px;\nmargin-bottom:0px;\n}\n.flex_column.av-23gpx1-c8130272b50adc71dc7a4681e66dbe5f{\nborder-radius:0px 0px 0px 0px;\npadding:0px 0px 0px 0px;\n}\n.responsive #top #wrap_all .flex_column.av-23gpx1-c8130272b50adc71dc7a4681e66dbe5f{\nmargin-top:0px;\nmargin-bottom:0px;\n}\n<\/style>\n<div  class='flex_column av-23gpx1-c8130272b50adc71dc7a4681e66dbe5f av_one_half  avia-builder-el-6  el_after_av_one_half  avia-builder-el-last  flex_column_div av-zero-column-padding  column-top-margin'     ><section  class='av_textblock_section av-1xidv9-90f983330431cb5b734aaa1c43aab7b2'   itemscope=\"itemscope\" itemtype=\"https:\/\/schema.org\/CreativeWork\" ><div class='avia_textblock'  itemprop=\"text\" ><h3 data-start=\"1405\" data-end=\"1813\">Magazzino proprio, di grandi dimensioni, in Svezia<\/h3>\n<p data-start=\"1815\" data-end=\"1952\">Spediamo sia i prodotti che i ricambi dal nostro magazzino in Svezia. Questo vi consente, in quanto rivenditori, di offrire un livello di servizio molto elevato ai vostri clienti e di pianificare i vostri flussi di lavoro in modo pi\u00f9 efficiente. La nostra soluzione contribuisce a ridurre le interruzioni e a rendere i clienti pi\u00f9 soddisfatti, mentre il rivenditore ottiene un supporto stabile e prevedibile per la propria attivit\u00e0. Questo d\u00e0 a voi e ai vostri clienti un senso di sicurezza che \u00e8 prezioso nella vita di tutti i giorni. Si prega di notare che forniamo parti di ricambio e assistenza tecnica solo per i nostri marchi.<\/p>\n<h3 data-start=\"1815\" data-end=\"1952\">Volete segnalare un reclamo in garanzia?<\/h3>\n<p data-start=\"1815\" data-end=\"1952\">Se avete bisogno di aiuto per risolvere rapidamente una richiesta di garanzia, abbiamo creato un modulo per aiutarvi a fornire le informazioni necessarie per procedere. Ci occuperemo immediatamente del vostro caso. Naturalmente, potete anche chiamarci durante l'orario di ufficio.<\/p>\n<p data-start=\"1815\" data-end=\"1952\"><a href=\"https:\/\/www.mkab.eu\/it\/contatto\/\"><strong>Il modulo \u00e8 disponibile qui.<\/strong><\/a><\/p>\n<\/div><\/section><\/div><\/p>","protected":false},"excerpt":{"rendered":"","protected":false},"author":2,"featured_media":0,"parent":273,"menu_order":0,"comment_status":"closed","ping_status":"closed","template":"","meta":{"_monsterinsights_skip_tracking":false,"_monsterinsights_sitenote_active":false,"_monsterinsights_sitenote_note":"","_monsterinsights_sitenote_category":0,"footnotes":""},"class_list":["post-7676","page","type-page","status-publish","hentry"],"_links":{"self":[{"href":"https:\/\/www.mkab.eu\/it\/wp-json\/wp\/v2\/pages\/7676","targetHints":{"allow":["GET"]}}],"collection":[{"href":"https:\/\/www.mkab.eu\/it\/wp-json\/wp\/v2\/pages"}],"about":[{"href":"https:\/\/www.mkab.eu\/it\/wp-json\/wp\/v2\/types\/page"}],"author":[{"embeddable":true,"href":"https:\/\/www.mkab.eu\/it\/wp-json\/wp\/v2\/users\/2"}],"replies":[{"embeddable":true,"href":"https:\/\/www.mkab.eu\/it\/wp-json\/wp\/v2\/comments?post=7676"}],"version-history":[{"count":17,"href":"https:\/\/www.mkab.eu\/it\/wp-json\/wp\/v2\/pages\/7676\/revisions"}],"predecessor-version":[{"id":7865,"href":"https:\/\/www.mkab.eu\/it\/wp-json\/wp\/v2\/pages\/7676\/revisions\/7865"}],"up":[{"embeddable":true,"href":"https:\/\/www.mkab.eu\/it\/wp-json\/wp\/v2\/pages\/273"}],"wp:attachment":[{"href":"https:\/\/www.mkab.eu\/it\/wp-json\/wp\/v2\/media?parent=7676"}],"curies":[{"name":"wp","href":"https:\/\/api.w.org\/{rel}","templated":true}]}}